{"id":25319,"date":"2024-09-12T09:07:00","date_gmt":"2024-09-12T14:07:00","guid":{"rendered":"https:\/\/test.prueba-12.shop\/?page_id=25319"},"modified":"2025-12-15T16:09:51","modified_gmt":"2025-12-15T21:09:51","slug":"app-olacde-privacy-policy-and-terms-of-use","status":"publish","type":"page","link":"https:\/\/test.prueba-12.shop\/en\/app-olacde-privacy-policy-and-terms-of-use\/","title":{"rendered":"App OLACDE privacy policy and terms of use"},"content":{"rendered":"\t\t<div data-elementor-type=\"wp-page\" data-elementor-id=\"25319\" class=\"elementor elementor-25319\" data-elementor-post-type=\"page\">\n\t\t\t\t\t\t<section class=\"elementor-section elementor-top-section elementor-element elementor-element-3e6f531 elementor-section-boxed elementor-section-height-default elementor-section-height-default\" data-id=\"3e6f531\" data-element_type=\"section\" data-settings=\"{&quot;_ha_eqh_enable&quot;:false}\">\n\t\t\t\t\t\t<div class=\"elementor-container elementor-column-gap-default\">\n\t\t\t\t\t<div class=\"elementor-column elementor-col-100 elementor-top-column elementor-element elementor-element-28c268d\" data-id=\"28c268d\" data-element_type=\"column\">\n\t\t\t<div class=\"elementor-widget-wrap elementor-element-populated\">\n\t\t\t\t\t\t<div class=\"elementor-element elementor-element-e47f23e elementor-widget elementor-widget-heading\" data-id=\"e47f23e\" data-element_type=\"widget\" data-widget_type=\"heading.default\">\n\t\t\t\t<div class=\"elementor-widget-container\">\n\t\t\t<style>\/*! elementor - v3.23.0 - 23-07-2024 *\/\n.elementor-heading-title{padding:0;margin:0;line-height:1}.elementor-widget-heading .elementor-heading-title[class*=elementor-size-]>a{color:inherit;font-size:inherit;line-height:inherit}.elementor-widget-heading .elementor-heading-title.elementor-size-small{font-size:15px}.elementor-widget-heading .elementor-heading-title.elementor-size-medium{font-size:19px}.elementor-widget-heading .elementor-heading-title.elementor-size-large{font-size:29px}.elementor-widget-heading .elementor-heading-title.elementor-size-xl{font-size:39px}.elementor-widget-heading .elementor-heading-title.elementor-size-xxl{font-size:59px}<\/style><h2 class=\"elementor-heading-title elementor-size-default\">PRIVACY POLICY AND TERMS OF USE<\/h2>\t\t<\/div>\n\t\t\t\t<\/div>\n\t\t\t\t\t<\/div>\n\t\t<\/div>\n\t\t\t\t\t<\/div>\n\t\t<\/section>\n\t\t\t\t<section class=\"elementor-section elementor-top-section elementor-element elementor-element-7c7df0a elementor-section-boxed elementor-section-height-default elementor-section-height-default\" data-id=\"7c7df0a\" data-element_type=\"section\" data-settings=\"{&quot;_ha_eqh_enable&quot;:false}\">\n\t\t\t\t\t\t<div class=\"elementor-container elementor-column-gap-default\">\n\t\t\t\t\t<div class=\"elementor-column elementor-col-100 elementor-top-column elementor-element elementor-element-30e2a3f\" data-id=\"30e2a3f\" data-element_type=\"column\">\n\t\t\t<div class=\"elementor-widget-wrap elementor-element-populated\">\n\t\t\t\t\t\t<div class=\"elementor-element elementor-element-a063927 elementor-widget elementor-widget-text-editor\" data-id=\"a063927\" data-element_type=\"widget\" data-widget_type=\"text-editor.default\">\n\t\t\t\t<div class=\"elementor-widget-container\">\n\t\t\t<style>\/*! elementor - v3.23.0 - 23-07-2024 *\/\n.elementor-widget-text-editor.elementor-drop-cap-view-stacked .elementor-drop-cap{background-color:#69727d;color:#fff}.elementor-widget-text-editor.elementor-drop-cap-view-framed .elementor-drop-cap{color:#69727d;border:3px solid;background-color:transparent}.elementor-widget-text-editor:not(.elementor-drop-cap-view-default) .elementor-drop-cap{margin-top:8px}.elementor-widget-text-editor:not(.elementor-drop-cap-view-default) .elementor-drop-cap-letter{width:1em;height:1em}.elementor-widget-text-editor .elementor-drop-cap{float:left;text-align:center;line-height:1;font-size:50px}.elementor-widget-text-editor .elementor-drop-cap-letter{display:inline-block}<\/style>\t\t\t\t<h4>1. INTRODUCTION<\/h4><p>OLACDE is an intergovernmental public body of technical cooperation and advisory constituted on November 2, 1973, through the signing of the Lima Agreement, ratified by 27 countries of Latin America and the Caribbean, with the fundamental objective of fostering integration, development, conservation, rational use, commercialization and defense of the region&#8217;s energy resources.<\/p><p>As an international organization subject to Public International Law, OLACDE is endowed with a permanent institutional framework, integrated by other subjects of Public International Law and regulated for its operation by a set of its own rules established in an autonomous internal regulation.<\/p><p>Energy Statistics &#8211; OLACDE (app) is an application designed to make available to the international community and the general public the official energy statistics provided by its 27 Member States from Latin America and the Caribbean (LAC), in compliance with the institutional objective aimed at &#8220;Promoting technical cooperation, exchange and dissemination of scientific, legal and contractual information among Member States and fostering the development and dissemination of technologies in energy-related activities&#8221;<sup title=\"Literal n) of Article 3 of the Lima Agreement, constitutive treaty of OLACDE signed on November 2, 1973.\">1<\/sup>.<\/p><p>This app has been developed by OLACDE as an agile tool for consulting official energy statistics analyzed and classified as an input for diagnoses on the state of the energy sector in Latin America and the Caribbean.<\/p><p>Access to the Energy Statistics app implies (without reservation) the user&#8217;s acceptance of compliance with the following terms of use.<\/p><h4>2. PRIVACY POLICY<\/h4><p>The Energy Statistics app does not request any personal data from the user, therefore, it does not collect, store or process personal data. In this sense, it is not necessary to establish mechanisms or provisions for the protection of personal data.<\/p><h4>3. TERMS OF USE<\/h4><p>OLACDE allows the free use of the application for the sole purpose of guaranteeing the international community and the general public the visualization and analysis of energy statistics of Latin America and the Caribbean under the following conditions and restrictions:<\/p><p><b>Non-Commercial Use:<\/b>\u00a0The application is intended for non-commercial use, therefore, the sale, rental, duplication and use of the app and its content for profit, entertainment, commercial, advertising or any other action of a nature contrary to the institutional interests of OLACDE and not permitted by the competent authority is not authorized.<\/p><p><b>Prohibitions:<\/b>\u00a0It is strictly forbidden to modify, decompile, reverse engineer, disassemble, attempt to derive the source code of the application, or alter the proper functioning of the application.<\/p><p>The conditions of access and use of this application are strictly governed by the International Treaties that regulate this matter as well as by legality and good faith, understood as fundamental principles of International Law, on the basis of which the user undertakes to maintain a good use of the app and its content; being thus prohibited all acts that violate the legality, rights or interests of both OLACDE and its Member Countries such as data protection rights, intellectual property, etc.<\/p><p>Upon detection of any action that involves improper use of the application or contrary to the permitted informative and investigative purposes, OLACDE will file the corresponding administrative and legal actions.<\/p><h4>4. INTELLECTUAL PROPERTY<\/h4><p>All content available in the Energy Statistics app, including text, graphics, logos, icons, images, and data compilations, are the intellectual property of OLACDE.<\/p><p>The user accepts that to use or refer to the data obtained from the Energy Statistics app, they must cite OLACDE as the generating source of the information.<\/p><h4>5. DISCLAIMER<\/h4><p>The information and data provided by the Energy Statistics app are based on official information obtained from public sources of OLACDE Member States, therefore OLACDE disclaims any responsibility related to the accuracy or timeliness of the data contained in the app.<\/p><p>With this background, OLACDE expressly states the full responsibility of the user in relation to the use they make of the data accessible in the app, which they must do at their own risk and without guarantees, taking the necessary precautions before making decisions based on the information obtained from the app.<\/p><p>OLACDE reiterates that both the application and its content provide data of a purely informative nature that in no case constitute professional advice of any kind or technical, financial, commercial or legal advice. OLACDE is not responsible for any decision or action taken on the basis of the information obtained through the application and does not guarantee that the application is totally free of errors, interruptions, nor that the data is totally accurate, or permanently complete or up to date.<\/p><p>The use of the application is under the risk and responsibility of the user.<\/p><h4>6. MODIFICATIONS TO THE APPLICATION AND TERMS<\/h4><p>OLACDE reserves the right to modify or interrupt, temporarily or permanently, the application in its entirety or any part thereof, with or without prior notice. Likewise, OLACDE may modify this document at any time, making these modifications effective at the time of publication. It is the user&#8217;s responsibility to periodically review the updated terms of use.<\/p><hr \/><p><sup>1<\/sup>Literal n) of Article 3 of the Lima Agreement, constitutive treaty of OLACDE signed on November 2, 1973.<\/p>\t\t\t\t\t\t<\/div>\n\t\t\t\t<\/div>\n\t\t\t\t\t<\/div>\n\t\t<\/div>\n\t\t\t\t\t<\/div>\n\t\t<\/section>\n\t\t\t\t<\/div>\n\t\t","protected":false},"excerpt":{"rendered":"<p>PRIVACY POLICY AND TERMS OF USE 1. INTRODUCTION OLACDE is an intergovernmental public body of technical cooperation and advisory constituted on November 2, 1973, through the signing of the Lima Agreement, ratified by 27 countries of Latin America and the Caribbean, with the fundamental objective of fostering integration, development, conservation, rational use, commercialization and defense [&hellip;]<\/p>\n","protected":false},"author":14,"featured_media":0,"parent":0,"menu_order":0,"comment_status":"closed","ping_status":"closed","template":"template-builder.php","meta":{"_acf_changed":false,"footnotes":""},"class_list":["post-25319","page","type-page","status-publish","hentry"],"acf":[],"yoast_head":"<!-- This site is optimized with the Yoast SEO Premium plugin v23.0 (Yoast SEO v23.1) - https:\/\/yoast.com\/wordpress\/plugins\/seo\/ -->\n<title>App OLACDE privacy policy and terms of use - OLACDE<\/title>\n<meta name=\"robots\" content=\"noindex, follow, max-snippet:-1, max-image-preview:large, max-video-preview:-1\" \/>\n<meta property=\"og:locale\" content=\"en_US\" \/>\n<meta property=\"og:type\" content=\"article\" \/>\n<meta property=\"og:title\" content=\"App OLACDE privacy policy and terms of use\" \/>\n<meta property=\"og:description\" content=\"PRIVACY POLICY AND TERMS OF USE 1. INTRODUCTION OLACDE is an intergovernmental public body of technical cooperation and advisory constituted on November 2, 1973, through the signing of the Lima Agreement, ratified by 27 countries of Latin America and the Caribbean, with the fundamental objective of fostering integration, development, conservation, rational use, commercialization and defense [&hellip;]\" \/>\n<meta property=\"og:url\" content=\"https:\/\/test.prueba-12.shop\/en\/app-olacde-privacy-policy-and-terms-of-use\/\" \/>\n<meta property=\"og:site_name\" content=\"OLACDE\" \/>\n<meta property=\"article:publisher\" content=\"https:\/\/www.facebook.com\/OLADEORG\" \/>\n<meta property=\"article:modified_time\" content=\"2025-12-15T21:09:51+00:00\" \/>\n<meta name=\"twitter:card\" content=\"summary_large_image\" \/>\n<meta name=\"twitter:site\" content=\"@OLADEORG\" \/>\n<meta name=\"twitter:label1\" content=\"Est. reading time\" \/>\n\t<meta name=\"twitter:data1\" content=\"4 minutes\" \/>\n<script type=\"application\/ld+json\" class=\"yoast-schema-graph\">{\"@context\":\"https:\/\/schema.org\",\"@graph\":[{\"@type\":\"WebPage\",\"@id\":\"https:\/\/test.prueba-12.shop\/en\/app-olacde-privacy-policy-and-terms-of-use\/\",\"url\":\"https:\/\/test.prueba-12.shop\/en\/app-olacde-privacy-policy-and-terms-of-use\/\",\"name\":\"App OLACDE privacy policy and terms of use - OLACDE\",\"isPartOf\":{\"@id\":\"https:\/\/test.prueba-12.shop\/en\/#website\"},\"datePublished\":\"2024-09-12T14:07:00+00:00\",\"dateModified\":\"2025-12-15T21:09:51+00:00\",\"breadcrumb\":{\"@id\":\"https:\/\/test.prueba-12.shop\/en\/app-olacde-privacy-policy-and-terms-of-use\/#breadcrumb\"},\"inLanguage\":\"en-US\",\"potentialAction\":[{\"@type\":\"ReadAction\",\"target\":[\"https:\/\/test.prueba-12.shop\/en\/app-olacde-privacy-policy-and-terms-of-use\/\"]}]},{\"@type\":\"BreadcrumbList\",\"@id\":\"https:\/\/test.prueba-12.shop\/en\/app-olacde-privacy-policy-and-terms-of-use\/#breadcrumb\",\"itemListElement\":[{\"@type\":\"ListItem\",\"position\":1,\"name\":\"Home\",\"item\":\"https:\/\/test.prueba-12.shop\/en\/\"},{\"@type\":\"ListItem\",\"position\":2,\"name\":\"App OLACDE privacy policy and terms of use\"}]},{\"@type\":\"WebSite\",\"@id\":\"https:\/\/test.prueba-12.shop\/en\/#website\",\"url\":\"https:\/\/test.prueba-12.shop\/en\/\",\"name\":\"OLADE\",\"description\":\"La Organizaci\u00f3n Latinoamericana y Caribe\u00f1a de Energ\u00eda\",\"publisher\":{\"@id\":\"https:\/\/test.prueba-12.shop\/en\/#organization\"},\"potentialAction\":[{\"@type\":\"SearchAction\",\"target\":{\"@type\":\"EntryPoint\",\"urlTemplate\":\"https:\/\/test.prueba-12.shop\/en\/?s={search_term_string}\"},\"query-input\":\"required name=search_term_string\"}],\"inLanguage\":\"en-US\"},{\"@type\":\"Organization\",\"@id\":\"https:\/\/test.prueba-12.shop\/en\/#organization\",\"name\":\"OLADE\",\"url\":\"https:\/\/test.prueba-12.shop\/en\/\",\"logo\":{\"@type\":\"ImageObject\",\"inLanguage\":\"en-US\",\"@id\":\"https:\/\/test.prueba-12.shop\/en\/#\/schema\/logo\/image\/\",\"url\":\"https:\/\/test.prueba-12.shop\/wp-content\/uploads\/2024\/03\/Logo-OLADE-WEB_Color.png\",\"contentUrl\":\"https:\/\/test.prueba-12.shop\/wp-content\/uploads\/2024\/03\/Logo-OLADE-WEB_Color.png\",\"width\":300,\"height\":132,\"caption\":\"OLADE\"},\"image\":{\"@id\":\"https:\/\/test.prueba-12.shop\/en\/#\/schema\/logo\/image\/\"},\"sameAs\":[\"https:\/\/www.facebook.com\/OLADEORG\",\"https:\/\/x.com\/OLADEORG\",\"https:\/\/www.youtube.com\/user\/oladeorg\",\"https:\/\/www.instagram.com\/oladealc\/\",\"https:\/\/www.linkedin.com\/company\/olade\/\"],\"description\":\"La Organizaci\u00f3n Latinoamericana de Energ\u00eda (OLADE) es un organismo de cooperaci\u00f3n, coordinaci\u00f3n y asesor\u00eda t\u00e9cnica, de car\u00e1cter p\u00fablico intergubernamental, constituido el 2 de noviembre de 1973 mediante la suscripci\u00f3n del Convenio de Lima, ratificado por 27 pa\u00edses de Am\u00e9rica Latina y El Caribe, con el objetivo fundamental de fomentar la integraci\u00f3n, conservaci\u00f3n, racional aprovechamiento, comercializaci\u00f3n y defensa de los recursos energ\u00e9ticos de la Regi\u00f3n.\",\"email\":\"info@test.prueba-12.shop\",\"telephone\":\"+59322598122\",\"legalName\":\"Organizaci\u00f3n Latinoamericana de Energ\u00eda\",\"foundingDate\":\"1973-11-02\",\"numberOfEmployees\":{\"@type\":\"QuantitativeValue\",\"minValue\":\"51\",\"maxValue\":\"200\"}}]}<\/script>\n<!-- \/ Yoast SEO Premium plugin. -->","yoast_head_json":{"title":"App OLACDE privacy policy and terms of use - OLACDE","robots":{"index":"noindex","follow":"follow","max-snippet":"max-snippet:-1","max-image-preview":"max-image-preview:large","max-video-preview":"max-video-preview:-1"},"og_locale":"en_US","og_type":"article","og_title":"App OLACDE privacy policy and terms of use","og_description":"PRIVACY POLICY AND TERMS OF USE 1. INTRODUCTION OLACDE is an intergovernmental public body of technical cooperation and advisory constituted on November 2, 1973, through the signing of the Lima Agreement, ratified by 27 countries of Latin America and the Caribbean, with the fundamental objective of fostering integration, development, conservation, rational use, commercialization and defense [&hellip;]","og_url":"https:\/\/test.prueba-12.shop\/en\/app-olacde-privacy-policy-and-terms-of-use\/","og_site_name":"OLACDE","article_publisher":"https:\/\/www.facebook.com\/OLADEORG","article_modified_time":"2025-12-15T21:09:51+00:00","twitter_card":"summary_large_image","twitter_site":"@OLADEORG","twitter_misc":{"Est. reading time":"4 minutes"},"schema":{"@context":"https:\/\/schema.org","@graph":[{"@type":"WebPage","@id":"https:\/\/test.prueba-12.shop\/en\/app-olacde-privacy-policy-and-terms-of-use\/","url":"https:\/\/test.prueba-12.shop\/en\/app-olacde-privacy-policy-and-terms-of-use\/","name":"App OLACDE privacy policy and terms of use - OLACDE","isPartOf":{"@id":"https:\/\/test.prueba-12.shop\/en\/#website"},"datePublished":"2024-09-12T14:07:00+00:00","dateModified":"2025-12-15T21:09:51+00:00","breadcrumb":{"@id":"https:\/\/test.prueba-12.shop\/en\/app-olacde-privacy-policy-and-terms-of-use\/#breadcrumb"},"inLanguage":"en-US","potentialAction":[{"@type":"ReadAction","target":["https:\/\/test.prueba-12.shop\/en\/app-olacde-privacy-policy-and-terms-of-use\/"]}]},{"@type":"BreadcrumbList","@id":"https:\/\/test.prueba-12.shop\/en\/app-olacde-privacy-policy-and-terms-of-use\/#breadcrumb","itemListElement":[{"@type":"ListItem","position":1,"name":"Home","item":"https:\/\/test.prueba-12.shop\/en\/"},{"@type":"ListItem","position":2,"name":"App OLACDE privacy policy and terms of use"}]},{"@type":"WebSite","@id":"https:\/\/test.prueba-12.shop\/en\/#website","url":"https:\/\/test.prueba-12.shop\/en\/","name":"OLADE","description":"La Organizaci\u00f3n Latinoamericana y Caribe\u00f1a de Energ\u00eda","publisher":{"@id":"https:\/\/test.prueba-12.shop\/en\/#organization"},"potentialAction":[{"@type":"SearchAction","target":{"@type":"EntryPoint","urlTemplate":"https:\/\/test.prueba-12.shop\/en\/?s={search_term_string}"},"query-input":"required name=search_term_string"}],"inLanguage":"en-US"},{"@type":"Organization","@id":"https:\/\/test.prueba-12.shop\/en\/#organization","name":"OLADE","url":"https:\/\/test.prueba-12.shop\/en\/","logo":{"@type":"ImageObject","inLanguage":"en-US","@id":"https:\/\/test.prueba-12.shop\/en\/#\/schema\/logo\/image\/","url":"https:\/\/test.prueba-12.shop\/wp-content\/uploads\/2024\/03\/Logo-OLADE-WEB_Color.png","contentUrl":"https:\/\/test.prueba-12.shop\/wp-content\/uploads\/2024\/03\/Logo-OLADE-WEB_Color.png","width":300,"height":132,"caption":"OLADE"},"image":{"@id":"https:\/\/test.prueba-12.shop\/en\/#\/schema\/logo\/image\/"},"sameAs":["https:\/\/www.facebook.com\/OLADEORG","https:\/\/x.com\/OLADEORG","https:\/\/www.youtube.com\/user\/oladeorg","https:\/\/www.instagram.com\/oladealc\/","https:\/\/www.linkedin.com\/company\/olade\/"],"description":"La Organizaci\u00f3n Latinoamericana de Energ\u00eda (OLADE) es un organismo de cooperaci\u00f3n, coordinaci\u00f3n y asesor\u00eda t\u00e9cnica, de car\u00e1cter p\u00fablico intergubernamental, constituido el 2 de noviembre de 1973 mediante la suscripci\u00f3n del Convenio de Lima, ratificado por 27 pa\u00edses de Am\u00e9rica Latina y El Caribe, con el objetivo fundamental de fomentar la integraci\u00f3n, conservaci\u00f3n, racional aprovechamiento, comercializaci\u00f3n y defensa de los recursos energ\u00e9ticos de la Regi\u00f3n.","email":"info@test.prueba-12.shop","telephone":"+59322598122","legalName":"Organizaci\u00f3n Latinoamericana de Energ\u00eda","foundingDate":"1973-11-02","numberOfEmployees":{"@type":"QuantitativeValue","minValue":"51","maxValue":"200"}}]}},"_links":{"self":[{"href":"https:\/\/test.prueba-12.shop\/en\/wp-json\/wp\/v2\/pages\/25319","targetHints":{"allow":["GET"]}}],"collection":[{"href":"https:\/\/test.prueba-12.shop\/en\/wp-json\/wp\/v2\/pages"}],"about":[{"href":"https:\/\/test.prueba-12.shop\/en\/wp-json\/wp\/v2\/types\/page"}],"author":[{"embeddable":true,"href":"https:\/\/test.prueba-12.shop\/en\/wp-json\/wp\/v2\/users\/14"}],"replies":[{"embeddable":true,"href":"https:\/\/test.prueba-12.shop\/en\/wp-json\/wp\/v2\/comments?post=25319"}],"version-history":[{"count":7,"href":"https:\/\/test.prueba-12.shop\/en\/wp-json\/wp\/v2\/pages\/25319\/revisions"}],"predecessor-version":[{"id":32234,"href":"https:\/\/test.prueba-12.shop\/en\/wp-json\/wp\/v2\/pages\/25319\/revisions\/32234"}],"wp:attachment":[{"href":"https:\/\/test.prueba-12.shop\/en\/wp-json\/wp\/v2\/media?parent=25319"}],"curies":[{"name":"wp","href":"https:\/\/api.w.org\/{rel}","templated":true}]}}