{"id":20602,"date":"2024-04-20T19:53:31","date_gmt":"2024-04-21T00:53:31","guid":{"rendered":"https:\/\/pruebaswww.olade.org\/?page_id=20602"},"modified":"2024-07-31T10:44:27","modified_gmt":"2024-07-31T15:44:27","slug":"oemlac","status":"publish","type":"page","link":"https:\/\/test.prueba-12.shop\/en\/oemlac\/","title":{"rendered":"Methane Emissions Observatory of Latin America and the Caribbean (OEMLAC)"},"content":{"rendered":"<p>El Observatorio de Emisiones de Metano de Am\u00e9rica Latina y el Caribe (OEMLAC) es una iniciativa de la Organizaci\u00f3n Latinoamericana y Caribe\u00f1a de Energ\u00eda (OLACDE) que tiene como objetivo apoyar a los pa\u00edses de la regi\u00f3n en el cumplimiento de sus compromisos de reducci\u00f3n de emisiones de metano.<\/p>\n<p>&nbsp;<\/p>\n<p>El metano (CH4) es un gas de efecto invernadero (GEI) con un potencial de calentamiento global 20 veces superior al di\u00f3xido de carbono (CO2). Es decir, por cada unidad de metano emitida, su impacto en el calentamiento global es 20 veces mayor que el causado por unidad de CO2. La principal fuente de emisiones de metano es la agricultura, seguida por la explotaci\u00f3n de yacimientos de petr\u00f3leo y gas, y su respectiva refinaci\u00f3n y transporte.<\/p>\n<p>&nbsp;<\/p>\n<p>La reducci\u00f3n de las emisiones de metano es una preocupaci\u00f3n central para Am\u00e9rica Latina y el Caribe (ALC), ya que tiene incidencia directa en las pol\u00edticas de descarbonizaci\u00f3n y transici\u00f3n energ\u00e9tica. En reconocimiento a esta problem\u00e1tica y como muestra fehaciente de la voluntad pol\u00edtica para avanzar en la agenda estrat\u00e9gica del metano en la regi\u00f3n, durante la Junta de Ministros de la OLACDE celebrada en diciembre de 2022 en Panam\u00e1, los Ministros instruyeron la creaci\u00f3n del Observatorio de Emisiones de Metano de Am\u00e9rica Latina y el Caribe (OEMLAC).<\/p>\n<p>&nbsp;<\/p>\n<p>Para cumplir con su objetivo el OEMLAC se propone tres l\u00edneas de acci\u00f3n:<\/p>\n<ol>\n<li>Estandarizar la consistencia metodol\u00f3gica en los inventarios nacionales de metano<\/li>\n<li>Establecer una base de datos agregada de emisiones, y<\/li>\n<li>Desarrollar capacidades regionales para gestionar estas emisiones de manera sostenible.<\/li>\n<\/ol>\n","protected":false},"excerpt":{"rendered":"<p>El Observatorio de Emisiones de Metano de Am\u00e9rica Latina y el Caribe (OEMLAC) es una iniciativa de la Organizaci\u00f3n Latinoamericana y Caribe\u00f1a de Energ\u00eda (OLACDE) que tiene como objetivo apoyar a los pa\u00edses de la regi\u00f3n en el cumplimiento de sus compromisos de reducci\u00f3n de emisiones de metano. &nbsp; El metano (CH4) es un gas [&hellip;]<\/p>\n","protected":false},"author":1,"featured_media":0,"parent":0,"menu_order":0,"comment_status":"closed","ping_status":"closed","template":"","meta":{"_acf_changed":false,"footnotes":""},"class_list":["post-20602","page","type-page","status-publish","hentry"],"acf":[],"yoast_head":"<!-- This site is optimized with the Yoast SEO Premium plugin v23.0 (Yoast SEO v23.1) - https:\/\/yoast.com\/wordpress\/plugins\/seo\/ -->\n<title>Methane Emissions Observatory of Latin America and the Caribbean (OEMLAC) - OLACDE<\/title>\n<meta name=\"robots\" content=\"noindex, follow, max-snippet:-1, max-image-preview:large, max-video-preview:-1\" \/>\n<meta property=\"og:locale\" content=\"en_US\" \/>\n<meta property=\"og:type\" content=\"article\" \/>\n<meta property=\"og:title\" content=\"Methane Emissions Observatory of Latin America and the Caribbean (OEMLAC)\" \/>\n<meta property=\"og:description\" content=\"El Observatorio de Emisiones de Metano de Am\u00e9rica Latina y el Caribe (OEMLAC) es una iniciativa de la Organizaci\u00f3n Latinoamericana y Caribe\u00f1a de Energ\u00eda (OLACDE) que tiene como objetivo apoyar a los pa\u00edses de la regi\u00f3n en el cumplimiento de sus compromisos de reducci\u00f3n de emisiones de metano. &nbsp; El metano (CH4) es un gas [&hellip;]\" \/>\n<meta property=\"og:url\" content=\"https:\/\/test.prueba-12.shop\/en\/oemlac\/\" \/>\n<meta property=\"og:site_name\" content=\"OLACDE\" \/>\n<meta property=\"article:publisher\" content=\"https:\/\/www.facebook.com\/OLADEORG\" \/>\n<meta property=\"article:modified_time\" content=\"2024-07-31T15:44:27+00:00\" \/>\n<meta name=\"twitter:card\" content=\"summary_large_image\" \/>\n<meta name=\"twitter:site\" content=\"@OLADEORG\" \/>\n<meta name=\"twitter:label1\" content=\"Est. reading time\" \/>\n\t<meta name=\"twitter:data1\" content=\"2 minutes\" \/>\n<script type=\"application\/ld+json\" class=\"yoast-schema-graph\">{\"@context\":\"https:\/\/schema.org\",\"@graph\":[{\"@type\":\"WebPage\",\"@id\":\"https:\/\/test.prueba-12.shop\/en\/oemlac\/\",\"url\":\"https:\/\/test.prueba-12.shop\/en\/oemlac\/\",\"name\":\"Methane Emissions Observatory of Latin America and the Caribbean (OEMLAC) - OLACDE\",\"isPartOf\":{\"@id\":\"https:\/\/test.prueba-12.shop\/en\/#website\"},\"datePublished\":\"2024-04-21T00:53:31+00:00\",\"dateModified\":\"2024-07-31T15:44:27+00:00\",\"breadcrumb\":{\"@id\":\"https:\/\/test.prueba-12.shop\/en\/oemlac\/#breadcrumb\"},\"inLanguage\":\"en-US\",\"potentialAction\":[{\"@type\":\"ReadAction\",\"target\":[\"https:\/\/test.prueba-12.shop\/en\/oemlac\/\"]}]},{\"@type\":\"BreadcrumbList\",\"@id\":\"https:\/\/test.prueba-12.shop\/en\/oemlac\/#breadcrumb\",\"itemListElement\":[{\"@type\":\"ListItem\",\"position\":1,\"name\":\"Home\",\"item\":\"https:\/\/test.prueba-12.shop\/en\/\"},{\"@type\":\"ListItem\",\"position\":2,\"name\":\"Methane Emissions Observatory of Latin America and the Caribbean (OEMLAC)\"}]},{\"@type\":\"WebSite\",\"@id\":\"https:\/\/test.prueba-12.shop\/en\/#website\",\"url\":\"https:\/\/test.prueba-12.shop\/en\/\",\"name\":\"OLADE\",\"description\":\"La Organizaci\u00f3n Latinoamericana y Caribe\u00f1a de Energ\u00eda\",\"publisher\":{\"@id\":\"https:\/\/test.prueba-12.shop\/en\/#organization\"},\"potentialAction\":[{\"@type\":\"SearchAction\",\"target\":{\"@type\":\"EntryPoint\",\"urlTemplate\":\"https:\/\/test.prueba-12.shop\/en\/?s={search_term_string}\"},\"query-input\":\"required name=search_term_string\"}],\"inLanguage\":\"en-US\"},{\"@type\":\"Organization\",\"@id\":\"https:\/\/test.prueba-12.shop\/en\/#organization\",\"name\":\"OLADE\",\"url\":\"https:\/\/test.prueba-12.shop\/en\/\",\"logo\":{\"@type\":\"ImageObject\",\"inLanguage\":\"en-US\",\"@id\":\"https:\/\/test.prueba-12.shop\/en\/#\/schema\/logo\/image\/\",\"url\":\"https:\/\/test.prueba-12.shop\/wp-content\/uploads\/2024\/03\/Logo-OLADE-WEB_Color.png\",\"contentUrl\":\"https:\/\/test.prueba-12.shop\/wp-content\/uploads\/2024\/03\/Logo-OLADE-WEB_Color.png\",\"width\":300,\"height\":132,\"caption\":\"OLADE\"},\"image\":{\"@id\":\"https:\/\/test.prueba-12.shop\/en\/#\/schema\/logo\/image\/\"},\"sameAs\":[\"https:\/\/www.facebook.com\/OLADEORG\",\"https:\/\/x.com\/OLADEORG\",\"https:\/\/www.youtube.com\/user\/oladeorg\",\"https:\/\/www.instagram.com\/oladealc\/\",\"https:\/\/www.linkedin.com\/company\/olade\/\"],\"description\":\"La Organizaci\u00f3n Latinoamericana de Energ\u00eda (OLADE) es un organismo de cooperaci\u00f3n, coordinaci\u00f3n y asesor\u00eda t\u00e9cnica, de car\u00e1cter p\u00fablico intergubernamental, constituido el 2 de noviembre de 1973 mediante la suscripci\u00f3n del Convenio de Lima, ratificado por 27 pa\u00edses de Am\u00e9rica Latina y El Caribe, con el objetivo fundamental de fomentar la integraci\u00f3n, conservaci\u00f3n, racional aprovechamiento, comercializaci\u00f3n y defensa de los recursos energ\u00e9ticos de la Regi\u00f3n.\",\"email\":\"info@test.prueba-12.shop\",\"telephone\":\"+59322598122\",\"legalName\":\"Organizaci\u00f3n Latinoamericana de Energ\u00eda\",\"foundingDate\":\"1973-11-02\",\"numberOfEmployees\":{\"@type\":\"QuantitativeValue\",\"minValue\":\"51\",\"maxValue\":\"200\"}}]}<\/script>\n<!-- \/ Yoast SEO Premium plugin. -->","yoast_head_json":{"title":"Methane Emissions Observatory of Latin America and the Caribbean (OEMLAC) - OLACDE","robots":{"index":"noindex","follow":"follow","max-snippet":"max-snippet:-1","max-image-preview":"max-image-preview:large","max-video-preview":"max-video-preview:-1"},"og_locale":"en_US","og_type":"article","og_title":"Methane Emissions Observatory of Latin America and the Caribbean (OEMLAC)","og_description":"El Observatorio de Emisiones de Metano de Am\u00e9rica Latina y el Caribe (OEMLAC) es una iniciativa de la Organizaci\u00f3n Latinoamericana y Caribe\u00f1a de Energ\u00eda (OLACDE) que tiene como objetivo apoyar a los pa\u00edses de la regi\u00f3n en el cumplimiento de sus compromisos de reducci\u00f3n de emisiones de metano. &nbsp; El metano (CH4) es un gas [&hellip;]","og_url":"https:\/\/test.prueba-12.shop\/en\/oemlac\/","og_site_name":"OLACDE","article_publisher":"https:\/\/www.facebook.com\/OLADEORG","article_modified_time":"2024-07-31T15:44:27+00:00","twitter_card":"summary_large_image","twitter_site":"@OLADEORG","twitter_misc":{"Est. reading time":"2 minutes"},"schema":{"@context":"https:\/\/schema.org","@graph":[{"@type":"WebPage","@id":"https:\/\/test.prueba-12.shop\/en\/oemlac\/","url":"https:\/\/test.prueba-12.shop\/en\/oemlac\/","name":"Methane Emissions Observatory of Latin America and the Caribbean (OEMLAC) - OLACDE","isPartOf":{"@id":"https:\/\/test.prueba-12.shop\/en\/#website"},"datePublished":"2024-04-21T00:53:31+00:00","dateModified":"2024-07-31T15:44:27+00:00","breadcrumb":{"@id":"https:\/\/test.prueba-12.shop\/en\/oemlac\/#breadcrumb"},"inLanguage":"en-US","potentialAction":[{"@type":"ReadAction","target":["https:\/\/test.prueba-12.shop\/en\/oemlac\/"]}]},{"@type":"BreadcrumbList","@id":"https:\/\/test.prueba-12.shop\/en\/oemlac\/#breadcrumb","itemListElement":[{"@type":"ListItem","position":1,"name":"Home","item":"https:\/\/test.prueba-12.shop\/en\/"},{"@type":"ListItem","position":2,"name":"Methane Emissions Observatory of Latin America and the Caribbean (OEMLAC)"}]},{"@type":"WebSite","@id":"https:\/\/test.prueba-12.shop\/en\/#website","url":"https:\/\/test.prueba-12.shop\/en\/","name":"OLADE","description":"La Organizaci\u00f3n Latinoamericana y Caribe\u00f1a de Energ\u00eda","publisher":{"@id":"https:\/\/test.prueba-12.shop\/en\/#organization"},"potentialAction":[{"@type":"SearchAction","target":{"@type":"EntryPoint","urlTemplate":"https:\/\/test.prueba-12.shop\/en\/?s={search_term_string}"},"query-input":"required name=search_term_string"}],"inLanguage":"en-US"},{"@type":"Organization","@id":"https:\/\/test.prueba-12.shop\/en\/#organization","name":"OLADE","url":"https:\/\/test.prueba-12.shop\/en\/","logo":{"@type":"ImageObject","inLanguage":"en-US","@id":"https:\/\/test.prueba-12.shop\/en\/#\/schema\/logo\/image\/","url":"https:\/\/test.prueba-12.shop\/wp-content\/uploads\/2024\/03\/Logo-OLADE-WEB_Color.png","contentUrl":"https:\/\/test.prueba-12.shop\/wp-content\/uploads\/2024\/03\/Logo-OLADE-WEB_Color.png","width":300,"height":132,"caption":"OLADE"},"image":{"@id":"https:\/\/test.prueba-12.shop\/en\/#\/schema\/logo\/image\/"},"sameAs":["https:\/\/www.facebook.com\/OLADEORG","https:\/\/x.com\/OLADEORG","https:\/\/www.youtube.com\/user\/oladeorg","https:\/\/www.instagram.com\/oladealc\/","https:\/\/www.linkedin.com\/company\/olade\/"],"description":"La Organizaci\u00f3n Latinoamericana de Energ\u00eda (OLADE) es un organismo de cooperaci\u00f3n, coordinaci\u00f3n y asesor\u00eda t\u00e9cnica, de car\u00e1cter p\u00fablico intergubernamental, constituido el 2 de noviembre de 1973 mediante la suscripci\u00f3n del Convenio de Lima, ratificado por 27 pa\u00edses de Am\u00e9rica Latina y El Caribe, con el objetivo fundamental de fomentar la integraci\u00f3n, conservaci\u00f3n, racional aprovechamiento, comercializaci\u00f3n y defensa de los recursos energ\u00e9ticos de la Regi\u00f3n.","email":"info@test.prueba-12.shop","telephone":"+59322598122","legalName":"Organizaci\u00f3n Latinoamericana de Energ\u00eda","foundingDate":"1973-11-02","numberOfEmployees":{"@type":"QuantitativeValue","minValue":"51","maxValue":"200"}}]}},"_links":{"self":[{"href":"https:\/\/test.prueba-12.shop\/en\/wp-json\/wp\/v2\/pages\/20602","targetHints":{"allow":["GET"]}}],"collection":[{"href":"https:\/\/test.prueba-12.shop\/en\/wp-json\/wp\/v2\/pages"}],"about":[{"href":"https:\/\/test.prueba-12.shop\/en\/wp-json\/wp\/v2\/types\/page"}],"author":[{"embeddable":true,"href":"https:\/\/test.prueba-12.shop\/en\/wp-json\/wp\/v2\/users\/1"}],"replies":[{"embeddable":true,"href":"https:\/\/test.prueba-12.shop\/en\/wp-json\/wp\/v2\/comments?post=20602"}],"version-history":[{"count":2,"href":"https:\/\/test.prueba-12.shop\/en\/wp-json\/wp\/v2\/pages\/20602\/revisions"}],"predecessor-version":[{"id":24056,"href":"https:\/\/test.prueba-12.shop\/en\/wp-json\/wp\/v2\/pages\/20602\/revisions\/24056"}],"wp:attachment":[{"href":"https:\/\/test.prueba-12.shop\/en\/wp-json\/wp\/v2\/media?parent=20602"}],"curies":[{"name":"wp","href":"https:\/\/api.w.org\/{rel}","templated":true}]}}