{"id":17866,"date":"2023-04-14T10:50:51","date_gmt":"2023-04-14T15:50:51","guid":{"rendered":"https:\/\/test.prueba-12.shop\/ministerial-decisions\/"},"modified":"2023-04-21T11:16:38","modified_gmt":"2023-04-21T16:16:38","slug":"ministerial-decisions","status":"publish","type":"page","link":"https:\/\/test.prueba-12.shop\/en\/ministerial-decisions\/","title":{"rendered":"Ministerial Decisions 2022"},"content":{"rendered":"<div class=\"wpb-content-wrapper\"><p>[vc_row][vc_column width=&#8221;2\/3&#8243;][vc_column_text]<strong>LII \/D \/ 561<\/strong><\/p>\n<p><strong>GENDER AND ENERGY <\/strong><\/p>\n<ul>\n<li style=\"list-style-type: none;\">\n<ul>\n \t&#8211;\tIncorporate a gender perspective in all OLACDE activities<br \/>\n&#8211;\tCapacity building in a transformative approach<br \/>\n&#8211;\tProvide technical assistance to Member Countries<br \/>\n&#8211;\tDevelopment of studies focused on identifying barriers \u2013 gaps<br \/>\n&#8211;\tSpaces for dissemination of good practices &#8211; experiences<br \/>\n&#8211;\tEstablish a gender commission in OLACDE<br \/>\n[\/vc_column_text][\/vc_column][vc_column width=&#8221;1\/3&#8243;][vc_empty_space height=&#8221;150px&#8221;][vc_icon icon_fontawesome=&#8221;far fa-file-pdf&#8221; color=&#8221;juicy_pink&#8221; size=&#8221;xl&#8221; link=&#8221;url:https%3A%2F%2Fwww.OLACDE.org%2Fwp-content%2Fuploads%2F2023%2F04%2FLII-D-561-GENERO-Y-ENERGIA.pdf|title:Descargar|target:_blank&#8221;][\/vc_column][\/vc_row][vc_row][vc_column width=&#8221;2\/3&#8243;][vc_column_text]<strong>LII \/ D\/ 562<\/strong><\/p>\n<p><strong>CRITICAL MINERALS FOR ENERGY TRANSITIONS<\/strong><\/p>\n<ul>\n<li style=\"list-style-type: none;\">\n<ul>\n \t&#8211;\tInitiate the study and analysis on the situation of critical minerals necessary for energy transitions.<br \/>\n&#8211;\tUrge Member Countries to provide appropriate support, collection and submission of information<br \/>\n&#8211;\tDeepen relations with the International Energy Agency (IEA) and other agencies on the issue of critical minerals for energy transitions.<br \/>\n&#8211;\tProvide ministerial support to the Permanent Secretariat of OLACDE for the development and implementation of actions aimed at deepening the entire value chain.<br \/>\n[\/vc_column_text][\/vc_column][vc_column width=&#8221;1\/3&#8243;][vc_empty_space height=&#8221;150px&#8221;][vc_icon icon_fontawesome=&#8221;far fa-file-pdf&#8221; color=&#8221;juicy_pink&#8221; size=&#8221;xl&#8221; link=&#8221;url:https%3A%2F%2Fwww.OLACDE.org%2Fwp-content%2Fuploads%2F2023%2F04%2FLII-D-562-MINERALES-CRITICOS.pdf|title:Descargar|target:_blank&#8221;][\/vc_column][\/vc_row][vc_row][vc_column width=&#8221;2\/3&#8243;][vc_column_text]<strong>LII\/D\/563<\/strong><\/p>\n<p><strong>CREATION OF THE LATIN AMERICAN METHANE EMISSIONS OBSERVATORY (OEMLAC) <\/strong><\/p>\n<ul>\n<li style=\"list-style-type: none;\">\n<ul>\n \t&#8211;\tMaterialize the OEMLAC observatory<br \/>\n&#8211;\tTechnical support to Member Countries for the definition of roadmaps and reduction commitments<br \/>\n&#8211;\tTechnical support to Member Countries in the design and formalization of public policy<br \/>\n&#8211;\tDesign and operation of reporting and verification mechanisms<br \/>\n&#8211;\tSupport to oil companies and other related state-owned companies<br \/>\n&#8211;\tMethodology standardization<br \/>\n&#8211;\tAccess to financing<br \/>\n&#8211;\tEstablish a relationship with the International Methane Emissions Observatory<br \/>\n&#8211;\tUrge Member Countries to provide support in this regard and to send information<br \/>\n&#8211;\tIdentification of financial resources<br \/>\n[\/vc_column_text][\/vc_column][vc_column width=&#8221;1\/3&#8243;][vc_empty_space height=&#8221;150px&#8221;][vc_icon icon_fontawesome=&#8221;far fa-file-pdf&#8221; color=&#8221;juicy_pink&#8221; size=&#8221;xl&#8221; link=&#8221;url:https%3A%2F%2Fwww.OLACDE.org%2Fwp-content%2Fuploads%2F2023%2F04%2FLII-D-563-METANO.pdf|title:Descargar|target:_blank&#8221;][\/vc_column][\/vc_row][vc_row][vc_column width=&#8221;2\/3&#8243;][vc_column_text]<strong>LII\/D\/564<\/strong><\/p>\n<p><strong>VULNERABILITY OF LATIN AMERICA AND THE CARIBBEAN DUE TO THE IMPACTS OF THE GLOBAL ENERGY CRISIS <\/strong><\/p>\n<ul>\n<li style=\"list-style-type: none;\">\n<ul>\n \t&#8211;\tIdentify and propose actions to minimize the impact of fuel price volatility on economies.<br \/>\n&#8211;\tVoice of the region in international forums<br \/>\n[\/vc_column_text][\/vc_column][vc_column width=&#8221;1\/3&#8243;][vc_empty_space height=&#8221;90px&#8221;][vc_icon icon_fontawesome=&#8221;far fa-file-pdf&#8221; color=&#8221;juicy_pink&#8221; size=&#8221;xl&#8221; link=&#8221;url:https%3A%2F%2Fwww.OLACDE.org%2Fwp-content%2Fuploads%2F2023%2F04%2FLII-D-564-VULNERABILIDAD.pdf|title:Descargar|target:_blank&#8221;][\/vc_column][\/vc_row][vc_row][vc_column width=&#8221;2\/3&#8243;][vc_column_text]<strong>LII\/D\/565<\/strong><\/p>\n<p><strong>WORLD SUSTAINABLE ENERGY DAY<\/strong><\/p>\n<ul>\n<li style=\"list-style-type: none;\">\n<ul>\n \t&#8211;\tSupport the proposal to declare September 24 as World Sustainable Energy Day<br \/>\n[\/vc_column_text][\/vc_column][vc_column width=&#8221;1\/3&#8243;][vc_empty_space height=&#8221;70px&#8221;][vc_icon icon_fontawesome=&#8221;far fa-file-pdf&#8221; color=&#8221;juicy_pink&#8221; size=&#8221;xl&#8221; link=&#8221;url:https%3A%2F%2Fwww.OLACDE.org%2Fwp-content%2Fuploads%2F2023%2F04%2FLII-D-565-DIA-MUNDIAL-ENERGIA-SOSTENIBLE.pdf|title:Descargar|target:_blank&#8221;][\/vc_column][\/vc_row][vc_row][vc_column width=&#8221;2\/3&#8243;][vc_column_text]<strong>LII \/D \/566<\/strong><\/p>\n<p><strong>ENERGY INTEGRATION IN LATIN AMERICA AND THE CARIBBEAN<\/strong><\/p>\n<ul>\n<li style=\"list-style-type: none;\">\n<ul>\n \t&#8211;\tPromote integration actions, mainly through renewable energies<br \/>\n&#8211;\tTo support Member Countries in the creation of a regional regulatory framework<br \/>\n&#8211;\tPromote distributed generation systems<br \/>\n&#8211;\tDevelopment of studies and projects for the identification and management of barriers related to non-conventional renewable energies in the matrix within the context of integration.<br \/>\n&#8211;\tSpaces for dissemination of good practices<br \/>\n&#8211;\tTechnical and financial resources for pilots.<br \/>\n[\/vc_column_text][\/vc_column][vc_column width=&#8221;1\/3&#8243;][vc_empty_space height=&#8221;150px&#8221;][vc_icon icon_fontawesome=&#8221;far fa-file-pdf&#8221; color=&#8221;juicy_pink&#8221; size=&#8221;xl&#8221; link=&#8221;url:https%3A%2F%2Fwww.OLACDE.org%2Fwp-content%2Fuploads%2F2023%2F04%2FLII-D-566-INTEGRACION-LAC.pdf|title:Descargar|target:_blank&#8221;][\/vc_column][\/vc_row]<\/p>\n<\/div>","protected":false},"excerpt":{"rendered":"<p>[vc_row][vc_column width=&#8221;2\/3&#8243;][vc_column_text]LII \/D \/ 561 GENDER AND ENERGY &#8211; Incorporate a gender perspective in all OLACDE activities &#8211; Capacity building in a transformative approach &#8211; Provide technical assistance to Member Countries &#8211; Development of studies focused on identifying barriers \u2013 gaps &#8211; Spaces for dissemination of good practices &#8211; experiences &#8211; Establish a gender commission [&hellip;]<\/p>\n","protected":false},"author":14,"featured_media":0,"parent":0,"menu_order":0,"comment_status":"closed","ping_status":"closed","template":"","meta":{"_acf_changed":false,"footnotes":""},"class_list":["post-17866","page","type-page","status-publish","hentry"],"acf":[],"yoast_head":"<!-- This site is optimized with the Yoast SEO Premium plugin v23.0 (Yoast SEO v23.1) - https:\/\/yoast.com\/wordpress\/plugins\/seo\/ -->\n<title>Ministerial Decisions 2022 - OLACDE<\/title>\n<meta name=\"robots\" content=\"noindex, follow, max-snippet:-1, max-image-preview:large, max-video-preview:-1\" \/>\n<meta property=\"og:locale\" content=\"en_US\" \/>\n<meta property=\"og:type\" content=\"article\" \/>\n<meta property=\"og:title\" content=\"Ministerial Decisions 2022\" \/>\n<meta property=\"og:description\" content=\"[vc_row][vc_column width=&#8221;2\/3&#8243;][vc_column_text]LII \/D \/ 561 GENDER AND ENERGY &#8211; Incorporate a gender perspective in all OLACDE activities &#8211; Capacity building in a transformative approach &#8211; Provide technical assistance to Member Countries &#8211; Development of studies focused on identifying barriers \u2013 gaps &#8211; Spaces for dissemination of good practices &#8211; experiences &#8211; Establish a gender commission [&hellip;]\" \/>\n<meta property=\"og:url\" content=\"https:\/\/test.prueba-12.shop\/en\/ministerial-decisions\/\" \/>\n<meta property=\"og:site_name\" content=\"OLACDE\" \/>\n<meta property=\"article:publisher\" content=\"https:\/\/www.facebook.com\/OLADEORG\" \/>\n<meta property=\"article:modified_time\" content=\"2023-04-21T16:16:38+00:00\" \/>\n<meta name=\"twitter:card\" content=\"summary_large_image\" \/>\n<meta name=\"twitter:site\" content=\"@OLADEORG\" \/>\n<meta name=\"twitter:label1\" content=\"Est. reading time\" \/>\n\t<meta name=\"twitter:data1\" content=\"3 minutes\" \/>\n<script type=\"application\/ld+json\" class=\"yoast-schema-graph\">{\"@context\":\"https:\/\/schema.org\",\"@graph\":[{\"@type\":\"WebPage\",\"@id\":\"https:\/\/test.prueba-12.shop\/en\/ministerial-decisions\/\",\"url\":\"https:\/\/test.prueba-12.shop\/en\/ministerial-decisions\/\",\"name\":\"Ministerial Decisions 2022 - OLACDE\",\"isPartOf\":{\"@id\":\"https:\/\/test.prueba-12.shop\/en\/#website\"},\"datePublished\":\"2023-04-14T15:50:51+00:00\",\"dateModified\":\"2023-04-21T16:16:38+00:00\",\"breadcrumb\":{\"@id\":\"https:\/\/test.prueba-12.shop\/en\/ministerial-decisions\/#breadcrumb\"},\"inLanguage\":\"en-US\",\"potentialAction\":[{\"@type\":\"ReadAction\",\"target\":[\"https:\/\/test.prueba-12.shop\/en\/ministerial-decisions\/\"]}]},{\"@type\":\"BreadcrumbList\",\"@id\":\"https:\/\/test.prueba-12.shop\/en\/ministerial-decisions\/#breadcrumb\",\"itemListElement\":[{\"@type\":\"ListItem\",\"position\":1,\"name\":\"Home\",\"item\":\"https:\/\/test.prueba-12.shop\/en\/\"},{\"@type\":\"ListItem\",\"position\":2,\"name\":\"Ministerial Decisions 2022\"}]},{\"@type\":\"WebSite\",\"@id\":\"https:\/\/test.prueba-12.shop\/en\/#website\",\"url\":\"https:\/\/test.prueba-12.shop\/en\/\",\"name\":\"OLADE\",\"description\":\"La Organizaci\u00f3n Latinoamericana y Caribe\u00f1a de Energ\u00eda\",\"publisher\":{\"@id\":\"https:\/\/test.prueba-12.shop\/en\/#organization\"},\"potentialAction\":[{\"@type\":\"SearchAction\",\"target\":{\"@type\":\"EntryPoint\",\"urlTemplate\":\"https:\/\/test.prueba-12.shop\/en\/?s={search_term_string}\"},\"query-input\":\"required name=search_term_string\"}],\"inLanguage\":\"en-US\"},{\"@type\":\"Organization\",\"@id\":\"https:\/\/test.prueba-12.shop\/en\/#organization\",\"name\":\"OLADE\",\"url\":\"https:\/\/test.prueba-12.shop\/en\/\",\"logo\":{\"@type\":\"ImageObject\",\"inLanguage\":\"en-US\",\"@id\":\"https:\/\/test.prueba-12.shop\/en\/#\/schema\/logo\/image\/\",\"url\":\"https:\/\/test.prueba-12.shop\/wp-content\/uploads\/2024\/03\/Logo-OLADE-WEB_Color.png\",\"contentUrl\":\"https:\/\/test.prueba-12.shop\/wp-content\/uploads\/2024\/03\/Logo-OLADE-WEB_Color.png\",\"width\":300,\"height\":132,\"caption\":\"OLADE\"},\"image\":{\"@id\":\"https:\/\/test.prueba-12.shop\/en\/#\/schema\/logo\/image\/\"},\"sameAs\":[\"https:\/\/www.facebook.com\/OLADEORG\",\"https:\/\/x.com\/OLADEORG\",\"https:\/\/www.youtube.com\/user\/oladeorg\",\"https:\/\/www.instagram.com\/oladealc\/\",\"https:\/\/www.linkedin.com\/company\/olade\/\"],\"description\":\"La Organizaci\u00f3n Latinoamericana de Energ\u00eda (OLADE) es un organismo de cooperaci\u00f3n, coordinaci\u00f3n y asesor\u00eda t\u00e9cnica, de car\u00e1cter p\u00fablico intergubernamental, constituido el 2 de noviembre de 1973 mediante la suscripci\u00f3n del Convenio de Lima, ratificado por 27 pa\u00edses de Am\u00e9rica Latina y El Caribe, con el objetivo fundamental de fomentar la integraci\u00f3n, conservaci\u00f3n, racional aprovechamiento, comercializaci\u00f3n y defensa de los recursos energ\u00e9ticos de la Regi\u00f3n.\",\"email\":\"info@test.prueba-12.shop\",\"telephone\":\"+59322598122\",\"legalName\":\"Organizaci\u00f3n Latinoamericana de Energ\u00eda\",\"foundingDate\":\"1973-11-02\",\"numberOfEmployees\":{\"@type\":\"QuantitativeValue\",\"minValue\":\"51\",\"maxValue\":\"200\"}}]}<\/script>\n<!-- \/ Yoast SEO Premium plugin. -->","yoast_head_json":{"title":"Ministerial Decisions 2022 - OLACDE","robots":{"index":"noindex","follow":"follow","max-snippet":"max-snippet:-1","max-image-preview":"max-image-preview:large","max-video-preview":"max-video-preview:-1"},"og_locale":"en_US","og_type":"article","og_title":"Ministerial Decisions 2022","og_description":"[vc_row][vc_column width=&#8221;2\/3&#8243;][vc_column_text]LII \/D \/ 561 GENDER AND ENERGY &#8211; Incorporate a gender perspective in all OLACDE activities &#8211; Capacity building in a transformative approach &#8211; Provide technical assistance to Member Countries &#8211; Development of studies focused on identifying barriers \u2013 gaps &#8211; Spaces for dissemination of good practices &#8211; experiences &#8211; Establish a gender commission [&hellip;]","og_url":"https:\/\/test.prueba-12.shop\/en\/ministerial-decisions\/","og_site_name":"OLACDE","article_publisher":"https:\/\/www.facebook.com\/OLADEORG","article_modified_time":"2023-04-21T16:16:38+00:00","twitter_card":"summary_large_image","twitter_site":"@OLADEORG","twitter_misc":{"Est. reading time":"3 minutes"},"schema":{"@context":"https:\/\/schema.org","@graph":[{"@type":"WebPage","@id":"https:\/\/test.prueba-12.shop\/en\/ministerial-decisions\/","url":"https:\/\/test.prueba-12.shop\/en\/ministerial-decisions\/","name":"Ministerial Decisions 2022 - OLACDE","isPartOf":{"@id":"https:\/\/test.prueba-12.shop\/en\/#website"},"datePublished":"2023-04-14T15:50:51+00:00","dateModified":"2023-04-21T16:16:38+00:00","breadcrumb":{"@id":"https:\/\/test.prueba-12.shop\/en\/ministerial-decisions\/#breadcrumb"},"inLanguage":"en-US","potentialAction":[{"@type":"ReadAction","target":["https:\/\/test.prueba-12.shop\/en\/ministerial-decisions\/"]}]},{"@type":"BreadcrumbList","@id":"https:\/\/test.prueba-12.shop\/en\/ministerial-decisions\/#breadcrumb","itemListElement":[{"@type":"ListItem","position":1,"name":"Home","item":"https:\/\/test.prueba-12.shop\/en\/"},{"@type":"ListItem","position":2,"name":"Ministerial Decisions 2022"}]},{"@type":"WebSite","@id":"https:\/\/test.prueba-12.shop\/en\/#website","url":"https:\/\/test.prueba-12.shop\/en\/","name":"OLADE","description":"La Organizaci\u00f3n Latinoamericana y Caribe\u00f1a de Energ\u00eda","publisher":{"@id":"https:\/\/test.prueba-12.shop\/en\/#organization"},"potentialAction":[{"@type":"SearchAction","target":{"@type":"EntryPoint","urlTemplate":"https:\/\/test.prueba-12.shop\/en\/?s={search_term_string}"},"query-input":"required name=search_term_string"}],"inLanguage":"en-US"},{"@type":"Organization","@id":"https:\/\/test.prueba-12.shop\/en\/#organization","name":"OLADE","url":"https:\/\/test.prueba-12.shop\/en\/","logo":{"@type":"ImageObject","inLanguage":"en-US","@id":"https:\/\/test.prueba-12.shop\/en\/#\/schema\/logo\/image\/","url":"https:\/\/test.prueba-12.shop\/wp-content\/uploads\/2024\/03\/Logo-OLADE-WEB_Color.png","contentUrl":"https:\/\/test.prueba-12.shop\/wp-content\/uploads\/2024\/03\/Logo-OLADE-WEB_Color.png","width":300,"height":132,"caption":"OLADE"},"image":{"@id":"https:\/\/test.prueba-12.shop\/en\/#\/schema\/logo\/image\/"},"sameAs":["https:\/\/www.facebook.com\/OLADEORG","https:\/\/x.com\/OLADEORG","https:\/\/www.youtube.com\/user\/oladeorg","https:\/\/www.instagram.com\/oladealc\/","https:\/\/www.linkedin.com\/company\/olade\/"],"description":"La Organizaci\u00f3n Latinoamericana de Energ\u00eda (OLADE) es un organismo de cooperaci\u00f3n, coordinaci\u00f3n y asesor\u00eda t\u00e9cnica, de car\u00e1cter p\u00fablico intergubernamental, constituido el 2 de noviembre de 1973 mediante la suscripci\u00f3n del Convenio de Lima, ratificado por 27 pa\u00edses de Am\u00e9rica Latina y El Caribe, con el objetivo fundamental de fomentar la integraci\u00f3n, conservaci\u00f3n, racional aprovechamiento, comercializaci\u00f3n y defensa de los recursos energ\u00e9ticos de la Regi\u00f3n.","email":"info@test.prueba-12.shop","telephone":"+59322598122","legalName":"Organizaci\u00f3n Latinoamericana de Energ\u00eda","foundingDate":"1973-11-02","numberOfEmployees":{"@type":"QuantitativeValue","minValue":"51","maxValue":"200"}}]}},"_links":{"self":[{"href":"https:\/\/test.prueba-12.shop\/en\/wp-json\/wp\/v2\/pages\/17866","targetHints":{"allow":["GET"]}}],"collection":[{"href":"https:\/\/test.prueba-12.shop\/en\/wp-json\/wp\/v2\/pages"}],"about":[{"href":"https:\/\/test.prueba-12.shop\/en\/wp-json\/wp\/v2\/types\/page"}],"author":[{"embeddable":true,"href":"https:\/\/test.prueba-12.shop\/en\/wp-json\/wp\/v2\/users\/14"}],"replies":[{"embeddable":true,"href":"https:\/\/test.prueba-12.shop\/en\/wp-json\/wp\/v2\/comments?post=17866"}],"version-history":[{"count":15,"href":"https:\/\/test.prueba-12.shop\/en\/wp-json\/wp\/v2\/pages\/17866\/revisions"}],"predecessor-version":[{"id":17967,"href":"https:\/\/test.prueba-12.shop\/en\/wp-json\/wp\/v2\/pages\/17866\/revisions\/17967"}],"wp:attachment":[{"href":"https:\/\/test.prueba-12.shop\/en\/wp-json\/wp\/v2\/media?parent=17866"}],"curies":[{"name":"wp","href":"https:\/\/api.w.org\/{rel}","templated":true}]}}