{"id":14824,"date":"2021-10-14T10:38:38","date_gmt":"2021-10-14T15:38:38","guid":{"rendered":"https:\/\/test.prueba-12.shop\/?page_id=14824"},"modified":"2025-12-15T16:15:28","modified_gmt":"2025-12-15T21:15:28","slug":"olacde-app","status":"publish","type":"page","link":"https:\/\/test.prueba-12.shop\/en\/olacde-app\/","title":{"rendered":"OLACDE App"},"content":{"rendered":"<div class=\"wpb-content-wrapper\"><p>[vc_row][vc_column width=&#8221;2\/3&#8243; css=&#8221;.vc_custom_1590721314499{background-color: #f4f4f4 !important;}&#8221;][vc_custom_heading text=&#8221;What is it?&#8221; font_container=&#8221;tag:h3|text_align:left&#8221; google_fonts=&#8221;font_family:Oxygen%3A300%2Cregular%2C700|font_style:700%20bold%20regular%3A700%3Anormal&#8221;][vc_column_text]<img decoding=\"async\" class=\"alignleft wp-image-11299 size-medium\" src=\"https:\/\/www.OLACDE.org\/wp-content\/uploads\/2021\/10\/logo_OLACDE_en_300x119.png\" alt=\"\" width=\"300\" height=\"119\" \/><\/p>\n<p>The Latin American and Caribbean Energy Organization (OLACDE) is pleased to present the application for Energy Statistics of Latin America and the Caribbean. A technological and innovative tool that contains the most relevant energy information of the 27 OLACDE Member countries. Just a click away on your mobile device.<\/p>\n<p>&nbsp;<\/p>\n<p>It is an agile application for consulting national and regional energy information, which facilitates quick access to relevant and comparative figures.<\/p>\n<p>&nbsp;<\/p>\n<p>The OLACDE APP presents information on the most relevant general demographic, economic and energy characteristics, as well as data on energy supply and demand, electricity generation, installed generation capacity, proven reserves of fossil fuels, Sankey diagrams of the energy balance, and socioeconomic-energy and environmental indicators.<\/p>\n<p>&nbsp;<\/p>\n<p>The information provided by the application is presented dynamically through graphs and tables of data corresponding to the last 10 years.<\/p>\n<p>&nbsp;<\/p>\n<p>This initiative is part of the &#8220;Program for Strengthening Energy Management and Dissemination for Sustainable Development in Latin America and the Caribbean&#8221;. This project is financially supported by the Inter-American Development Bank.<\/p>\n<p>&nbsp;<\/p>\n<p>The application is available to public and private companies in the energy sector, national and international organizations, universities, researchers, students, the media and the general public.<\/p>\n<p>&nbsp;<\/p>\n<p>OLACDE in its constant interest to innovate its channels of consultation and dissemination of statistical energy information, invites you to interact and download this application through different virtual stores, and interact in this innovative tool that is a reference material for consultation at the service of the energy sector in Latin America and the Caribbean.<\/p>\n<p>&nbsp;<\/p>\n<p>[\/vc_column_text][vc_btn title=&#8221;TERMS AND CONDITIONS&#8221; color=&#8221;primary&#8221; align=&#8221;center&#8221; css=&#8221;&#8221; link=&#8221;url:https%3A%2F%2Fwww.OLADE.org%2Fen%2Fapp-OLACDE-privacy-policy-and-terms-of-use%2F|title:TERMS%20AND%20CONDITIONS|target:_blank&#8221;][vc_row_inner][vc_column_inner width=&#8221;1\/2&#8243;][vc_single_image image=&#8221;14948&#8243; img_size=&#8221;large&#8221; alignment=&#8221;center&#8221; onclick=&#8221;custom_link&#8221; img_link_target=&#8221;_blank&#8221; link=&#8221;https:\/\/apps.apple.com\/us\/app\/OLACDE\/id1588913532&#8243;][\/vc_column_inner][vc_column_inner width=&#8221;1\/2&#8243;][vc_single_image image=&#8221;14950&#8243; img_size=&#8221;large&#8221; alignment=&#8221;center&#8221; onclick=&#8221;custom_link&#8221; img_link_target=&#8221;_blank&#8221; link=&#8221;https:\/\/play.google.com\/store\/apps\/details?id=org.OLACDE.app_OLACDE.app_OLACDE&#8221;][\/vc_column_inner][\/vc_row_inner][\/vc_column][vc_column width=&#8221;1\/3&#8243;][vc_single_image image=&#8221;14828&#8243; img_size=&#8221;full&#8221;][\/vc_column][\/vc_row]<\/p>\n<\/div>","protected":false},"excerpt":{"rendered":"<p>[vc_row][vc_column width=&#8221;2\/3&#8243; css=&#8221;.vc_custom_1590721314499{background-color: #f4f4f4 !important;}&#8221;][vc_custom_heading text=&#8221;What is it?&#8221; font_container=&#8221;tag:h3|text_align:left&#8221; google_fonts=&#8221;font_family:Oxygen%3A300%2Cregular%2C700|font_style:700%20bold%20regular%3A700%3Anormal&#8221;][vc_column_text] The Latin American and Caribbean Energy Organization (OLACDE) is pleased to present the application for Energy Statistics of Latin America and the Caribbean. A technological and innovative tool that contains the most relevant energy information of the 27 OLACDE Member countries. Just a click away [&hellip;]<\/p>\n","protected":false},"author":14,"featured_media":0,"parent":0,"menu_order":0,"comment_status":"closed","ping_status":"closed","template":"","meta":{"_acf_changed":false,"footnotes":""},"class_list":["post-14824","page","type-page","status-publish","hentry"],"acf":[],"yoast_head":"<!-- This site is optimized with the Yoast SEO Premium plugin v23.0 (Yoast SEO v23.1) - https:\/\/yoast.com\/wordpress\/plugins\/seo\/ -->\n<title>OLACDE App - OLACDE<\/title>\n<meta name=\"robots\" content=\"noindex, follow, max-snippet:-1, max-image-preview:large, max-video-preview:-1\" \/>\n<meta property=\"og:locale\" content=\"en_US\" \/>\n<meta property=\"og:type\" content=\"article\" \/>\n<meta property=\"og:title\" content=\"OLACDE App\" \/>\n<meta property=\"og:description\" content=\"[vc_row][vc_column width=&#8221;2\/3&#8243; css=&#8221;.vc_custom_1590721314499{background-color: #f4f4f4 !important;}&#8221;][vc_custom_heading text=&#8221;What is it?&#8221; font_container=&#8221;tag:h3|text_align:left&#8221; google_fonts=&#8221;font_family:Oxygen%3A300%2Cregular%2C700|font_style:700%20bold%20regular%3A700%3Anormal&#8221;][vc_column_text] The Latin American and Caribbean Energy Organization (OLACDE) is pleased to present the application for Energy Statistics of Latin America and the Caribbean. A technological and innovative tool that contains the most relevant energy information of the 27 OLACDE Member countries. Just a click away [&hellip;]\" \/>\n<meta property=\"og:url\" content=\"https:\/\/test.prueba-12.shop\/en\/olacde-app\/\" \/>\n<meta property=\"og:site_name\" content=\"OLACDE\" \/>\n<meta property=\"article:publisher\" content=\"https:\/\/www.facebook.com\/OLADEORG\" \/>\n<meta property=\"article:modified_time\" content=\"2025-12-15T21:15:28+00:00\" \/>\n<meta property=\"og:image\" content=\"https:\/\/www.OLACDE.org\/wp-content\/uploads\/2021\/10\/logo_OLACDE_en_300x119.png\" \/>\n<meta name=\"twitter:card\" content=\"summary_large_image\" \/>\n<meta name=\"twitter:site\" content=\"@OLADEORG\" \/>\n<meta name=\"twitter:label1\" content=\"Est. reading time\" \/>\n\t<meta name=\"twitter:data1\" content=\"3 minutes\" \/>\n<script type=\"application\/ld+json\" class=\"yoast-schema-graph\">{\"@context\":\"https:\/\/schema.org\",\"@graph\":[{\"@type\":\"WebPage\",\"@id\":\"https:\/\/test.prueba-12.shop\/en\/olacde-app\/\",\"url\":\"https:\/\/test.prueba-12.shop\/en\/olacde-app\/\",\"name\":\"OLACDE App - OLACDE\",\"isPartOf\":{\"@id\":\"https:\/\/test.prueba-12.shop\/en\/#website\"},\"primaryImageOfPage\":{\"@id\":\"https:\/\/test.prueba-12.shop\/en\/olacde-app\/#primaryimage\"},\"image\":{\"@id\":\"https:\/\/test.prueba-12.shop\/en\/olacde-app\/#primaryimage\"},\"thumbnailUrl\":\"https:\/\/www.OLACDE.org\/wp-content\/uploads\/2021\/10\/logo_OLACDE_en_300x119.png\",\"datePublished\":\"2021-10-14T15:38:38+00:00\",\"dateModified\":\"2025-12-15T21:15:28+00:00\",\"breadcrumb\":{\"@id\":\"https:\/\/test.prueba-12.shop\/en\/olacde-app\/#breadcrumb\"},\"inLanguage\":\"en-US\",\"potentialAction\":[{\"@type\":\"ReadAction\",\"target\":[\"https:\/\/test.prueba-12.shop\/en\/olacde-app\/\"]}]},{\"@type\":\"ImageObject\",\"inLanguage\":\"en-US\",\"@id\":\"https:\/\/test.prueba-12.shop\/en\/olacde-app\/#primaryimage\",\"url\":\"https:\/\/www.OLACDE.org\/wp-content\/uploads\/2021\/10\/logo_OLACDE_en_300x119.png\",\"contentUrl\":\"https:\/\/www.OLACDE.org\/wp-content\/uploads\/2021\/10\/logo_OLACDE_en_300x119.png\"},{\"@type\":\"BreadcrumbList\",\"@id\":\"https:\/\/test.prueba-12.shop\/en\/olacde-app\/#breadcrumb\",\"itemListElement\":[{\"@type\":\"ListItem\",\"position\":1,\"name\":\"Home\",\"item\":\"https:\/\/test.prueba-12.shop\/en\/\"},{\"@type\":\"ListItem\",\"position\":2,\"name\":\"OLACDE App\"}]},{\"@type\":\"WebSite\",\"@id\":\"https:\/\/test.prueba-12.shop\/en\/#website\",\"url\":\"https:\/\/test.prueba-12.shop\/en\/\",\"name\":\"OLADE\",\"description\":\"La Organizaci\u00f3n Latinoamericana y Caribe\u00f1a de Energ\u00eda\",\"publisher\":{\"@id\":\"https:\/\/test.prueba-12.shop\/en\/#organization\"},\"potentialAction\":[{\"@type\":\"SearchAction\",\"target\":{\"@type\":\"EntryPoint\",\"urlTemplate\":\"https:\/\/test.prueba-12.shop\/en\/?s={search_term_string}\"},\"query-input\":\"required name=search_term_string\"}],\"inLanguage\":\"en-US\"},{\"@type\":\"Organization\",\"@id\":\"https:\/\/test.prueba-12.shop\/en\/#organization\",\"name\":\"OLADE\",\"url\":\"https:\/\/test.prueba-12.shop\/en\/\",\"logo\":{\"@type\":\"ImageObject\",\"inLanguage\":\"en-US\",\"@id\":\"https:\/\/test.prueba-12.shop\/en\/#\/schema\/logo\/image\/\",\"url\":\"https:\/\/test.prueba-12.shop\/wp-content\/uploads\/2024\/03\/Logo-OLADE-WEB_Color.png\",\"contentUrl\":\"https:\/\/test.prueba-12.shop\/wp-content\/uploads\/2024\/03\/Logo-OLADE-WEB_Color.png\",\"width\":300,\"height\":132,\"caption\":\"OLADE\"},\"image\":{\"@id\":\"https:\/\/test.prueba-12.shop\/en\/#\/schema\/logo\/image\/\"},\"sameAs\":[\"https:\/\/www.facebook.com\/OLADEORG\",\"https:\/\/x.com\/OLADEORG\",\"https:\/\/www.youtube.com\/user\/oladeorg\",\"https:\/\/www.instagram.com\/oladealc\/\",\"https:\/\/www.linkedin.com\/company\/olade\/\"],\"description\":\"La Organizaci\u00f3n Latinoamericana de Energ\u00eda (OLADE) es un organismo de cooperaci\u00f3n, coordinaci\u00f3n y asesor\u00eda t\u00e9cnica, de car\u00e1cter p\u00fablico intergubernamental, constituido el 2 de noviembre de 1973 mediante la suscripci\u00f3n del Convenio de Lima, ratificado por 27 pa\u00edses de Am\u00e9rica Latina y El Caribe, con el objetivo fundamental de fomentar la integraci\u00f3n, conservaci\u00f3n, racional aprovechamiento, comercializaci\u00f3n y defensa de los recursos energ\u00e9ticos de la Regi\u00f3n.\",\"email\":\"info@test.prueba-12.shop\",\"telephone\":\"+59322598122\",\"legalName\":\"Organizaci\u00f3n Latinoamericana de Energ\u00eda\",\"foundingDate\":\"1973-11-02\",\"numberOfEmployees\":{\"@type\":\"QuantitativeValue\",\"minValue\":\"51\",\"maxValue\":\"200\"}}]}<\/script>\n<!-- \/ Yoast SEO Premium plugin. -->","yoast_head_json":{"title":"OLACDE App - OLACDE","robots":{"index":"noindex","follow":"follow","max-snippet":"max-snippet:-1","max-image-preview":"max-image-preview:large","max-video-preview":"max-video-preview:-1"},"og_locale":"en_US","og_type":"article","og_title":"OLACDE App","og_description":"[vc_row][vc_column width=&#8221;2\/3&#8243; css=&#8221;.vc_custom_1590721314499{background-color: #f4f4f4 !important;}&#8221;][vc_custom_heading text=&#8221;What is it?&#8221; font_container=&#8221;tag:h3|text_align:left&#8221; google_fonts=&#8221;font_family:Oxygen%3A300%2Cregular%2C700|font_style:700%20bold%20regular%3A700%3Anormal&#8221;][vc_column_text] The Latin American and Caribbean Energy Organization (OLACDE) is pleased to present the application for Energy Statistics of Latin America and the Caribbean. A technological and innovative tool that contains the most relevant energy information of the 27 OLACDE Member countries. Just a click away [&hellip;]","og_url":"https:\/\/test.prueba-12.shop\/en\/olacde-app\/","og_site_name":"OLACDE","article_publisher":"https:\/\/www.facebook.com\/OLADEORG","article_modified_time":"2025-12-15T21:15:28+00:00","og_image":[{"url":"https:\/\/www.OLACDE.org\/wp-content\/uploads\/2021\/10\/logo_OLACDE_en_300x119.png"}],"twitter_card":"summary_large_image","twitter_site":"@OLADEORG","twitter_misc":{"Est. reading time":"3 minutes"},"schema":{"@context":"https:\/\/schema.org","@graph":[{"@type":"WebPage","@id":"https:\/\/test.prueba-12.shop\/en\/olacde-app\/","url":"https:\/\/test.prueba-12.shop\/en\/olacde-app\/","name":"OLACDE App - OLACDE","isPartOf":{"@id":"https:\/\/test.prueba-12.shop\/en\/#website"},"primaryImageOfPage":{"@id":"https:\/\/test.prueba-12.shop\/en\/olacde-app\/#primaryimage"},"image":{"@id":"https:\/\/test.prueba-12.shop\/en\/olacde-app\/#primaryimage"},"thumbnailUrl":"https:\/\/www.OLACDE.org\/wp-content\/uploads\/2021\/10\/logo_OLACDE_en_300x119.png","datePublished":"2021-10-14T15:38:38+00:00","dateModified":"2025-12-15T21:15:28+00:00","breadcrumb":{"@id":"https:\/\/test.prueba-12.shop\/en\/olacde-app\/#breadcrumb"},"inLanguage":"en-US","potentialAction":[{"@type":"ReadAction","target":["https:\/\/test.prueba-12.shop\/en\/olacde-app\/"]}]},{"@type":"ImageObject","inLanguage":"en-US","@id":"https:\/\/test.prueba-12.shop\/en\/olacde-app\/#primaryimage","url":"https:\/\/www.OLACDE.org\/wp-content\/uploads\/2021\/10\/logo_OLACDE_en_300x119.png","contentUrl":"https:\/\/www.OLACDE.org\/wp-content\/uploads\/2021\/10\/logo_OLACDE_en_300x119.png"},{"@type":"BreadcrumbList","@id":"https:\/\/test.prueba-12.shop\/en\/olacde-app\/#breadcrumb","itemListElement":[{"@type":"ListItem","position":1,"name":"Home","item":"https:\/\/test.prueba-12.shop\/en\/"},{"@type":"ListItem","position":2,"name":"OLACDE App"}]},{"@type":"WebSite","@id":"https:\/\/test.prueba-12.shop\/en\/#website","url":"https:\/\/test.prueba-12.shop\/en\/","name":"OLADE","description":"La Organizaci\u00f3n Latinoamericana y Caribe\u00f1a de Energ\u00eda","publisher":{"@id":"https:\/\/test.prueba-12.shop\/en\/#organization"},"potentialAction":[{"@type":"SearchAction","target":{"@type":"EntryPoint","urlTemplate":"https:\/\/test.prueba-12.shop\/en\/?s={search_term_string}"},"query-input":"required name=search_term_string"}],"inLanguage":"en-US"},{"@type":"Organization","@id":"https:\/\/test.prueba-12.shop\/en\/#organization","name":"OLADE","url":"https:\/\/test.prueba-12.shop\/en\/","logo":{"@type":"ImageObject","inLanguage":"en-US","@id":"https:\/\/test.prueba-12.shop\/en\/#\/schema\/logo\/image\/","url":"https:\/\/test.prueba-12.shop\/wp-content\/uploads\/2024\/03\/Logo-OLADE-WEB_Color.png","contentUrl":"https:\/\/test.prueba-12.shop\/wp-content\/uploads\/2024\/03\/Logo-OLADE-WEB_Color.png","width":300,"height":132,"caption":"OLADE"},"image":{"@id":"https:\/\/test.prueba-12.shop\/en\/#\/schema\/logo\/image\/"},"sameAs":["https:\/\/www.facebook.com\/OLADEORG","https:\/\/x.com\/OLADEORG","https:\/\/www.youtube.com\/user\/oladeorg","https:\/\/www.instagram.com\/oladealc\/","https:\/\/www.linkedin.com\/company\/olade\/"],"description":"La Organizaci\u00f3n Latinoamericana de Energ\u00eda (OLADE) es un organismo de cooperaci\u00f3n, coordinaci\u00f3n y asesor\u00eda t\u00e9cnica, de car\u00e1cter p\u00fablico intergubernamental, constituido el 2 de noviembre de 1973 mediante la suscripci\u00f3n del Convenio de Lima, ratificado por 27 pa\u00edses de Am\u00e9rica Latina y El Caribe, con el objetivo fundamental de fomentar la integraci\u00f3n, conservaci\u00f3n, racional aprovechamiento, comercializaci\u00f3n y defensa de los recursos energ\u00e9ticos de la Regi\u00f3n.","email":"info@test.prueba-12.shop","telephone":"+59322598122","legalName":"Organizaci\u00f3n Latinoamericana de Energ\u00eda","foundingDate":"1973-11-02","numberOfEmployees":{"@type":"QuantitativeValue","minValue":"51","maxValue":"200"}}]}},"_links":{"self":[{"href":"https:\/\/test.prueba-12.shop\/en\/wp-json\/wp\/v2\/pages\/14824","targetHints":{"allow":["GET"]}}],"collection":[{"href":"https:\/\/test.prueba-12.shop\/en\/wp-json\/wp\/v2\/pages"}],"about":[{"href":"https:\/\/test.prueba-12.shop\/en\/wp-json\/wp\/v2\/types\/page"}],"author":[{"embeddable":true,"href":"https:\/\/test.prueba-12.shop\/en\/wp-json\/wp\/v2\/users\/14"}],"replies":[{"embeddable":true,"href":"https:\/\/test.prueba-12.shop\/en\/wp-json\/wp\/v2\/comments?post=14824"}],"version-history":[{"count":9,"href":"https:\/\/test.prueba-12.shop\/en\/wp-json\/wp\/v2\/pages\/14824\/revisions"}],"predecessor-version":[{"id":32240,"href":"https:\/\/test.prueba-12.shop\/en\/wp-json\/wp\/v2\/pages\/14824\/revisions\/32240"}],"wp:attachment":[{"href":"https:\/\/test.prueba-12.shop\/en\/wp-json\/wp\/v2\/media?parent=14824"}],"curies":[{"name":"wp","href":"https:\/\/api.w.org\/{rel}","templated":true}]}}