{"id":14701,"date":"2020-07-30T13:25:58","date_gmt":"2020-07-30T18:25:58","guid":{"rendered":"https:\/\/test.prueba-12.shop\/?page_id=14701"},"modified":"2025-05-29T08:58:57","modified_gmt":"2025-05-29T13:58:57","slug":"current-hirings","status":"publish","type":"page","link":"https:\/\/test.prueba-12.shop\/en\/current-hirings\/","title":{"rendered":"Current Hirings"},"content":{"rendered":"<div class=\"wpb-content-wrapper\"><p>[vc_row][vc_column][vc_custom_heading text=&#8221;OLACDE Hirings&#8221; font_container=&#8221;tag:h1|text_align:center&#8221; google_fonts=&#8221;font_family:Lato%3A100%2C100italic%2C300%2C300italic%2Cregular%2Citalic%2C700%2C700italic%2C900%2C900italic|font_style:900%20bold%20regular%3A900%3Anormal&#8221;][vc_empty_space][\/vc_column][\/vc_row][vc_row][vc_column css_animation=&#8221;none&#8221; width=&#8221;1\/4&#8243;][vc_empty_space height=&#8221;50px&#8221;][vc_icon type=&#8221;openiconic&#8221; icon_openiconic=&#8221;vc-oi vc-oi-down-circle&#8221; color=&#8221;juicy_pink&#8221; size=&#8221;xl&#8221; align=&#8221;center&#8221; css=&#8221;&#8221;][vc_btn title=&#8221;Download&#8221; color=&#8221;primary&#8221; align=&#8221;center&#8221; css=&#8221;&#8221; link=&#8221;url:http%3A%2F%2Fwww.OLACDE.org%2Fwp-content%2Fuploads%2F2025%2F05%2FAUDIT-CALL-2025.pdf|target:_blank&#8221;][\/vc_column][vc_column width=&#8221;3\/4&#8243;][vc_custom_heading text=&#8221;RULES AND CONDITIONS FOR THE PRESENTATION OF AUDIT SERVICES OFFERS OF THE FINANCIAL STATEMENTS OF OLACDE CORRESPONDING TO THE FISCAL YEAR 2025&#8243; font_container=&#8221;tag:h4|text_align:left&#8221; google_fonts=&#8221;font_family:Lato%3A100%2C100italic%2C300%2C300italic%2Cregular%2Citalic%2C700%2C700italic%2C900%2C900italic|font_style:700%20bold%20regular%3A700%3Anormal&#8221; css=&#8221;&#8221;][vc_column_text css=&#8221;&#8221;]<strong>Type:<\/strong> Professional auditing services<br \/>\n<strong>Deadline: <\/strong>June 12, 2025<br \/>\n<strong>Duration<\/strong>: 1 month<br \/>\n<strong>Responsible:<\/strong> Administration, Finance and Shared Services Directorate<br \/>\n<strong>Reception of proposals: <\/strong><a href=\"mailto:auditoria.financiera@OLACDE.org\">auditoria.financiera@OLACDE.org<\/a><br \/>\n<strong>Publication date<\/strong>: May 29, 2025<strong>\u00a0<\/strong>[\/vc_column_text][vc_btn title=&#8221;Download PDF in Portuguese&#8221; color=&#8221;primary&#8221; align=&#8221;center&#8221; css=&#8221;&#8221; link=&#8221;url:http%3A%2F%2Fwww.OLACDE.org%2Fwp-content%2Fuploads%2F2025%2F05%2FBASES-E-CONDICOES.pdf|target:_blank&#8221;][\/vc_column][\/vc_row]<\/p>\n<\/div>","protected":false},"excerpt":{"rendered":"<p>[vc_row][vc_column][vc_custom_heading text=&#8221;OLACDE Hirings&#8221; font_container=&#8221;tag:h1|text_align:center&#8221; google_fonts=&#8221;font_family:Lato%3A100%2C100italic%2C300%2C300italic%2Cregular%2Citalic%2C700%2C700italic%2C900%2C900italic|font_style:900%20bold%20regular%3A900%3Anormal&#8221;][vc_empty_space][\/vc_column][\/vc_row][vc_row][vc_column css_animation=&#8221;none&#8221; width=&#8221;1\/4&#8243;][vc_empty_space height=&#8221;50px&#8221;][vc_icon type=&#8221;openiconic&#8221; icon_openiconic=&#8221;vc-oi vc-oi-down-circle&#8221; color=&#8221;juicy_pink&#8221; size=&#8221;xl&#8221; align=&#8221;center&#8221; css=&#8221;&#8221;][vc_btn title=&#8221;Download&#8221; color=&#8221;primary&#8221; align=&#8221;center&#8221; css=&#8221;&#8221; link=&#8221;url:http%3A%2F%2Fwww.OLACDE.org%2Fwp-content%2Fuploads%2F2025%2F05%2FAUDIT-CALL-2025.pdf|target:_blank&#8221;][\/vc_column][vc_column width=&#8221;3\/4&#8243;][vc_custom_heading text=&#8221;RULES AND CONDITIONS FOR THE PRESENTATION OF AUDIT SERVICES OFFERS OF THE FINANCIAL STATEMENTS OF OLACDE CORRESPONDING TO THE FISCAL YEAR 2025&#8243; font_container=&#8221;tag:h4|text_align:left&#8221; google_fonts=&#8221;font_family:Lato%3A100%2C100italic%2C300%2C300italic%2Cregular%2Citalic%2C700%2C700italic%2C900%2C900italic|font_style:700%20bold%20regular%3A700%3Anormal&#8221; css=&#8221;&#8221;][vc_column_text css=&#8221;&#8221;]Type: Professional auditing services Deadline: June 12, 2025 Duration: [&hellip;]<\/p>\n","protected":false},"author":14,"featured_media":0,"parent":0,"menu_order":0,"comment_status":"closed","ping_status":"closed","template":"","meta":{"_acf_changed":false,"footnotes":""},"class_list":["post-14701","page","type-page","status-publish","hentry"],"acf":[],"yoast_head":"<!-- This site is optimized with the Yoast SEO Premium plugin v23.0 (Yoast SEO v23.1) - https:\/\/yoast.com\/wordpress\/plugins\/seo\/ -->\n<title>Current Hirings - OLACDE<\/title>\n<meta name=\"robots\" content=\"noindex, follow, max-snippet:-1, max-image-preview:large, max-video-preview:-1\" \/>\n<meta property=\"og:locale\" content=\"en_US\" \/>\n<meta property=\"og:type\" content=\"article\" \/>\n<meta property=\"og:title\" content=\"Current Hirings\" \/>\n<meta property=\"og:description\" content=\"[vc_row][vc_column][vc_custom_heading text=&#8221;OLACDE Hirings&#8221; font_container=&#8221;tag:h1|text_align:center&#8221; google_fonts=&#8221;font_family:Lato%3A100%2C100italic%2C300%2C300italic%2Cregular%2Citalic%2C700%2C700italic%2C900%2C900italic|font_style:900%20bold%20regular%3A900%3Anormal&#8221;][vc_empty_space][\/vc_column][\/vc_row][vc_row][vc_column css_animation=&#8221;none&#8221; width=&#8221;1\/4&#8243;][vc_empty_space height=&#8221;50px&#8221;][vc_icon type=&#8221;openiconic&#8221; icon_openiconic=&#8221;vc-oi vc-oi-down-circle&#8221; color=&#8221;juicy_pink&#8221; size=&#8221;xl&#8221; align=&#8221;center&#8221; css=&#8221;&#8221;][vc_btn title=&#8221;Download&#8221; color=&#8221;primary&#8221; align=&#8221;center&#8221; css=&#8221;&#8221; link=&#8221;url:http%3A%2F%2Fwww.OLACDE.org%2Fwp-content%2Fuploads%2F2025%2F05%2FAUDIT-CALL-2025.pdf|target:_blank&#8221;][\/vc_column][vc_column width=&#8221;3\/4&#8243;][vc_custom_heading text=&#8221;RULES AND CONDITIONS FOR THE PRESENTATION OF AUDIT SERVICES OFFERS OF THE FINANCIAL STATEMENTS OF OLACDE CORRESPONDING TO THE FISCAL YEAR 2025&#8243; font_container=&#8221;tag:h4|text_align:left&#8221; google_fonts=&#8221;font_family:Lato%3A100%2C100italic%2C300%2C300italic%2Cregular%2Citalic%2C700%2C700italic%2C900%2C900italic|font_style:700%20bold%20regular%3A700%3Anormal&#8221; css=&#8221;&#8221;][vc_column_text css=&#8221;&#8221;]Type: Professional auditing services Deadline: June 12, 2025 Duration: [&hellip;]\" \/>\n<meta property=\"og:url\" content=\"https:\/\/test.prueba-12.shop\/en\/current-hirings\/\" \/>\n<meta property=\"og:site_name\" content=\"OLACDE\" \/>\n<meta property=\"article:publisher\" content=\"https:\/\/www.facebook.com\/OLADEORG\" \/>\n<meta property=\"article:modified_time\" content=\"2025-05-29T13:58:57+00:00\" \/>\n<meta name=\"twitter:card\" content=\"summary_large_image\" \/>\n<meta name=\"twitter:site\" content=\"@OLADEORG\" \/>\n<meta name=\"twitter:label1\" content=\"Est. reading time\" \/>\n\t<meta name=\"twitter:data1\" content=\"1 minute\" \/>\n<script type=\"application\/ld+json\" class=\"yoast-schema-graph\">{\"@context\":\"https:\/\/schema.org\",\"@graph\":[{\"@type\":\"WebPage\",\"@id\":\"https:\/\/test.prueba-12.shop\/en\/current-hirings\/\",\"url\":\"https:\/\/test.prueba-12.shop\/en\/current-hirings\/\",\"name\":\"Current Hirings - OLACDE\",\"isPartOf\":{\"@id\":\"https:\/\/test.prueba-12.shop\/en\/#website\"},\"datePublished\":\"2020-07-30T18:25:58+00:00\",\"dateModified\":\"2025-05-29T13:58:57+00:00\",\"breadcrumb\":{\"@id\":\"https:\/\/test.prueba-12.shop\/en\/current-hirings\/#breadcrumb\"},\"inLanguage\":\"en-US\",\"potentialAction\":[{\"@type\":\"ReadAction\",\"target\":[\"https:\/\/test.prueba-12.shop\/en\/current-hirings\/\"]}]},{\"@type\":\"BreadcrumbList\",\"@id\":\"https:\/\/test.prueba-12.shop\/en\/current-hirings\/#breadcrumb\",\"itemListElement\":[{\"@type\":\"ListItem\",\"position\":1,\"name\":\"Home\",\"item\":\"https:\/\/test.prueba-12.shop\/en\/\"},{\"@type\":\"ListItem\",\"position\":2,\"name\":\"Current Hirings\"}]},{\"@type\":\"WebSite\",\"@id\":\"https:\/\/test.prueba-12.shop\/en\/#website\",\"url\":\"https:\/\/test.prueba-12.shop\/en\/\",\"name\":\"OLADE\",\"description\":\"La Organizaci\u00f3n Latinoamericana y Caribe\u00f1a de Energ\u00eda\",\"publisher\":{\"@id\":\"https:\/\/test.prueba-12.shop\/en\/#organization\"},\"potentialAction\":[{\"@type\":\"SearchAction\",\"target\":{\"@type\":\"EntryPoint\",\"urlTemplate\":\"https:\/\/test.prueba-12.shop\/en\/?s={search_term_string}\"},\"query-input\":\"required name=search_term_string\"}],\"inLanguage\":\"en-US\"},{\"@type\":\"Organization\",\"@id\":\"https:\/\/test.prueba-12.shop\/en\/#organization\",\"name\":\"OLADE\",\"url\":\"https:\/\/test.prueba-12.shop\/en\/\",\"logo\":{\"@type\":\"ImageObject\",\"inLanguage\":\"en-US\",\"@id\":\"https:\/\/test.prueba-12.shop\/en\/#\/schema\/logo\/image\/\",\"url\":\"https:\/\/test.prueba-12.shop\/wp-content\/uploads\/2024\/03\/Logo-OLADE-WEB_Color.png\",\"contentUrl\":\"https:\/\/test.prueba-12.shop\/wp-content\/uploads\/2024\/03\/Logo-OLADE-WEB_Color.png\",\"width\":300,\"height\":132,\"caption\":\"OLADE\"},\"image\":{\"@id\":\"https:\/\/test.prueba-12.shop\/en\/#\/schema\/logo\/image\/\"},\"sameAs\":[\"https:\/\/www.facebook.com\/OLADEORG\",\"https:\/\/x.com\/OLADEORG\",\"https:\/\/www.youtube.com\/user\/oladeorg\",\"https:\/\/www.instagram.com\/oladealc\/\",\"https:\/\/www.linkedin.com\/company\/olade\/\"],\"description\":\"La Organizaci\u00f3n Latinoamericana de Energ\u00eda (OLADE) es un organismo de cooperaci\u00f3n, coordinaci\u00f3n y asesor\u00eda t\u00e9cnica, de car\u00e1cter p\u00fablico intergubernamental, constituido el 2 de noviembre de 1973 mediante la suscripci\u00f3n del Convenio de Lima, ratificado por 27 pa\u00edses de Am\u00e9rica Latina y El Caribe, con el objetivo fundamental de fomentar la integraci\u00f3n, conservaci\u00f3n, racional aprovechamiento, comercializaci\u00f3n y defensa de los recursos energ\u00e9ticos de la Regi\u00f3n.\",\"email\":\"info@test.prueba-12.shop\",\"telephone\":\"+59322598122\",\"legalName\":\"Organizaci\u00f3n Latinoamericana de Energ\u00eda\",\"foundingDate\":\"1973-11-02\",\"numberOfEmployees\":{\"@type\":\"QuantitativeValue\",\"minValue\":\"51\",\"maxValue\":\"200\"}}]}<\/script>\n<!-- \/ Yoast SEO Premium plugin. -->","yoast_head_json":{"title":"Current Hirings - OLACDE","robots":{"index":"noindex","follow":"follow","max-snippet":"max-snippet:-1","max-image-preview":"max-image-preview:large","max-video-preview":"max-video-preview:-1"},"og_locale":"en_US","og_type":"article","og_title":"Current Hirings","og_description":"[vc_row][vc_column][vc_custom_heading text=&#8221;OLACDE Hirings&#8221; font_container=&#8221;tag:h1|text_align:center&#8221; google_fonts=&#8221;font_family:Lato%3A100%2C100italic%2C300%2C300italic%2Cregular%2Citalic%2C700%2C700italic%2C900%2C900italic|font_style:900%20bold%20regular%3A900%3Anormal&#8221;][vc_empty_space][\/vc_column][\/vc_row][vc_row][vc_column css_animation=&#8221;none&#8221; width=&#8221;1\/4&#8243;][vc_empty_space height=&#8221;50px&#8221;][vc_icon type=&#8221;openiconic&#8221; icon_openiconic=&#8221;vc-oi vc-oi-down-circle&#8221; color=&#8221;juicy_pink&#8221; size=&#8221;xl&#8221; align=&#8221;center&#8221; css=&#8221;&#8221;][vc_btn title=&#8221;Download&#8221; color=&#8221;primary&#8221; align=&#8221;center&#8221; css=&#8221;&#8221; link=&#8221;url:http%3A%2F%2Fwww.OLACDE.org%2Fwp-content%2Fuploads%2F2025%2F05%2FAUDIT-CALL-2025.pdf|target:_blank&#8221;][\/vc_column][vc_column width=&#8221;3\/4&#8243;][vc_custom_heading text=&#8221;RULES AND CONDITIONS FOR THE PRESENTATION OF AUDIT SERVICES OFFERS OF THE FINANCIAL STATEMENTS OF OLACDE CORRESPONDING TO THE FISCAL YEAR 2025&#8243; font_container=&#8221;tag:h4|text_align:left&#8221; google_fonts=&#8221;font_family:Lato%3A100%2C100italic%2C300%2C300italic%2Cregular%2Citalic%2C700%2C700italic%2C900%2C900italic|font_style:700%20bold%20regular%3A700%3Anormal&#8221; css=&#8221;&#8221;][vc_column_text css=&#8221;&#8221;]Type: Professional auditing services Deadline: June 12, 2025 Duration: [&hellip;]","og_url":"https:\/\/test.prueba-12.shop\/en\/current-hirings\/","og_site_name":"OLACDE","article_publisher":"https:\/\/www.facebook.com\/OLADEORG","article_modified_time":"2025-05-29T13:58:57+00:00","twitter_card":"summary_large_image","twitter_site":"@OLADEORG","twitter_misc":{"Est. reading time":"1 minute"},"schema":{"@context":"https:\/\/schema.org","@graph":[{"@type":"WebPage","@id":"https:\/\/test.prueba-12.shop\/en\/current-hirings\/","url":"https:\/\/test.prueba-12.shop\/en\/current-hirings\/","name":"Current Hirings - OLACDE","isPartOf":{"@id":"https:\/\/test.prueba-12.shop\/en\/#website"},"datePublished":"2020-07-30T18:25:58+00:00","dateModified":"2025-05-29T13:58:57+00:00","breadcrumb":{"@id":"https:\/\/test.prueba-12.shop\/en\/current-hirings\/#breadcrumb"},"inLanguage":"en-US","potentialAction":[{"@type":"ReadAction","target":["https:\/\/test.prueba-12.shop\/en\/current-hirings\/"]}]},{"@type":"BreadcrumbList","@id":"https:\/\/test.prueba-12.shop\/en\/current-hirings\/#breadcrumb","itemListElement":[{"@type":"ListItem","position":1,"name":"Home","item":"https:\/\/test.prueba-12.shop\/en\/"},{"@type":"ListItem","position":2,"name":"Current Hirings"}]},{"@type":"WebSite","@id":"https:\/\/test.prueba-12.shop\/en\/#website","url":"https:\/\/test.prueba-12.shop\/en\/","name":"OLADE","description":"La Organizaci\u00f3n Latinoamericana y Caribe\u00f1a de Energ\u00eda","publisher":{"@id":"https:\/\/test.prueba-12.shop\/en\/#organization"},"potentialAction":[{"@type":"SearchAction","target":{"@type":"EntryPoint","urlTemplate":"https:\/\/test.prueba-12.shop\/en\/?s={search_term_string}"},"query-input":"required name=search_term_string"}],"inLanguage":"en-US"},{"@type":"Organization","@id":"https:\/\/test.prueba-12.shop\/en\/#organization","name":"OLADE","url":"https:\/\/test.prueba-12.shop\/en\/","logo":{"@type":"ImageObject","inLanguage":"en-US","@id":"https:\/\/test.prueba-12.shop\/en\/#\/schema\/logo\/image\/","url":"https:\/\/test.prueba-12.shop\/wp-content\/uploads\/2024\/03\/Logo-OLADE-WEB_Color.png","contentUrl":"https:\/\/test.prueba-12.shop\/wp-content\/uploads\/2024\/03\/Logo-OLADE-WEB_Color.png","width":300,"height":132,"caption":"OLADE"},"image":{"@id":"https:\/\/test.prueba-12.shop\/en\/#\/schema\/logo\/image\/"},"sameAs":["https:\/\/www.facebook.com\/OLADEORG","https:\/\/x.com\/OLADEORG","https:\/\/www.youtube.com\/user\/oladeorg","https:\/\/www.instagram.com\/oladealc\/","https:\/\/www.linkedin.com\/company\/olade\/"],"description":"La Organizaci\u00f3n Latinoamericana de Energ\u00eda (OLADE) es un organismo de cooperaci\u00f3n, coordinaci\u00f3n y asesor\u00eda t\u00e9cnica, de car\u00e1cter p\u00fablico intergubernamental, constituido el 2 de noviembre de 1973 mediante la suscripci\u00f3n del Convenio de Lima, ratificado por 27 pa\u00edses de Am\u00e9rica Latina y El Caribe, con el objetivo fundamental de fomentar la integraci\u00f3n, conservaci\u00f3n, racional aprovechamiento, comercializaci\u00f3n y defensa de los recursos energ\u00e9ticos de la Regi\u00f3n.","email":"info@test.prueba-12.shop","telephone":"+59322598122","legalName":"Organizaci\u00f3n Latinoamericana de Energ\u00eda","foundingDate":"1973-11-02","numberOfEmployees":{"@type":"QuantitativeValue","minValue":"51","maxValue":"200"}}]}},"_links":{"self":[{"href":"https:\/\/test.prueba-12.shop\/en\/wp-json\/wp\/v2\/pages\/14701","targetHints":{"allow":["GET"]}}],"collection":[{"href":"https:\/\/test.prueba-12.shop\/en\/wp-json\/wp\/v2\/pages"}],"about":[{"href":"https:\/\/test.prueba-12.shop\/en\/wp-json\/wp\/v2\/types\/page"}],"author":[{"embeddable":true,"href":"https:\/\/test.prueba-12.shop\/en\/wp-json\/wp\/v2\/users\/14"}],"replies":[{"embeddable":true,"href":"https:\/\/test.prueba-12.shop\/en\/wp-json\/wp\/v2\/comments?post=14701"}],"version-history":[{"count":16,"href":"https:\/\/test.prueba-12.shop\/en\/wp-json\/wp\/v2\/pages\/14701\/revisions"}],"predecessor-version":[{"id":29010,"href":"https:\/\/test.prueba-12.shop\/en\/wp-json\/wp\/v2\/pages\/14701\/revisions\/29010"}],"wp:attachment":[{"href":"https:\/\/test.prueba-12.shop\/en\/wp-json\/wp\/v2\/media?parent=14701"}],"curies":[{"name":"wp","href":"https:\/\/api.w.org\/{rel}","templated":true}]}}