{"id":12935,"date":"2020-06-10T09:52:13","date_gmt":"2020-06-10T14:52:13","guid":{"rendered":"https:\/\/test.prueba-12.shop\/energy-information-systems\/"},"modified":"2024-06-06T13:53:11","modified_gmt":"2024-06-06T18:53:11","slug":"energy-information-systems","status":"publish","type":"page","link":"https:\/\/test.prueba-12.shop\/en\/energy-information-systems\/","title":{"rendered":"Energy Information Systems"},"content":{"rendered":"<div class=\"wpb-content-wrapper\"><p>[vc_row][vc_column][vc_column_text]<img decoding=\"async\" class=\"wp-image-12255 size-jnews-75x75 alignright\" src=\"https:\/\/www.OLACDE.org\/wp-content\/uploads\/2020\/06\/SiE__Logo-01-75x75.png\" alt=\"\" width=\"75\" height=\"75\" srcset=\"https:\/\/test.prueba-12.shop\/wp-content\/uploads\/2020\/06\/SiE__Logo-01-75x75.png 75w, https:\/\/test.prueba-12.shop\/wp-content\/uploads\/2020\/06\/SiE__Logo-01-150x150.png 150w, https:\/\/test.prueba-12.shop\/wp-content\/uploads\/2020\/06\/SiE__Logo-01.png 300w\" sizes=\"(max-width: 75px) 100vw, 75px\" \/><\/p>\n<p>The National Energy Information System &#8211; siePa\u00eds, is a modern computer tool developed by OLACDE, through which statistical, prospective, socioeconomic, legal, and documentary information on the energy sector of the Member Countries of OLACDE is integrated, processed, and disclosed. This based on standardized methodologies and concepts that allow the consolidation of information at the national level.<\/p>\n<p>National Energy Information Systems have been implemented in:[\/vc_column_text][\/vc_column][\/vc_row][vc_row][vc_column width=&#8221;1\/2&#8243; css=&#8221;.vc_custom_1591803314419{background-color: #f4f4f4 !important;}&#8221;][vc_column_text]<strong><a href=\"https:\/\/siebarbados.OLACDE.org\/\">https:\/\/siebarbados.OLACDE.org<\/a> <\/strong><img decoding=\"async\" class=\"wp-image-12267 alignleft\" src=\"https:\/\/www.OLACDE.org\/wp-content\/uploads\/2020\/06\/sieBARBADOS-02-300x41.png\" alt=\"\" width=\"147\" height=\"20\" srcset=\"https:\/\/test.prueba-12.shop\/wp-content\/uploads\/2020\/06\/sieBARBADOS-02-300x41.png 300w, https:\/\/test.prueba-12.shop\/wp-content\/uploads\/2020\/06\/sieBARBADOS-02-768x105.png 768w, https:\/\/test.prueba-12.shop\/wp-content\/uploads\/2020\/06\/sieBARBADOS-02-750x102.png 750w, https:\/\/test.prueba-12.shop\/wp-content\/uploads\/2020\/06\/sieBARBADOS-02.png 894w\" sizes=\"(max-width: 147px) 100vw, 147px\" \/><\/p>\n<p><strong><a href=\"https:\/\/sie_brasil.OLACDE.org\/\">https:\/\/sie_brasil.OLACDE.org<\/a> <\/strong><img decoding=\"async\" class=\"wp-image-12271 alignleft\" src=\"https:\/\/www.OLACDE.org\/wp-content\/uploads\/2020\/06\/SiE_Brasil__Logo_Corto-01-300x55.png\" alt=\"\" width=\"109\" height=\"20\" srcset=\"https:\/\/test.prueba-12.shop\/wp-content\/uploads\/2020\/06\/SiE_Brasil__Logo_Corto-01-300x55.png 300w, https:\/\/test.prueba-12.shop\/wp-content\/uploads\/2020\/06\/SiE_Brasil__Logo_Corto-01.png 658w\" sizes=\"(max-width: 109px) 100vw, 109px\" \/><\/p>\n<p><strong><a href=\"https:\/\/sien.cne.gob.do\/\">https:\/\/sien.cne.gob.do\/<\/a> <\/strong><img loading=\"lazy\" decoding=\"async\" class=\"wp-image-12269 alignleft\" src=\"https:\/\/www.OLACDE.org\/wp-content\/uploads\/2020\/06\/sieREPUBLICADOMINICANA-02-300x23.png\" alt=\"\" width=\"265\" height=\"20\" srcset=\"https:\/\/test.prueba-12.shop\/wp-content\/uploads\/2020\/06\/sieREPUBLICADOMINICANA-02-300x23.png 300w, https:\/\/test.prueba-12.shop\/wp-content\/uploads\/2020\/06\/sieREPUBLICADOMINICANA-02-1140x86.png 1140w, https:\/\/test.prueba-12.shop\/wp-content\/uploads\/2020\/06\/sieREPUBLICADOMINICANA-02-768x58.png 768w, https:\/\/test.prueba-12.shop\/wp-content\/uploads\/2020\/06\/sieREPUBLICADOMINICANA-02-1536x116.png 1536w, https:\/\/test.prueba-12.shop\/wp-content\/uploads\/2020\/06\/sieREPUBLICADOMINICANA-02-750x57.png 750w, https:\/\/test.prueba-12.shop\/wp-content\/uploads\/2020\/06\/sieREPUBLICADOMINICANA-02-1024x77.png 1024w, https:\/\/test.prueba-12.shop\/wp-content\/uploads\/2020\/06\/sieREPUBLICADOMINICANA-02.png 1615w\" sizes=\"(max-width: 265px) 100vw, 265px\" \/>[\/vc_column_text][\/vc_column][vc_column width=&#8221;1\/2&#8243;][vc_column_text]<img loading=\"lazy\" decoding=\"async\" class=\"alignnone wp-image-12257\" src=\"https:\/\/www.OLACDE.org\/wp-content\/uploads\/2020\/06\/sieJAMAICA-02-300x48.png\" alt=\"\" width=\"93\" height=\"15\" srcset=\"https:\/\/test.prueba-12.shop\/wp-content\/uploads\/2020\/06\/sieJAMAICA-02-300x48.png 300w, https:\/\/test.prueba-12.shop\/wp-content\/uploads\/2020\/06\/sieJAMAICA-02-750x121.png 750w, https:\/\/test.prueba-12.shop\/wp-content\/uploads\/2020\/06\/sieJAMAICA-02.png 756w\" sizes=\"(max-width: 93px) 100vw, 93px\" \/><br \/>\n<img loading=\"lazy\" decoding=\"async\" class=\"alignnone wp-image-12259\" src=\"https:\/\/www.OLACDE.org\/wp-content\/uploads\/2020\/06\/sieBelize-02-300x54.png\" alt=\"\" width=\"83\" height=\"15\" srcset=\"https:\/\/test.prueba-12.shop\/wp-content\/uploads\/2020\/06\/sieBelize-02-300x54.png 300w, https:\/\/test.prueba-12.shop\/wp-content\/uploads\/2020\/06\/sieBelize-02.png 677w\" sizes=\"(max-width: 83px) 100vw, 83px\" \/><br \/>\n<img loading=\"lazy\" decoding=\"async\" class=\"alignnone wp-image-12261\" src=\"https:\/\/www.OLACDE.org\/wp-content\/uploads\/2020\/06\/sieGUYANA-02-300x50.png\" alt=\"\" width=\"91\" height=\"15\" srcset=\"https:\/\/test.prueba-12.shop\/wp-content\/uploads\/2020\/06\/sieGUYANA-02-300x50.png 300w, https:\/\/test.prueba-12.shop\/wp-content\/uploads\/2020\/06\/sieGUYANA-02.png 739w\" sizes=\"(max-width: 91px) 100vw, 91px\" \/><br \/>\n<img loading=\"lazy\" decoding=\"async\" class=\"alignnone wp-image-12263\" src=\"https:\/\/www.OLACDE.org\/wp-content\/uploads\/2020\/06\/sieGRENADA-02-300x44.png\" alt=\"\" width=\"102\" height=\"15\" srcset=\"https:\/\/test.prueba-12.shop\/wp-content\/uploads\/2020\/06\/sieGRENADA-02-300x44.png 300w, https:\/\/test.prueba-12.shop\/wp-content\/uploads\/2020\/06\/sieGRENADA-02-768x113.png 768w, https:\/\/test.prueba-12.shop\/wp-content\/uploads\/2020\/06\/sieGRENADA-02-750x110.png 750w, https:\/\/test.prueba-12.shop\/wp-content\/uploads\/2020\/06\/sieGRENADA-02.png 832w\" sizes=\"(max-width: 102px) 100vw, 102px\" \/><br \/>\n<img loading=\"lazy\" decoding=\"async\" class=\"alignnone wp-image-12265\" src=\"https:\/\/www.OLACDE.org\/wp-content\/uploads\/2020\/06\/sieSURINAM-02-300x47.png\" alt=\"\" width=\"97\" height=\"15\" srcset=\"https:\/\/test.prueba-12.shop\/wp-content\/uploads\/2020\/06\/sieSURINAM-02-300x47.png 300w, https:\/\/test.prueba-12.shop\/wp-content\/uploads\/2020\/06\/sieSURINAM-02-768x119.png 768w, https:\/\/test.prueba-12.shop\/wp-content\/uploads\/2020\/06\/sieSURINAM-02-750x116.png 750w, https:\/\/test.prueba-12.shop\/wp-content\/uploads\/2020\/06\/sieSURINAM-02.png 786w\" sizes=\"(max-width: 97px) 100vw, 97px\" \/><br \/>\n<img loading=\"lazy\" decoding=\"async\" class=\"alignnone wp-image-12871\" src=\"https:\/\/www.OLACDE.org\/wp-content\/uploads\/2020\/07\/siePANAMA-02-300x50.png\" alt=\"\" width=\"91\" height=\"15\" srcset=\"https:\/\/test.prueba-12.shop\/wp-content\/uploads\/2020\/07\/siePANAMA-02-300x50.png 300w, https:\/\/test.prueba-12.shop\/wp-content\/uploads\/2020\/07\/siePANAMA-02.png 739w\" sizes=\"(max-width: 91px) 100vw, 91px\" \/><br \/>\n<img loading=\"lazy\" decoding=\"async\" class=\"alignnone wp-image-12873\" src=\"https:\/\/www.OLACDE.org\/wp-content\/uploads\/2020\/07\/siePARAGUAY-02-300x42.png\" alt=\"\" width=\"108\" height=\"15\" srcset=\"https:\/\/test.prueba-12.shop\/wp-content\/uploads\/2020\/07\/siePARAGUAY-02-300x42.png 300w, https:\/\/test.prueba-12.shop\/wp-content\/uploads\/2020\/07\/siePARAGUAY-02-768x106.png 768w, https:\/\/test.prueba-12.shop\/wp-content\/uploads\/2020\/07\/siePARAGUAY-02-750x104.png 750w, https:\/\/test.prueba-12.shop\/wp-content\/uploads\/2020\/07\/siePARAGUAY-02.png 880w\" sizes=\"(max-width: 108px) 100vw, 108px\" \/><br \/>\n<img loading=\"lazy\" decoding=\"async\" class=\"alignnone wp-image-12875\" src=\"https:\/\/www.OLACDE.org\/wp-content\/uploads\/2020\/07\/sieEcuador-02-300x42.png\" alt=\"\" width=\"108\" height=\"15\" srcset=\"https:\/\/test.prueba-12.shop\/wp-content\/uploads\/2020\/07\/sieEcuador-02-300x42.png 300w, https:\/\/test.prueba-12.shop\/wp-content\/uploads\/2020\/07\/sieEcuador-02-768x107.png 768w, https:\/\/test.prueba-12.shop\/wp-content\/uploads\/2020\/07\/sieEcuador-02-750x104.png 750w, https:\/\/test.prueba-12.shop\/wp-content\/uploads\/2020\/07\/sieEcuador-02.png 879w\" sizes=\"(max-width: 108px) 100vw, 108px\" \/><br \/>\n<img loading=\"lazy\" decoding=\"async\" class=\"alignnone wp-image-12877\" src=\"https:\/\/www.OLACDE.org\/wp-content\/uploads\/2020\/07\/sieHONDURAS-02-300x40.png\" alt=\"\" width=\"113\" height=\"15\" srcset=\"https:\/\/test.prueba-12.shop\/wp-content\/uploads\/2020\/07\/sieHONDURAS-02-300x40.png 300w, https:\/\/test.prueba-12.shop\/wp-content\/uploads\/2020\/07\/sieHONDURAS-02-768x102.png 768w, https:\/\/test.prueba-12.shop\/wp-content\/uploads\/2020\/07\/sieHONDURAS-02-750x99.png 750w, https:\/\/test.prueba-12.shop\/wp-content\/uploads\/2020\/07\/sieHONDURAS-02.png 920w\" sizes=\"(max-width: 113px) 100vw, 113px\" \/>[\/vc_column_text][\/vc_column][\/vc_row][vc_row][vc_column][vc_column_text]<img loading=\"lazy\" decoding=\"async\" class=\"alignleft wp-image-12274\" src=\"https:\/\/www.OLACDE.org\/wp-content\/uploads\/2020\/06\/sieLAC-sin-fondo-300x92.png\" alt=\"\" width=\"163\" height=\"50\" srcset=\"https:\/\/test.prueba-12.shop\/wp-content\/uploads\/2020\/06\/sieLAC-sin-fondo-300x92.png 300w, https:\/\/test.prueba-12.shop\/wp-content\/uploads\/2020\/06\/sieLAC-sin-fondo-1140x350.png 1140w, https:\/\/test.prueba-12.shop\/wp-content\/uploads\/2020\/06\/sieLAC-sin-fondo-768x236.png 768w, https:\/\/test.prueba-12.shop\/wp-content\/uploads\/2020\/06\/sieLAC-sin-fondo-1536x471.png 1536w, https:\/\/test.prueba-12.shop\/wp-content\/uploads\/2020\/06\/sieLAC-sin-fondo-750x230.png 750w, https:\/\/test.prueba-12.shop\/wp-content\/uploads\/2020\/06\/sieLAC-sin-fondo-1024x314.png 1024w, https:\/\/test.prueba-12.shop\/wp-content\/uploads\/2020\/06\/sieLAC-sin-fondo.png 1591w\" sizes=\"(max-width: 163px) 100vw, 163px\" \/><\/p>\n<p>OLACDE together with its 27 Member Countries of Latin America and the Caribbean provide access to information, free of charge, in terms of economic-energy statistics from the year 1970 to the present. This on issues related to Energy Balances, Greenhouse Gases, Economic &#8211; Energy Indicators, Supply and Demand, Prices, Reserves, Potentials and Energy Infrastructure. Similarly, energy legal information regarding legal and institutional frameworks, policies, resolutions, technical norms, bilateral and multilateral treaties, and supranational energy-related regulations will be accessible.<\/p>\n<p><a href=\"https:\/\/sielac.OLACDE.org\/\"><b>https:\/\/sielac.OLACDE.org\/<\/b><\/a><\/p>\n<p>[\/vc_column_text][\/vc_column][\/vc_row][vc_row][vc_column width=&#8221;1\/6&#8243;][\/vc_column][vc_column width=&#8221;2\/3&#8243;]<div  class=\"jeg_video_playlist embedplaylist jeg_col_8 jeg_vertical_playlist jeg_dark_playlist jnews_module__0_69d88096dc4c5  \" data-unique='jnews_module__0_69d88096dc4c5'>\n                <div class=\"jeg_video_playlist_wrapper\">\n                    <div class=\"jeg_video_playlist_video_content\">\n                        <div class=\"jeg_video_holder\">\n                        \t<div class='jeg_preview_slider_loader'><div class='jeg_preview_slider_loader_circle'><\/div>\n                        \t<\/div>\n                            <div class=\"jeg_video_container\">\n                    <div src=\"\/\/www.youtube.com\/embed\/nkoMImwboZE?showinfo=1&amp;autohide=1&amp;rel=0&amp;wmode=opaque\" allowfullscreen=\"\" height=\"500\" width=\"700\"><\/div>\n                <\/div>\n                        <\/div>\n                    <\/div><!-- jeg_video_playlist_video_content -->\n\n                    <div class=\"jeg_video_playlist_list_wrapper\">\n                        <div class=\"jeg_video_playlist_current\">\n                            <div class=\"jeg_video_playlist_play\">\n                                <div class=\"jeg_video_playlist_play_icon\">\n                                    <i class=\"fa fa-play\"><\/i>\n                                <\/div>\n                                <span>Currently Playing<\/span>\n                            <\/div>\n                            <div class=\"jeg_video_playlist_current_info\"><h2><a href='https:\/\/www.youtube.com\/watch?v=nkoMImwboZE'>El Sistema de Informaci\u00f3n Energ\u00e9tica de Honduras (sieHonduras)<\/a><\/h2><\/div>\n                        <\/div>\n                        <div class=\"jeg_video_playlist_list_inner_wrapper\">\n                            <div class=\"jeg_video_playlist_item_wrapper\">\n\t\t\t\t<a class=\"jeg_video_playlist_item active\" href=\"https:\/\/www.youtube.com\/watch?v=nkoMImwboZE\" data-id=\"0\">\n                    <div class=\"jeg_video_playlist_thumbnail\">\n                        <img src='https:\/\/test.prueba-12.shop\/wp-content\/themes\/jnews\/assets\/img\/jeg-empty.png' class=\"lazyload\" data-src='https:\/\/i.ytimg.com\/vi\/nkoMImwboZE\/default.jpg'\/>\n                    <\/div>\n                    <div class=\"jeg_video_playlist_description\">\n                        <h3 class=\"jeg_video_playlist_title\">El Sistema de Informaci\u00f3n Energ\u00e9tica de Honduras (sieHonduras)<\/h3>\n                        <span class=\"jeg_video_playlist_category\">00:03:01<\/span>\n                    <\/div>\n                <\/a>\n\t\t\t\t<\/div><div class=\"jeg_video_playlist_item_wrapper\">\n\t\t\t\t<a class=\"jeg_video_playlist_item \" href=\"https:\/\/www.youtube.com\/watch?v=JsA7MoU1hWw\" data-id=\"1\">\n                    <div class=\"jeg_video_playlist_thumbnail\">\n                        <img src='https:\/\/test.prueba-12.shop\/wp-content\/themes\/jnews\/assets\/img\/jeg-empty.png' class=\"lazyload\" data-src='https:\/\/i.ytimg.com\/vi\/JsA7MoU1hWw\/default.jpg'\/>\n                    <\/div>\n                    <div class=\"jeg_video_playlist_description\">\n                        <h3 class=\"jeg_video_playlist_title\">Sistema de Informaci\u00f3n Energ\u00e9tica para Brasil (SIE Brasil)<\/h3>\n                        <span class=\"jeg_video_playlist_category\">00:03:42<\/span>\n                    <\/div>\n                <\/a>\n\t\t\t\t<\/div>\n                        <\/div>\n                    <\/div><!-- jeg_video_playlist_list_wrapper -->\n                    <div style=\"clear: both;\"><\/div>\n                <\/div><!-- jeg_video_playlist_wrapper -->\n                <script> var jnews_module__0_69d88096dc4c5 = [{\"type\":\"youtube\",\"tag\":\"<div class=\\\"jeg_video_container\\\">\\n                    <iframe src=\\\"\\\/\\\/www.youtube.com\\\/embed\\\/nkoMImwboZE?showinfo=1&amp;autoplay=1;&amp;autohide=1&amp;rel=0&amp;wmode=opaque\\\" allowfullscreen=\\\"\\\" height=\\\"500\\\" width=\\\"700\\\"><\\\/iframe>\\n                <\\\/div>\"},{\"type\":\"youtube\",\"tag\":\"<div class=\\\"jeg_video_container\\\">\\n                    <iframe src=\\\"\\\/\\\/www.youtube.com\\\/embed\\\/JsA7MoU1hWw?showinfo=1&amp;autoplay=1;&amp;autohide=1&amp;rel=0&amp;wmode=opaque\\\" allowfullscreen=\\\"\\\" height=\\\"500\\\" width=\\\"700\\\"><\\\/iframe>\\n                <\\\/div>\"}]; <\/script>\n            <\/div>[\/vc_column][vc_column width=&#8221;1\/6&#8243;][\/vc_column][\/vc_row]<\/p>\n<\/div>","protected":false},"excerpt":{"rendered":"<p>[vc_row][vc_column][vc_column_text] The National Energy Information System &#8211; siePa\u00eds, is a modern computer tool developed by OLACDE, through which statistical, prospective, socioeconomic, legal, and documentary information on the energy sector of the Member Countries of OLACDE is integrated, processed, and disclosed. This based on standardized methodologies and concepts that allow the consolidation of information at the [&hellip;]<\/p>\n","protected":false},"author":3,"featured_media":0,"parent":0,"menu_order":0,"comment_status":"closed","ping_status":"closed","template":"","meta":{"_acf_changed":false,"footnotes":""},"class_list":["post-12935","page","type-page","status-publish","hentry"],"acf":[],"yoast_head":"<!-- This site is optimized with the Yoast SEO Premium plugin v23.0 (Yoast SEO v23.1) - https:\/\/yoast.com\/wordpress\/plugins\/seo\/ -->\n<title>Energy Information Systems - OLACDE<\/title>\n<meta name=\"robots\" content=\"noindex, follow, max-snippet:-1, max-image-preview:large, max-video-preview:-1\" \/>\n<meta property=\"og:locale\" content=\"en_US\" \/>\n<meta property=\"og:type\" content=\"article\" \/>\n<meta property=\"og:title\" content=\"Energy Information Systems\" \/>\n<meta property=\"og:description\" content=\"[vc_row][vc_column][vc_column_text] The National Energy Information System &#8211; siePa\u00eds, is a modern computer tool developed by OLACDE, through which statistical, prospective, socioeconomic, legal, and documentary information on the energy sector of the Member Countries of OLACDE is integrated, processed, and disclosed. This based on standardized methodologies and concepts that allow the consolidation of information at the [&hellip;]\" \/>\n<meta property=\"og:url\" content=\"https:\/\/test.prueba-12.shop\/en\/energy-information-systems\/\" \/>\n<meta property=\"og:site_name\" content=\"OLACDE\" \/>\n<meta property=\"article:publisher\" content=\"https:\/\/www.facebook.com\/OLADEORG\" \/>\n<meta property=\"article:modified_time\" content=\"2024-06-06T18:53:11+00:00\" \/>\n<meta property=\"og:image\" content=\"https:\/\/test.prueba-12.shop\/wp-content\/uploads\/2020\/06\/SiE__Logo-01-75x75.png\" \/>\n<meta name=\"twitter:card\" content=\"summary_large_image\" \/>\n<meta name=\"twitter:site\" content=\"@OLADEORG\" \/>\n<meta name=\"twitter:label1\" content=\"Est. reading time\" \/>\n\t<meta name=\"twitter:data1\" content=\"1 minute\" \/>\n<script type=\"application\/ld+json\" class=\"yoast-schema-graph\">{\"@context\":\"https:\/\/schema.org\",\"@graph\":[{\"@type\":\"WebPage\",\"@id\":\"https:\/\/test.prueba-12.shop\/en\/energy-information-systems\/\",\"url\":\"https:\/\/test.prueba-12.shop\/en\/energy-information-systems\/\",\"name\":\"Energy Information Systems - OLACDE\",\"isPartOf\":{\"@id\":\"https:\/\/test.prueba-12.shop\/en\/#website\"},\"primaryImageOfPage\":{\"@id\":\"https:\/\/test.prueba-12.shop\/en\/energy-information-systems\/#primaryimage\"},\"image\":{\"@id\":\"https:\/\/test.prueba-12.shop\/en\/energy-information-systems\/#primaryimage\"},\"thumbnailUrl\":\"https:\/\/www.OLACDE.org\/wp-content\/uploads\/2020\/06\/SiE__Logo-01-75x75.png\",\"datePublished\":\"2020-06-10T14:52:13+00:00\",\"dateModified\":\"2024-06-06T18:53:11+00:00\",\"breadcrumb\":{\"@id\":\"https:\/\/test.prueba-12.shop\/en\/energy-information-systems\/#breadcrumb\"},\"inLanguage\":\"en-US\",\"potentialAction\":[{\"@type\":\"ReadAction\",\"target\":[\"https:\/\/test.prueba-12.shop\/en\/energy-information-systems\/\"]}]},{\"@type\":\"ImageObject\",\"inLanguage\":\"en-US\",\"@id\":\"https:\/\/test.prueba-12.shop\/en\/energy-information-systems\/#primaryimage\",\"url\":\"https:\/\/www.OLACDE.org\/wp-content\/uploads\/2020\/06\/SiE__Logo-01-75x75.png\",\"contentUrl\":\"https:\/\/www.OLACDE.org\/wp-content\/uploads\/2020\/06\/SiE__Logo-01-75x75.png\"},{\"@type\":\"BreadcrumbList\",\"@id\":\"https:\/\/test.prueba-12.shop\/en\/energy-information-systems\/#breadcrumb\",\"itemListElement\":[{\"@type\":\"ListItem\",\"position\":1,\"name\":\"Home\",\"item\":\"https:\/\/test.prueba-12.shop\/en\/\"},{\"@type\":\"ListItem\",\"position\":2,\"name\":\"Energy Information Systems\"}]},{\"@type\":\"WebSite\",\"@id\":\"https:\/\/test.prueba-12.shop\/en\/#website\",\"url\":\"https:\/\/test.prueba-12.shop\/en\/\",\"name\":\"OLADE\",\"description\":\"La Organizaci\u00f3n Latinoamericana y Caribe\u00f1a de Energ\u00eda\",\"publisher\":{\"@id\":\"https:\/\/test.prueba-12.shop\/en\/#organization\"},\"potentialAction\":[{\"@type\":\"SearchAction\",\"target\":{\"@type\":\"EntryPoint\",\"urlTemplate\":\"https:\/\/test.prueba-12.shop\/en\/?s={search_term_string}\"},\"query-input\":\"required name=search_term_string\"}],\"inLanguage\":\"en-US\"},{\"@type\":\"Organization\",\"@id\":\"https:\/\/test.prueba-12.shop\/en\/#organization\",\"name\":\"OLADE\",\"url\":\"https:\/\/test.prueba-12.shop\/en\/\",\"logo\":{\"@type\":\"ImageObject\",\"inLanguage\":\"en-US\",\"@id\":\"https:\/\/test.prueba-12.shop\/en\/#\/schema\/logo\/image\/\",\"url\":\"https:\/\/test.prueba-12.shop\/wp-content\/uploads\/2024\/03\/Logo-OLADE-WEB_Color.png\",\"contentUrl\":\"https:\/\/test.prueba-12.shop\/wp-content\/uploads\/2024\/03\/Logo-OLADE-WEB_Color.png\",\"width\":300,\"height\":132,\"caption\":\"OLADE\"},\"image\":{\"@id\":\"https:\/\/test.prueba-12.shop\/en\/#\/schema\/logo\/image\/\"},\"sameAs\":[\"https:\/\/www.facebook.com\/OLADEORG\",\"https:\/\/x.com\/OLADEORG\",\"https:\/\/www.youtube.com\/user\/oladeorg\",\"https:\/\/www.instagram.com\/oladealc\/\",\"https:\/\/www.linkedin.com\/company\/olade\/\"],\"description\":\"La Organizaci\u00f3n Latinoamericana de Energ\u00eda (OLADE) es un organismo de cooperaci\u00f3n, coordinaci\u00f3n y asesor\u00eda t\u00e9cnica, de car\u00e1cter p\u00fablico intergubernamental, constituido el 2 de noviembre de 1973 mediante la suscripci\u00f3n del Convenio de Lima, ratificado por 27 pa\u00edses de Am\u00e9rica Latina y El Caribe, con el objetivo fundamental de fomentar la integraci\u00f3n, conservaci\u00f3n, racional aprovechamiento, comercializaci\u00f3n y defensa de los recursos energ\u00e9ticos de la Regi\u00f3n.\",\"email\":\"info@test.prueba-12.shop\",\"telephone\":\"+59322598122\",\"legalName\":\"Organizaci\u00f3n Latinoamericana de Energ\u00eda\",\"foundingDate\":\"1973-11-02\",\"numberOfEmployees\":{\"@type\":\"QuantitativeValue\",\"minValue\":\"51\",\"maxValue\":\"200\"}}]}<\/script>\n<!-- \/ Yoast SEO Premium plugin. -->","yoast_head_json":{"title":"Energy Information Systems - OLACDE","robots":{"index":"noindex","follow":"follow","max-snippet":"max-snippet:-1","max-image-preview":"max-image-preview:large","max-video-preview":"max-video-preview:-1"},"og_locale":"en_US","og_type":"article","og_title":"Energy Information Systems","og_description":"[vc_row][vc_column][vc_column_text] The National Energy Information System &#8211; siePa\u00eds, is a modern computer tool developed by OLACDE, through which statistical, prospective, socioeconomic, legal, and documentary information on the energy sector of the Member Countries of OLACDE is integrated, processed, and disclosed. This based on standardized methodologies and concepts that allow the consolidation of information at the [&hellip;]","og_url":"https:\/\/test.prueba-12.shop\/en\/energy-information-systems\/","og_site_name":"OLACDE","article_publisher":"https:\/\/www.facebook.com\/OLADEORG","article_modified_time":"2024-06-06T18:53:11+00:00","og_image":[{"url":"https:\/\/test.prueba-12.shop\/wp-content\/uploads\/2020\/06\/SiE__Logo-01-75x75.png"}],"twitter_card":"summary_large_image","twitter_site":"@OLADEORG","twitter_misc":{"Est. reading time":"1 minute"},"schema":{"@context":"https:\/\/schema.org","@graph":[{"@type":"WebPage","@id":"https:\/\/test.prueba-12.shop\/en\/energy-information-systems\/","url":"https:\/\/test.prueba-12.shop\/en\/energy-information-systems\/","name":"Energy Information Systems - OLACDE","isPartOf":{"@id":"https:\/\/test.prueba-12.shop\/en\/#website"},"primaryImageOfPage":{"@id":"https:\/\/test.prueba-12.shop\/en\/energy-information-systems\/#primaryimage"},"image":{"@id":"https:\/\/test.prueba-12.shop\/en\/energy-information-systems\/#primaryimage"},"thumbnailUrl":"https:\/\/www.OLACDE.org\/wp-content\/uploads\/2020\/06\/SiE__Logo-01-75x75.png","datePublished":"2020-06-10T14:52:13+00:00","dateModified":"2024-06-06T18:53:11+00:00","breadcrumb":{"@id":"https:\/\/test.prueba-12.shop\/en\/energy-information-systems\/#breadcrumb"},"inLanguage":"en-US","potentialAction":[{"@type":"ReadAction","target":["https:\/\/test.prueba-12.shop\/en\/energy-information-systems\/"]}]},{"@type":"ImageObject","inLanguage":"en-US","@id":"https:\/\/test.prueba-12.shop\/en\/energy-information-systems\/#primaryimage","url":"https:\/\/www.OLACDE.org\/wp-content\/uploads\/2020\/06\/SiE__Logo-01-75x75.png","contentUrl":"https:\/\/www.OLACDE.org\/wp-content\/uploads\/2020\/06\/SiE__Logo-01-75x75.png"},{"@type":"BreadcrumbList","@id":"https:\/\/test.prueba-12.shop\/en\/energy-information-systems\/#breadcrumb","itemListElement":[{"@type":"ListItem","position":1,"name":"Home","item":"https:\/\/test.prueba-12.shop\/en\/"},{"@type":"ListItem","position":2,"name":"Energy Information Systems"}]},{"@type":"WebSite","@id":"https:\/\/test.prueba-12.shop\/en\/#website","url":"https:\/\/test.prueba-12.shop\/en\/","name":"OLADE","description":"La Organizaci\u00f3n Latinoamericana y Caribe\u00f1a de Energ\u00eda","publisher":{"@id":"https:\/\/test.prueba-12.shop\/en\/#organization"},"potentialAction":[{"@type":"SearchAction","target":{"@type":"EntryPoint","urlTemplate":"https:\/\/test.prueba-12.shop\/en\/?s={search_term_string}"},"query-input":"required name=search_term_string"}],"inLanguage":"en-US"},{"@type":"Organization","@id":"https:\/\/test.prueba-12.shop\/en\/#organization","name":"OLADE","url":"https:\/\/test.prueba-12.shop\/en\/","logo":{"@type":"ImageObject","inLanguage":"en-US","@id":"https:\/\/test.prueba-12.shop\/en\/#\/schema\/logo\/image\/","url":"https:\/\/test.prueba-12.shop\/wp-content\/uploads\/2024\/03\/Logo-OLADE-WEB_Color.png","contentUrl":"https:\/\/test.prueba-12.shop\/wp-content\/uploads\/2024\/03\/Logo-OLADE-WEB_Color.png","width":300,"height":132,"caption":"OLADE"},"image":{"@id":"https:\/\/test.prueba-12.shop\/en\/#\/schema\/logo\/image\/"},"sameAs":["https:\/\/www.facebook.com\/OLADEORG","https:\/\/x.com\/OLADEORG","https:\/\/www.youtube.com\/user\/oladeorg","https:\/\/www.instagram.com\/oladealc\/","https:\/\/www.linkedin.com\/company\/olade\/"],"description":"La Organizaci\u00f3n Latinoamericana de Energ\u00eda (OLADE) es un organismo de cooperaci\u00f3n, coordinaci\u00f3n y asesor\u00eda t\u00e9cnica, de car\u00e1cter p\u00fablico intergubernamental, constituido el 2 de noviembre de 1973 mediante la suscripci\u00f3n del Convenio de Lima, ratificado por 27 pa\u00edses de Am\u00e9rica Latina y El Caribe, con el objetivo fundamental de fomentar la integraci\u00f3n, conservaci\u00f3n, racional aprovechamiento, comercializaci\u00f3n y defensa de los recursos energ\u00e9ticos de la Regi\u00f3n.","email":"info@test.prueba-12.shop","telephone":"+59322598122","legalName":"Organizaci\u00f3n Latinoamericana de Energ\u00eda","foundingDate":"1973-11-02","numberOfEmployees":{"@type":"QuantitativeValue","minValue":"51","maxValue":"200"}}]}},"_links":{"self":[{"href":"https:\/\/test.prueba-12.shop\/en\/wp-json\/wp\/v2\/pages\/12935","targetHints":{"allow":["GET"]}}],"collection":[{"href":"https:\/\/test.prueba-12.shop\/en\/wp-json\/wp\/v2\/pages"}],"about":[{"href":"https:\/\/test.prueba-12.shop\/en\/wp-json\/wp\/v2\/types\/page"}],"author":[{"embeddable":true,"href":"https:\/\/test.prueba-12.shop\/en\/wp-json\/wp\/v2\/users\/3"}],"replies":[{"embeddable":true,"href":"https:\/\/test.prueba-12.shop\/en\/wp-json\/wp\/v2\/comments?post=12935"}],"version-history":[{"count":3,"href":"https:\/\/test.prueba-12.shop\/en\/wp-json\/wp\/v2\/pages\/12935\/revisions"}],"predecessor-version":[{"id":21431,"href":"https:\/\/test.prueba-12.shop\/en\/wp-json\/wp\/v2\/pages\/12935\/revisions\/21431"}],"wp:attachment":[{"href":"https:\/\/test.prueba-12.shop\/en\/wp-json\/wp\/v2\/media?parent=12935"}],"curies":[{"name":"wp","href":"https:\/\/api.w.org\/{rel}","templated":true}]}}