{"id":12566,"date":"2020-06-05T09:16:17","date_gmt":"2020-06-05T14:16:17","guid":{"rendered":"https:\/\/test.prueba-12.shop\/?page_id=12566"},"modified":"2022-01-17T12:28:30","modified_gmt":"2022-01-17T17:28:30","slug":"energy-efficiency-program-for-latin-america-and-the-caribbean-palcee-phases-i-ii-and-iii","status":"publish","type":"page","link":"https:\/\/test.prueba-12.shop\/en\/energy-efficiency-program-for-latin-america-and-the-caribbean-palcee-phases-i-ii-and-iii\/","title":{"rendered":"Energy Efficiency Program for Latin America and the Caribbean (PALCEE), phases I, II and III"},"content":{"rendered":"<div class=\"wpb-content-wrapper\"><p>[vc_row][vc_column][vc_row_inner][vc_column_inner width=&#8221;1\/2&#8243;][vc_column_text]<\/p>\n<blockquote><p><b>Objective<\/b><\/p><\/blockquote>\n<p>To consolidate the development of energy efficiency in OLACDE Member Countries by strengthening the institutional framework for energy efficiency, developing technical and governance capacities, and reinforcing existing energy efficiency initiatives.[\/vc_column_text][\/vc_column_inner][vc_column_inner width=&#8221;1\/2&#8243;][vc_column_text]<\/p>\n<blockquote><p><strong>Beneficiary countries<\/strong><\/p><\/blockquote>\n<p>El Salvador, Nicaragua, Jamaica, Guyana, Granada, Belize, Dominican Republic, and Panama.[\/vc_column_text][\/vc_column_inner][\/vc_row_inner][\/vc_column][\/vc_row][vc_row][vc_column width=&#8221;1\/4&#8243;][vc_column_text]<\/p>\n<blockquote>\n<p style=\"text-align: left;\"><strong>Multilateral support<\/strong><\/p>\n<\/blockquote>\n<p>[\/vc_column_text][\/vc_column][vc_column width=&#8221;3\/4&#8243;][vc_single_image image=&#8221;11309&#8243; img_size=&#8221;medium&#8221;][\/vc_column][\/vc_row][vc_row vc_row_background=&#8221;&#8221; css=&#8221;.vc_custom_1590766344410{background-color: #f4f4f4 !important;}&#8221;][vc_column][vc_column_text css=&#8221;.vc_custom_1592853250093{margin-top: 10px !important;}&#8221;]<\/p>\n<blockquote><p><strong>Outstanding results<\/strong><\/p><\/blockquote>\n<p>&#8211; Training on the development of energy audits and implementation of energy efficiency measures, aimed at the technical staff of the institutions responsible for managing national energy efficiency plans in Belize, El Salvador, Grenada, Guyana, Jamaica and Nicaragua.<\/p>\n<p>&#8211; Development of energy audits and implementation of pilot projects in public and private institutions in Belize, El Salvador, Grenada, Guyana, Jamaica and Nicaragua.<\/p>\n<p>&#8211; Preparation of road maps for the development and implementation of MRV systems in energy audits in public and commercial buildings in Belize, Panama and the Dominican Republic.<\/p>\n<p>&#8211; Development of various training programs related to renewable sources, energy efficiency and climate change.[\/vc_column_text][\/vc_column][\/vc_row][vc_row][vc_column width=&#8221;1\/2&#8243;][vc_empty_space][vc_column_text css=&#8221;.vc_custom_1592853304387{background-color: #ffffff !important;}&#8221;]<\/p>\n<blockquote><p><b>Final products<\/b><\/p><\/blockquote>\n<ul>\n<li>Preparation of proposals for an institutional framework for energy efficiency in Belize, El Salvador, Grenada, Guyana, Jamaica and Nicaragua. <a href=\"http:\/\/biblioteca.OLACDE.org\/opac-tmpl\/Documentos\/old0323.pdf\">http:\/\/biblioteca.OLACDE.org\/opac-tmpl\/Documentos\/old0323.pdf<\/a><\/li>\n<li>Strengthening of energy efficiency initiatives, currently underway in Panama and the Dominican Republic. <a href=\"http:\/\/biblioteca.OLACDE.org\/opac-tmpl\/Documentos\/old0419.pdf\">http:\/\/biblioteca.OLACDE.org\/opac-tmpl\/Documentos\/old0419.pdf<\/a><\/li>\n<li>Development of a regional methodology for the implementation of Measurement, Reporting and Verification (MRV) systems for energy audits in public and commercial buildings.<\/li>\n<li>Preparation and publication of a summary document with the laws related to energy efficiency existing in the Member Countries of OLACDE.<\/li>\n<li>Development and publication of a guide document for the implementation of Energy Efficiency Financing Mechanisms, which is used as a basis for successful experiences in this field worldwide.<\/li>\n<\/ul>\n<p>[\/vc_column_text][\/vc_column][\/vc_row]<\/p>\n<\/div>","protected":false},"excerpt":{"rendered":"<p>[vc_row][vc_column][vc_row_inner][vc_column_inner width=&#8221;1\/2&#8243;][vc_column_text] Objective To consolidate the development of energy efficiency in OLACDE Member Countries by strengthening the institutional framework for energy efficiency, developing technical and governance capacities, and reinforcing existing energy efficiency initiatives.[\/vc_column_text][\/vc_column_inner][vc_column_inner width=&#8221;1\/2&#8243;][vc_column_text] Beneficiary countries El Salvador, Nicaragua, Jamaica, Guyana, Granada, Belize, Dominican Republic, and Panama.[\/vc_column_text][\/vc_column_inner][\/vc_row_inner][\/vc_column][\/vc_row][vc_row][vc_column width=&#8221;1\/4&#8243;][vc_column_text] Multilateral support [\/vc_column_text][\/vc_column][vc_column width=&#8221;3\/4&#8243;][vc_single_image image=&#8221;11309&#8243; img_size=&#8221;medium&#8221;][\/vc_column][\/vc_row][vc_row vc_row_background=&#8221;&#8221; [&hellip;]<\/p>\n","protected":false},"author":1,"featured_media":12022,"parent":0,"menu_order":0,"comment_status":"closed","ping_status":"closed","template":"","meta":{"_acf_changed":false,"footnotes":""},"class_list":["post-12566","page","type-page","status-publish","has-post-thumbnail","hentry"],"acf":[],"yoast_head":"<!-- This site is optimized with the Yoast SEO Premium plugin v23.0 (Yoast SEO v23.1) - https:\/\/yoast.com\/wordpress\/plugins\/seo\/ -->\n<title>Energy Efficiency Program for Latin America and the Caribbean (PALCEE), phases I, II and III - OLACDE<\/title>\n<meta name=\"robots\" content=\"noindex, follow, max-snippet:-1, max-image-preview:large, max-video-preview:-1\" \/>\n<meta property=\"og:locale\" content=\"en_US\" \/>\n<meta property=\"og:type\" content=\"article\" \/>\n<meta property=\"og:title\" content=\"Energy Efficiency Program for Latin America and the Caribbean (PALCEE), phases I, II and III\" \/>\n<meta property=\"og:description\" content=\"[vc_row][vc_column][vc_row_inner][vc_column_inner width=&#8221;1\/2&#8243;][vc_column_text] Objective To consolidate the development of energy efficiency in OLACDE Member Countries by strengthening the institutional framework for energy efficiency, developing technical and governance capacities, and reinforcing existing energy efficiency initiatives.[\/vc_column_text][\/vc_column_inner][vc_column_inner width=&#8221;1\/2&#8243;][vc_column_text] Beneficiary countries El Salvador, Nicaragua, Jamaica, Guyana, Granada, Belize, Dominican Republic, and Panama.[\/vc_column_text][\/vc_column_inner][\/vc_row_inner][\/vc_column][\/vc_row][vc_row][vc_column width=&#8221;1\/4&#8243;][vc_column_text] Multilateral support [\/vc_column_text][\/vc_column][vc_column width=&#8221;3\/4&#8243;][vc_single_image image=&#8221;11309&#8243; img_size=&#8221;medium&#8221;][\/vc_column][\/vc_row][vc_row vc_row_background=&#8221;&#8221; [&hellip;]\" \/>\n<meta property=\"og:url\" content=\"https:\/\/test.prueba-12.shop\/en\/energy-efficiency-program-for-latin-america-and-the-caribbean-palcee-phases-i-ii-and-iii\/\" \/>\n<meta property=\"og:site_name\" content=\"OLACDE\" \/>\n<meta property=\"article:publisher\" content=\"https:\/\/www.facebook.com\/OLADEORG\" \/>\n<meta property=\"article:modified_time\" content=\"2022-01-17T17:28:30+00:00\" \/>\n<meta property=\"og:image\" content=\"https:\/\/test.prueba-12.shop\/wp-content\/uploads\/2020\/06\/palcee.jpg\" \/>\n\t<meta property=\"og:image:width\" content=\"1920\" \/>\n\t<meta property=\"og:image:height\" content=\"500\" \/>\n\t<meta property=\"og:image:type\" content=\"image\/jpeg\" \/>\n<meta name=\"twitter:card\" content=\"summary_large_image\" \/>\n<meta name=\"twitter:site\" content=\"@OLADEORG\" \/>\n<meta name=\"twitter:label1\" content=\"Est. reading time\" \/>\n\t<meta name=\"twitter:data1\" content=\"2 minutes\" \/>\n<script type=\"application\/ld+json\" class=\"yoast-schema-graph\">{\"@context\":\"https:\/\/schema.org\",\"@graph\":[{\"@type\":\"WebPage\",\"@id\":\"https:\/\/test.prueba-12.shop\/en\/energy-efficiency-program-for-latin-america-and-the-caribbean-palcee-phases-i-ii-and-iii\/\",\"url\":\"https:\/\/test.prueba-12.shop\/en\/energy-efficiency-program-for-latin-america-and-the-caribbean-palcee-phases-i-ii-and-iii\/\",\"name\":\"Energy Efficiency Program for Latin America and the Caribbean (PALCEE), phases I, II and III - OLACDE\",\"isPartOf\":{\"@id\":\"https:\/\/test.prueba-12.shop\/en\/#website\"},\"primaryImageOfPage\":{\"@id\":\"https:\/\/test.prueba-12.shop\/en\/energy-efficiency-program-for-latin-america-and-the-caribbean-palcee-phases-i-ii-and-iii\/#primaryimage\"},\"image\":{\"@id\":\"https:\/\/test.prueba-12.shop\/en\/energy-efficiency-program-for-latin-america-and-the-caribbean-palcee-phases-i-ii-and-iii\/#primaryimage\"},\"thumbnailUrl\":\"https:\/\/test.prueba-12.shop\/wp-content\/uploads\/2020\/06\/palcee.jpg\",\"datePublished\":\"2020-06-05T14:16:17+00:00\",\"dateModified\":\"2022-01-17T17:28:30+00:00\",\"breadcrumb\":{\"@id\":\"https:\/\/test.prueba-12.shop\/en\/energy-efficiency-program-for-latin-america-and-the-caribbean-palcee-phases-i-ii-and-iii\/#breadcrumb\"},\"inLanguage\":\"en-US\",\"potentialAction\":[{\"@type\":\"ReadAction\",\"target\":[\"https:\/\/test.prueba-12.shop\/en\/energy-efficiency-program-for-latin-america-and-the-caribbean-palcee-phases-i-ii-and-iii\/\"]}]},{\"@type\":\"ImageObject\",\"inLanguage\":\"en-US\",\"@id\":\"https:\/\/test.prueba-12.shop\/en\/energy-efficiency-program-for-latin-america-and-the-caribbean-palcee-phases-i-ii-and-iii\/#primaryimage\",\"url\":\"https:\/\/test.prueba-12.shop\/wp-content\/uploads\/2020\/06\/palcee.jpg\",\"contentUrl\":\"https:\/\/test.prueba-12.shop\/wp-content\/uploads\/2020\/06\/palcee.jpg\",\"width\":1920,\"height\":500},{\"@type\":\"BreadcrumbList\",\"@id\":\"https:\/\/test.prueba-12.shop\/en\/energy-efficiency-program-for-latin-america-and-the-caribbean-palcee-phases-i-ii-and-iii\/#breadcrumb\",\"itemListElement\":[{\"@type\":\"ListItem\",\"position\":1,\"name\":\"Home\",\"item\":\"https:\/\/test.prueba-12.shop\/en\/\"},{\"@type\":\"ListItem\",\"position\":2,\"name\":\"Energy Efficiency Program for Latin America and the Caribbean (PALCEE), phases I, II and III\"}]},{\"@type\":\"WebSite\",\"@id\":\"https:\/\/test.prueba-12.shop\/en\/#website\",\"url\":\"https:\/\/test.prueba-12.shop\/en\/\",\"name\":\"OLADE\",\"description\":\"La Organizaci\u00f3n Latinoamericana y Caribe\u00f1a de Energ\u00eda\",\"publisher\":{\"@id\":\"https:\/\/test.prueba-12.shop\/en\/#organization\"},\"potentialAction\":[{\"@type\":\"SearchAction\",\"target\":{\"@type\":\"EntryPoint\",\"urlTemplate\":\"https:\/\/test.prueba-12.shop\/en\/?s={search_term_string}\"},\"query-input\":\"required name=search_term_string\"}],\"inLanguage\":\"en-US\"},{\"@type\":\"Organization\",\"@id\":\"https:\/\/test.prueba-12.shop\/en\/#organization\",\"name\":\"OLADE\",\"url\":\"https:\/\/test.prueba-12.shop\/en\/\",\"logo\":{\"@type\":\"ImageObject\",\"inLanguage\":\"en-US\",\"@id\":\"https:\/\/test.prueba-12.shop\/en\/#\/schema\/logo\/image\/\",\"url\":\"https:\/\/test.prueba-12.shop\/wp-content\/uploads\/2024\/03\/Logo-OLADE-WEB_Color.png\",\"contentUrl\":\"https:\/\/test.prueba-12.shop\/wp-content\/uploads\/2024\/03\/Logo-OLADE-WEB_Color.png\",\"width\":300,\"height\":132,\"caption\":\"OLADE\"},\"image\":{\"@id\":\"https:\/\/test.prueba-12.shop\/en\/#\/schema\/logo\/image\/\"},\"sameAs\":[\"https:\/\/www.facebook.com\/OLADEORG\",\"https:\/\/x.com\/OLADEORG\",\"https:\/\/www.youtube.com\/user\/oladeorg\",\"https:\/\/www.instagram.com\/oladealc\/\",\"https:\/\/www.linkedin.com\/company\/olade\/\"],\"description\":\"La Organizaci\u00f3n Latinoamericana de Energ\u00eda (OLADE) es un organismo de cooperaci\u00f3n, coordinaci\u00f3n y asesor\u00eda t\u00e9cnica, de car\u00e1cter p\u00fablico intergubernamental, constituido el 2 de noviembre de 1973 mediante la suscripci\u00f3n del Convenio de Lima, ratificado por 27 pa\u00edses de Am\u00e9rica Latina y El Caribe, con el objetivo fundamental de fomentar la integraci\u00f3n, conservaci\u00f3n, racional aprovechamiento, comercializaci\u00f3n y defensa de los recursos energ\u00e9ticos de la Regi\u00f3n.\",\"email\":\"info@test.prueba-12.shop\",\"telephone\":\"+59322598122\",\"legalName\":\"Organizaci\u00f3n Latinoamericana de Energ\u00eda\",\"foundingDate\":\"1973-11-02\",\"numberOfEmployees\":{\"@type\":\"QuantitativeValue\",\"minValue\":\"51\",\"maxValue\":\"200\"}}]}<\/script>\n<!-- \/ Yoast SEO Premium plugin. -->","yoast_head_json":{"title":"Energy Efficiency Program for Latin America and the Caribbean (PALCEE), phases I, II and III - OLACDE","robots":{"index":"noindex","follow":"follow","max-snippet":"max-snippet:-1","max-image-preview":"max-image-preview:large","max-video-preview":"max-video-preview:-1"},"og_locale":"en_US","og_type":"article","og_title":"Energy Efficiency Program for Latin America and the Caribbean (PALCEE), phases I, II and III","og_description":"[vc_row][vc_column][vc_row_inner][vc_column_inner width=&#8221;1\/2&#8243;][vc_column_text] Objective To consolidate the development of energy efficiency in OLACDE Member Countries by strengthening the institutional framework for energy efficiency, developing technical and governance capacities, and reinforcing existing energy efficiency initiatives.[\/vc_column_text][\/vc_column_inner][vc_column_inner width=&#8221;1\/2&#8243;][vc_column_text] Beneficiary countries El Salvador, Nicaragua, Jamaica, Guyana, Granada, Belize, Dominican Republic, and Panama.[\/vc_column_text][\/vc_column_inner][\/vc_row_inner][\/vc_column][\/vc_row][vc_row][vc_column width=&#8221;1\/4&#8243;][vc_column_text] Multilateral support [\/vc_column_text][\/vc_column][vc_column width=&#8221;3\/4&#8243;][vc_single_image image=&#8221;11309&#8243; img_size=&#8221;medium&#8221;][\/vc_column][\/vc_row][vc_row vc_row_background=&#8221;&#8221; [&hellip;]","og_url":"https:\/\/test.prueba-12.shop\/en\/energy-efficiency-program-for-latin-america-and-the-caribbean-palcee-phases-i-ii-and-iii\/","og_site_name":"OLACDE","article_publisher":"https:\/\/www.facebook.com\/OLADEORG","article_modified_time":"2022-01-17T17:28:30+00:00","og_image":[{"width":1920,"height":500,"url":"https:\/\/test.prueba-12.shop\/wp-content\/uploads\/2020\/06\/palcee.jpg","type":"image\/jpeg"}],"twitter_card":"summary_large_image","twitter_site":"@OLADEORG","twitter_misc":{"Est. reading time":"2 minutes"},"schema":{"@context":"https:\/\/schema.org","@graph":[{"@type":"WebPage","@id":"https:\/\/test.prueba-12.shop\/en\/energy-efficiency-program-for-latin-america-and-the-caribbean-palcee-phases-i-ii-and-iii\/","url":"https:\/\/test.prueba-12.shop\/en\/energy-efficiency-program-for-latin-america-and-the-caribbean-palcee-phases-i-ii-and-iii\/","name":"Energy Efficiency Program for Latin America and the Caribbean (PALCEE), phases I, II and III - OLACDE","isPartOf":{"@id":"https:\/\/test.prueba-12.shop\/en\/#website"},"primaryImageOfPage":{"@id":"https:\/\/test.prueba-12.shop\/en\/energy-efficiency-program-for-latin-america-and-the-caribbean-palcee-phases-i-ii-and-iii\/#primaryimage"},"image":{"@id":"https:\/\/test.prueba-12.shop\/en\/energy-efficiency-program-for-latin-america-and-the-caribbean-palcee-phases-i-ii-and-iii\/#primaryimage"},"thumbnailUrl":"https:\/\/test.prueba-12.shop\/wp-content\/uploads\/2020\/06\/palcee.jpg","datePublished":"2020-06-05T14:16:17+00:00","dateModified":"2022-01-17T17:28:30+00:00","breadcrumb":{"@id":"https:\/\/test.prueba-12.shop\/en\/energy-efficiency-program-for-latin-america-and-the-caribbean-palcee-phases-i-ii-and-iii\/#breadcrumb"},"inLanguage":"en-US","potentialAction":[{"@type":"ReadAction","target":["https:\/\/test.prueba-12.shop\/en\/energy-efficiency-program-for-latin-america-and-the-caribbean-palcee-phases-i-ii-and-iii\/"]}]},{"@type":"ImageObject","inLanguage":"en-US","@id":"https:\/\/test.prueba-12.shop\/en\/energy-efficiency-program-for-latin-america-and-the-caribbean-palcee-phases-i-ii-and-iii\/#primaryimage","url":"https:\/\/test.prueba-12.shop\/wp-content\/uploads\/2020\/06\/palcee.jpg","contentUrl":"https:\/\/test.prueba-12.shop\/wp-content\/uploads\/2020\/06\/palcee.jpg","width":1920,"height":500},{"@type":"BreadcrumbList","@id":"https:\/\/test.prueba-12.shop\/en\/energy-efficiency-program-for-latin-america-and-the-caribbean-palcee-phases-i-ii-and-iii\/#breadcrumb","itemListElement":[{"@type":"ListItem","position":1,"name":"Home","item":"https:\/\/test.prueba-12.shop\/en\/"},{"@type":"ListItem","position":2,"name":"Energy Efficiency Program for Latin America and the Caribbean (PALCEE), phases I, II and III"}]},{"@type":"WebSite","@id":"https:\/\/test.prueba-12.shop\/en\/#website","url":"https:\/\/test.prueba-12.shop\/en\/","name":"OLADE","description":"La Organizaci\u00f3n Latinoamericana y Caribe\u00f1a de Energ\u00eda","publisher":{"@id":"https:\/\/test.prueba-12.shop\/en\/#organization"},"potentialAction":[{"@type":"SearchAction","target":{"@type":"EntryPoint","urlTemplate":"https:\/\/test.prueba-12.shop\/en\/?s={search_term_string}"},"query-input":"required name=search_term_string"}],"inLanguage":"en-US"},{"@type":"Organization","@id":"https:\/\/test.prueba-12.shop\/en\/#organization","name":"OLADE","url":"https:\/\/test.prueba-12.shop\/en\/","logo":{"@type":"ImageObject","inLanguage":"en-US","@id":"https:\/\/test.prueba-12.shop\/en\/#\/schema\/logo\/image\/","url":"https:\/\/test.prueba-12.shop\/wp-content\/uploads\/2024\/03\/Logo-OLADE-WEB_Color.png","contentUrl":"https:\/\/test.prueba-12.shop\/wp-content\/uploads\/2024\/03\/Logo-OLADE-WEB_Color.png","width":300,"height":132,"caption":"OLADE"},"image":{"@id":"https:\/\/test.prueba-12.shop\/en\/#\/schema\/logo\/image\/"},"sameAs":["https:\/\/www.facebook.com\/OLADEORG","https:\/\/x.com\/OLADEORG","https:\/\/www.youtube.com\/user\/oladeorg","https:\/\/www.instagram.com\/oladealc\/","https:\/\/www.linkedin.com\/company\/olade\/"],"description":"La Organizaci\u00f3n Latinoamericana de Energ\u00eda (OLADE) es un organismo de cooperaci\u00f3n, coordinaci\u00f3n y asesor\u00eda t\u00e9cnica, de car\u00e1cter p\u00fablico intergubernamental, constituido el 2 de noviembre de 1973 mediante la suscripci\u00f3n del Convenio de Lima, ratificado por 27 pa\u00edses de Am\u00e9rica Latina y El Caribe, con el objetivo fundamental de fomentar la integraci\u00f3n, conservaci\u00f3n, racional aprovechamiento, comercializaci\u00f3n y defensa de los recursos energ\u00e9ticos de la Regi\u00f3n.","email":"info@test.prueba-12.shop","telephone":"+59322598122","legalName":"Organizaci\u00f3n Latinoamericana de Energ\u00eda","foundingDate":"1973-11-02","numberOfEmployees":{"@type":"QuantitativeValue","minValue":"51","maxValue":"200"}}]}},"_links":{"self":[{"href":"https:\/\/test.prueba-12.shop\/en\/wp-json\/wp\/v2\/pages\/12566","targetHints":{"allow":["GET"]}}],"collection":[{"href":"https:\/\/test.prueba-12.shop\/en\/wp-json\/wp\/v2\/pages"}],"about":[{"href":"https:\/\/test.prueba-12.shop\/en\/wp-json\/wp\/v2\/types\/page"}],"author":[{"embeddable":true,"href":"https:\/\/test.prueba-12.shop\/en\/wp-json\/wp\/v2\/users\/1"}],"replies":[{"embeddable":true,"href":"https:\/\/test.prueba-12.shop\/en\/wp-json\/wp\/v2\/comments?post=12566"}],"version-history":[{"count":5,"href":"https:\/\/test.prueba-12.shop\/en\/wp-json\/wp\/v2\/pages\/12566\/revisions"}],"predecessor-version":[{"id":15142,"href":"https:\/\/test.prueba-12.shop\/en\/wp-json\/wp\/v2\/pages\/12566\/revisions\/15142"}],"wp:featuredmedia":[{"embeddable":true,"href":"https:\/\/test.prueba-12.shop\/en\/wp-json\/wp\/v2\/media\/12022"}],"wp:attachment":[{"href":"https:\/\/test.prueba-12.shop\/en\/wp-json\/wp\/v2\/media?parent=12566"}],"curies":[{"name":"wp","href":"https:\/\/api.w.org\/{rel}","templated":true}]}}