{"id":12552,"date":"2020-06-22T09:25:31","date_gmt":"2020-06-22T14:25:31","guid":{"rendered":"https:\/\/test.prueba-12.shop\/?page_id=12552"},"modified":"2021-05-03T14:46:38","modified_gmt":"2021-05-03T19:46:38","slug":"latin-american-and-caribbean-energy-information-system-sielac","status":"publish","type":"page","link":"https:\/\/test.prueba-12.shop\/en\/latin-american-and-caribbean-energy-information-system-sielac\/","title":{"rendered":"Latin American and Caribbean Energy Information System (sieLAC)"},"content":{"rendered":"<div class=\"wpb-content-wrapper\"><p>[vc_row][vc_column][vc_row_inner][vc_column_inner width=&#8221;1\/2&#8243;][vc_column_text]<\/p>\n<blockquote>\n<p><b>Objective<\/b><\/p>\n<\/blockquote>\n<p>To promote technical cooperation, the exchange and dissemination of statistical, legal and documentary information on the energy sector and make available to the authorities and the general public, a regional platform with the most relevant information from the OLACDE Member Countries..[\/vc_column_text][\/vc_column_inner][vc_column_inner width=&#8221;1\/2&#8243;][vc_column_text]<\/p>\n<blockquote>\n<p><strong>Beneficiary countries<\/strong><\/p>\n<\/blockquote>\n<p>OLACDE&#8217;s 27 Member Countries[\/vc_column_text][\/vc_column_inner][\/vc_row_inner][\/vc_column][\/vc_row][vc_row][vc_column width=&#8221;1\/4&#8243;][vc_column_text]<\/p>\n<blockquote>\n<p style=\"text-align: left;\"><strong>Multilateral support<\/strong><\/p>\n<\/blockquote>\n<p>[\/vc_column_text][\/vc_column][vc_column width=&#8221;3\/4&#8243;][vc_single_image image=&#8221;12403&#8243; img_size=&#8221;large&#8221;][\/vc_column][\/vc_row][vc_row vc_row_background=&#8221;&#8221; css=&#8221;.vc_custom_1590766344410{background-color: #f4f4f4 !important;}&#8221;][vc_column][vc_column_text css=&#8221;.vc_custom_1592852344614{margin-top: 10px !important;}&#8221;]<\/p>\n<blockquote>\n<p><strong>Outstanding results<\/strong><\/p>\n<\/blockquote>\n<p>-Updated energy information of OLACDE&#8217;s 27 Member Countries; subregionally and regionally consolidated in the areas of: prices, reserves, supply demand, energy infrastructure, economy, environment, indicators and world information.<\/p>\n<p>&#8211; Registers official information, which is provided through the focal points (sieLAC advisers), designated by the Ministries \/ Secretariats of Energy or entities related to the sector.<\/p>\n<p>&#8211; The sieLAC becomes a source of information and a point of reference for the different decision makers in the public and private sector, academia, investors, international agencies and consultants.<\/p>\n<p>&#8211; It offers tools for the analysis of information such as data visualizers and infographics, which show the historical and energy behavior by country, subregion and region.<\/p>\n<p>&#8211; Higher level of harmonization of energy statistics aligned with international recommendations.<\/p>\n<p>&#8211; Strengthening capacities in the collection, processing and analysis of data in the region, through the execution of workshops and face-to-face or virtual work meetings.<br \/>\n&#8211; Cooperation with International Agencies for the exchange of information.[\/vc_column_text][\/vc_column][\/vc_row][vc_row][vc_column width=&#8221;1\/2&#8243;][vc_separator border_width=&#8221;2&#8243;][vc_empty_space][vc_column_text css=&#8221;.vc_custom_1620071195225{background-color: #ffffff !important;}&#8221;]<\/p>\n<blockquote>\n<p><b>Final products<\/b><\/p>\n<\/blockquote>\n<ul>\n<li>Regional Energy Platform that integrates and processes the statistical, legal and documentary information of OLACDE&#8217;s 27 Member Countries, based on standardized methodologies that allow the comparison of the energy sector at the national, subregional and regional levels.<\/li>\n<li>Staff trained in the methodologies developed by OLACDE for the collection and processing of energy information.<\/li>\n<li>Standardized data collection forms.<\/li>\n<li>Energy Statistics Manual <a href=\"https:\/\/test.prueba-12.shop\/publicaciones\/manual-estadistica-energetica-2017\/\">http:\/\/www.OLACDE.org\/publicaciones\/manual-estadistica-energetica-2017\/<\/a><\/li>\n<li>Access to sieLAC is free from the following link: <a href=\"https:\/\/sielac.OLACDE.org\/default.aspx\">https:\/\/sielac.OLACDE.org\/default.aspx<\/a><\/li>\n<\/ul>\n<p>[\/vc_column_text][\/vc_column][vc_column width=&#8221;1\/2&#8243;][vc_empty_space][\/vc_column][\/vc_row]<\/p>\n<\/div>","protected":false},"excerpt":{"rendered":"<p>[vc_row][vc_column][vc_row_inner][vc_column_inner width=&#8221;1\/2&#8243;][vc_column_text] Objective To promote technical cooperation, the exchange and dissemination of statistical, legal and documentary information on the energy sector and make available to the authorities and the general public, a regional platform with the most relevant information from the OLACDE Member Countries..[\/vc_column_text][\/vc_column_inner][vc_column_inner width=&#8221;1\/2&#8243;][vc_column_text] Beneficiary countries OLACDE&#8217;s 27 Member Countries[\/vc_column_text][\/vc_column_inner][\/vc_row_inner][\/vc_column][\/vc_row][vc_row][vc_column width=&#8221;1\/4&#8243;][vc_column_text] Multilateral support [\/vc_column_text][\/vc_column][vc_column [&hellip;]<\/p>\n","protected":false},"author":1,"featured_media":12400,"parent":0,"menu_order":0,"comment_status":"closed","ping_status":"closed","template":"","meta":{"_acf_changed":false,"footnotes":""},"class_list":["post-12552","page","type-page","status-publish","has-post-thumbnail","hentry"],"acf":[],"yoast_head":"<!-- This site is optimized with the Yoast SEO Premium plugin v23.0 (Yoast SEO v23.1) - https:\/\/yoast.com\/wordpress\/plugins\/seo\/ -->\n<title>Latin American and Caribbean Energy Information System (sieLAC) - OLACDE<\/title>\n<meta name=\"robots\" content=\"noindex, follow, max-snippet:-1, max-image-preview:large, max-video-preview:-1\" \/>\n<meta property=\"og:locale\" content=\"en_US\" \/>\n<meta property=\"og:type\" content=\"article\" \/>\n<meta property=\"og:title\" content=\"Latin American and Caribbean Energy Information System (sieLAC)\" \/>\n<meta property=\"og:description\" content=\"[vc_row][vc_column][vc_row_inner][vc_column_inner width=&#8221;1\/2&#8243;][vc_column_text] Objective To promote technical cooperation, the exchange and dissemination of statistical, legal and documentary information on the energy sector and make available to the authorities and the general public, a regional platform with the most relevant information from the OLACDE Member Countries..[\/vc_column_text][\/vc_column_inner][vc_column_inner width=&#8221;1\/2&#8243;][vc_column_text] Beneficiary countries OLACDE&#8217;s 27 Member Countries[\/vc_column_text][\/vc_column_inner][\/vc_row_inner][\/vc_column][\/vc_row][vc_row][vc_column width=&#8221;1\/4&#8243;][vc_column_text] Multilateral support [\/vc_column_text][\/vc_column][vc_column [&hellip;]\" \/>\n<meta property=\"og:url\" content=\"https:\/\/test.prueba-12.shop\/en\/latin-american-and-caribbean-energy-information-system-sielac\/\" \/>\n<meta property=\"og:site_name\" content=\"OLACDE\" \/>\n<meta property=\"article:publisher\" content=\"https:\/\/www.facebook.com\/OLADEORG\" \/>\n<meta property=\"article:modified_time\" content=\"2021-05-03T19:46:38+00:00\" \/>\n<meta property=\"og:image\" content=\"https:\/\/test.prueba-12.shop\/wp-content\/uploads\/2020\/06\/Captura-de-Pantalla-2020-06-22-a-las-09.28.58.png\" \/>\n\t<meta property=\"og:image:width\" content=\"2418\" \/>\n\t<meta property=\"og:image:height\" content=\"596\" \/>\n\t<meta property=\"og:image:type\" content=\"image\/png\" \/>\n<meta name=\"twitter:card\" content=\"summary_large_image\" \/>\n<meta name=\"twitter:site\" content=\"@OLADEORG\" \/>\n<meta name=\"twitter:label1\" content=\"Est. reading time\" \/>\n\t<meta name=\"twitter:data1\" content=\"2 minutes\" \/>\n<script type=\"application\/ld+json\" class=\"yoast-schema-graph\">{\"@context\":\"https:\/\/schema.org\",\"@graph\":[{\"@type\":\"WebPage\",\"@id\":\"https:\/\/test.prueba-12.shop\/en\/latin-american-and-caribbean-energy-information-system-sielac\/\",\"url\":\"https:\/\/test.prueba-12.shop\/en\/latin-american-and-caribbean-energy-information-system-sielac\/\",\"name\":\"Latin American and Caribbean Energy Information System (sieLAC) - OLACDE\",\"isPartOf\":{\"@id\":\"https:\/\/test.prueba-12.shop\/en\/#website\"},\"primaryImageOfPage\":{\"@id\":\"https:\/\/test.prueba-12.shop\/en\/latin-american-and-caribbean-energy-information-system-sielac\/#primaryimage\"},\"image\":{\"@id\":\"https:\/\/test.prueba-12.shop\/en\/latin-american-and-caribbean-energy-information-system-sielac\/#primaryimage\"},\"thumbnailUrl\":\"https:\/\/test.prueba-12.shop\/wp-content\/uploads\/2020\/06\/Captura-de-Pantalla-2020-06-22-a-las-09.28.58.png\",\"datePublished\":\"2020-06-22T14:25:31+00:00\",\"dateModified\":\"2021-05-03T19:46:38+00:00\",\"breadcrumb\":{\"@id\":\"https:\/\/test.prueba-12.shop\/en\/latin-american-and-caribbean-energy-information-system-sielac\/#breadcrumb\"},\"inLanguage\":\"en-US\",\"potentialAction\":[{\"@type\":\"ReadAction\",\"target\":[\"https:\/\/test.prueba-12.shop\/en\/latin-american-and-caribbean-energy-information-system-sielac\/\"]}]},{\"@type\":\"ImageObject\",\"inLanguage\":\"en-US\",\"@id\":\"https:\/\/test.prueba-12.shop\/en\/latin-american-and-caribbean-energy-information-system-sielac\/#primaryimage\",\"url\":\"https:\/\/test.prueba-12.shop\/wp-content\/uploads\/2020\/06\/Captura-de-Pantalla-2020-06-22-a-las-09.28.58.png\",\"contentUrl\":\"https:\/\/test.prueba-12.shop\/wp-content\/uploads\/2020\/06\/Captura-de-Pantalla-2020-06-22-a-las-09.28.58.png\",\"width\":2418,\"height\":596},{\"@type\":\"BreadcrumbList\",\"@id\":\"https:\/\/test.prueba-12.shop\/en\/latin-american-and-caribbean-energy-information-system-sielac\/#breadcrumb\",\"itemListElement\":[{\"@type\":\"ListItem\",\"position\":1,\"name\":\"Home\",\"item\":\"https:\/\/test.prueba-12.shop\/en\/\"},{\"@type\":\"ListItem\",\"position\":2,\"name\":\"Latin American and Caribbean Energy Information System (sieLAC)\"}]},{\"@type\":\"WebSite\",\"@id\":\"https:\/\/test.prueba-12.shop\/en\/#website\",\"url\":\"https:\/\/test.prueba-12.shop\/en\/\",\"name\":\"OLADE\",\"description\":\"La Organizaci\u00f3n Latinoamericana y Caribe\u00f1a de Energ\u00eda\",\"publisher\":{\"@id\":\"https:\/\/test.prueba-12.shop\/en\/#organization\"},\"potentialAction\":[{\"@type\":\"SearchAction\",\"target\":{\"@type\":\"EntryPoint\",\"urlTemplate\":\"https:\/\/test.prueba-12.shop\/en\/?s={search_term_string}\"},\"query-input\":\"required name=search_term_string\"}],\"inLanguage\":\"en-US\"},{\"@type\":\"Organization\",\"@id\":\"https:\/\/test.prueba-12.shop\/en\/#organization\",\"name\":\"OLADE\",\"url\":\"https:\/\/test.prueba-12.shop\/en\/\",\"logo\":{\"@type\":\"ImageObject\",\"inLanguage\":\"en-US\",\"@id\":\"https:\/\/test.prueba-12.shop\/en\/#\/schema\/logo\/image\/\",\"url\":\"https:\/\/test.prueba-12.shop\/wp-content\/uploads\/2024\/03\/Logo-OLADE-WEB_Color.png\",\"contentUrl\":\"https:\/\/test.prueba-12.shop\/wp-content\/uploads\/2024\/03\/Logo-OLADE-WEB_Color.png\",\"width\":300,\"height\":132,\"caption\":\"OLADE\"},\"image\":{\"@id\":\"https:\/\/test.prueba-12.shop\/en\/#\/schema\/logo\/image\/\"},\"sameAs\":[\"https:\/\/www.facebook.com\/OLADEORG\",\"https:\/\/x.com\/OLADEORG\",\"https:\/\/www.youtube.com\/user\/oladeorg\",\"https:\/\/www.instagram.com\/oladealc\/\",\"https:\/\/www.linkedin.com\/company\/olade\/\"],\"description\":\"La Organizaci\u00f3n Latinoamericana de Energ\u00eda (OLADE) es un organismo de cooperaci\u00f3n, coordinaci\u00f3n y asesor\u00eda t\u00e9cnica, de car\u00e1cter p\u00fablico intergubernamental, constituido el 2 de noviembre de 1973 mediante la suscripci\u00f3n del Convenio de Lima, ratificado por 27 pa\u00edses de Am\u00e9rica Latina y El Caribe, con el objetivo fundamental de fomentar la integraci\u00f3n, conservaci\u00f3n, racional aprovechamiento, comercializaci\u00f3n y defensa de los recursos energ\u00e9ticos de la Regi\u00f3n.\",\"email\":\"info@test.prueba-12.shop\",\"telephone\":\"+59322598122\",\"legalName\":\"Organizaci\u00f3n Latinoamericana de Energ\u00eda\",\"foundingDate\":\"1973-11-02\",\"numberOfEmployees\":{\"@type\":\"QuantitativeValue\",\"minValue\":\"51\",\"maxValue\":\"200\"}}]}<\/script>\n<!-- \/ Yoast SEO Premium plugin. -->","yoast_head_json":{"title":"Latin American and Caribbean Energy Information System (sieLAC) - OLACDE","robots":{"index":"noindex","follow":"follow","max-snippet":"max-snippet:-1","max-image-preview":"max-image-preview:large","max-video-preview":"max-video-preview:-1"},"og_locale":"en_US","og_type":"article","og_title":"Latin American and Caribbean Energy Information System (sieLAC)","og_description":"[vc_row][vc_column][vc_row_inner][vc_column_inner width=&#8221;1\/2&#8243;][vc_column_text] Objective To promote technical cooperation, the exchange and dissemination of statistical, legal and documentary information on the energy sector and make available to the authorities and the general public, a regional platform with the most relevant information from the OLACDE Member Countries..[\/vc_column_text][\/vc_column_inner][vc_column_inner width=&#8221;1\/2&#8243;][vc_column_text] Beneficiary countries OLACDE&#8217;s 27 Member Countries[\/vc_column_text][\/vc_column_inner][\/vc_row_inner][\/vc_column][\/vc_row][vc_row][vc_column width=&#8221;1\/4&#8243;][vc_column_text] Multilateral support [\/vc_column_text][\/vc_column][vc_column [&hellip;]","og_url":"https:\/\/test.prueba-12.shop\/en\/latin-american-and-caribbean-energy-information-system-sielac\/","og_site_name":"OLACDE","article_publisher":"https:\/\/www.facebook.com\/OLADEORG","article_modified_time":"2021-05-03T19:46:38+00:00","og_image":[{"width":2418,"height":596,"url":"https:\/\/test.prueba-12.shop\/wp-content\/uploads\/2020\/06\/Captura-de-Pantalla-2020-06-22-a-las-09.28.58.png","type":"image\/png"}],"twitter_card":"summary_large_image","twitter_site":"@OLADEORG","twitter_misc":{"Est. reading time":"2 minutes"},"schema":{"@context":"https:\/\/schema.org","@graph":[{"@type":"WebPage","@id":"https:\/\/test.prueba-12.shop\/en\/latin-american-and-caribbean-energy-information-system-sielac\/","url":"https:\/\/test.prueba-12.shop\/en\/latin-american-and-caribbean-energy-information-system-sielac\/","name":"Latin American and Caribbean Energy Information System (sieLAC) - OLACDE","isPartOf":{"@id":"https:\/\/test.prueba-12.shop\/en\/#website"},"primaryImageOfPage":{"@id":"https:\/\/test.prueba-12.shop\/en\/latin-american-and-caribbean-energy-information-system-sielac\/#primaryimage"},"image":{"@id":"https:\/\/test.prueba-12.shop\/en\/latin-american-and-caribbean-energy-information-system-sielac\/#primaryimage"},"thumbnailUrl":"https:\/\/test.prueba-12.shop\/wp-content\/uploads\/2020\/06\/Captura-de-Pantalla-2020-06-22-a-las-09.28.58.png","datePublished":"2020-06-22T14:25:31+00:00","dateModified":"2021-05-03T19:46:38+00:00","breadcrumb":{"@id":"https:\/\/test.prueba-12.shop\/en\/latin-american-and-caribbean-energy-information-system-sielac\/#breadcrumb"},"inLanguage":"en-US","potentialAction":[{"@type":"ReadAction","target":["https:\/\/test.prueba-12.shop\/en\/latin-american-and-caribbean-energy-information-system-sielac\/"]}]},{"@type":"ImageObject","inLanguage":"en-US","@id":"https:\/\/test.prueba-12.shop\/en\/latin-american-and-caribbean-energy-information-system-sielac\/#primaryimage","url":"https:\/\/test.prueba-12.shop\/wp-content\/uploads\/2020\/06\/Captura-de-Pantalla-2020-06-22-a-las-09.28.58.png","contentUrl":"https:\/\/test.prueba-12.shop\/wp-content\/uploads\/2020\/06\/Captura-de-Pantalla-2020-06-22-a-las-09.28.58.png","width":2418,"height":596},{"@type":"BreadcrumbList","@id":"https:\/\/test.prueba-12.shop\/en\/latin-american-and-caribbean-energy-information-system-sielac\/#breadcrumb","itemListElement":[{"@type":"ListItem","position":1,"name":"Home","item":"https:\/\/test.prueba-12.shop\/en\/"},{"@type":"ListItem","position":2,"name":"Latin American and Caribbean Energy Information System (sieLAC)"}]},{"@type":"WebSite","@id":"https:\/\/test.prueba-12.shop\/en\/#website","url":"https:\/\/test.prueba-12.shop\/en\/","name":"OLADE","description":"La Organizaci\u00f3n Latinoamericana y Caribe\u00f1a de Energ\u00eda","publisher":{"@id":"https:\/\/test.prueba-12.shop\/en\/#organization"},"potentialAction":[{"@type":"SearchAction","target":{"@type":"EntryPoint","urlTemplate":"https:\/\/test.prueba-12.shop\/en\/?s={search_term_string}"},"query-input":"required name=search_term_string"}],"inLanguage":"en-US"},{"@type":"Organization","@id":"https:\/\/test.prueba-12.shop\/en\/#organization","name":"OLADE","url":"https:\/\/test.prueba-12.shop\/en\/","logo":{"@type":"ImageObject","inLanguage":"en-US","@id":"https:\/\/test.prueba-12.shop\/en\/#\/schema\/logo\/image\/","url":"https:\/\/test.prueba-12.shop\/wp-content\/uploads\/2024\/03\/Logo-OLADE-WEB_Color.png","contentUrl":"https:\/\/test.prueba-12.shop\/wp-content\/uploads\/2024\/03\/Logo-OLADE-WEB_Color.png","width":300,"height":132,"caption":"OLADE"},"image":{"@id":"https:\/\/test.prueba-12.shop\/en\/#\/schema\/logo\/image\/"},"sameAs":["https:\/\/www.facebook.com\/OLADEORG","https:\/\/x.com\/OLADEORG","https:\/\/www.youtube.com\/user\/oladeorg","https:\/\/www.instagram.com\/oladealc\/","https:\/\/www.linkedin.com\/company\/olade\/"],"description":"La Organizaci\u00f3n Latinoamericana de Energ\u00eda (OLADE) es un organismo de cooperaci\u00f3n, coordinaci\u00f3n y asesor\u00eda t\u00e9cnica, de car\u00e1cter p\u00fablico intergubernamental, constituido el 2 de noviembre de 1973 mediante la suscripci\u00f3n del Convenio de Lima, ratificado por 27 pa\u00edses de Am\u00e9rica Latina y El Caribe, con el objetivo fundamental de fomentar la integraci\u00f3n, conservaci\u00f3n, racional aprovechamiento, comercializaci\u00f3n y defensa de los recursos energ\u00e9ticos de la Regi\u00f3n.","email":"info@test.prueba-12.shop","telephone":"+59322598122","legalName":"Organizaci\u00f3n Latinoamericana de Energ\u00eda","foundingDate":"1973-11-02","numberOfEmployees":{"@type":"QuantitativeValue","minValue":"51","maxValue":"200"}}]}},"_links":{"self":[{"href":"https:\/\/test.prueba-12.shop\/en\/wp-json\/wp\/v2\/pages\/12552","targetHints":{"allow":["GET"]}}],"collection":[{"href":"https:\/\/test.prueba-12.shop\/en\/wp-json\/wp\/v2\/pages"}],"about":[{"href":"https:\/\/test.prueba-12.shop\/en\/wp-json\/wp\/v2\/types\/page"}],"author":[{"embeddable":true,"href":"https:\/\/test.prueba-12.shop\/en\/wp-json\/wp\/v2\/users\/1"}],"replies":[{"embeddable":true,"href":"https:\/\/test.prueba-12.shop\/en\/wp-json\/wp\/v2\/comments?post=12552"}],"version-history":[{"count":5,"href":"https:\/\/test.prueba-12.shop\/en\/wp-json\/wp\/v2\/pages\/12552\/revisions"}],"predecessor-version":[{"id":14281,"href":"https:\/\/test.prueba-12.shop\/en\/wp-json\/wp\/v2\/pages\/12552\/revisions\/14281"}],"wp:featuredmedia":[{"embeddable":true,"href":"https:\/\/test.prueba-12.shop\/en\/wp-json\/wp\/v2\/media\/12400"}],"wp:attachment":[{"href":"https:\/\/test.prueba-12.shop\/en\/wp-json\/wp\/v2\/media?parent=12552"}],"curies":[{"name":"wp","href":"https:\/\/api.w.org\/{rel}","templated":true}]}}