{"id":12548,"date":"2020-06-22T13:19:01","date_gmt":"2020-06-22T18:19:01","guid":{"rendered":"https:\/\/test.prueba-12.shop\/?page_id=12548"},"modified":"2020-07-06T16:43:24","modified_gmt":"2020-07-06T21:43:24","slug":"preparation-of-the-energy-balance-in-terms-of-useful-energy-for-the-industrial-residential-transport-and-or-commercial-sectors","status":"publish","type":"page","link":"https:\/\/test.prueba-12.shop\/en\/preparation-of-the-energy-balance-in-terms-of-useful-energy-for-the-industrial-residential-transport-and-or-commercial-sectors\/","title":{"rendered":"Preparation of the Energy Balance in Terms of Useful Energy for the industrial, residential, transport and \/ or commercial sectors."},"content":{"rendered":"<div class=\"wpb-content-wrapper\"><p>[vc_row][vc_column][vc_row_inner][vc_column_inner width=&#8221;1\/2&#8243;][vc_column_text]<\/p>\n<blockquote>\n<p><b>Objective<\/b><\/p>\n<\/blockquote>\n<p>To strengthen the technical capacity of the institutions in charge of energy planning, in the management of information at the level of efficient use of energy for the preparation and monitoring of energy efficiency policies and plans.[\/vc_column_text][\/vc_column_inner][vc_column_inner width=&#8221;1\/2&#8243;][vc_column_text]<\/p>\n<blockquote>\n<p><strong>Beneficiary countries<\/strong><\/p>\n<\/blockquote>\n<p>Ecuador, Panam\u00e1 y Paraguay.[\/vc_column_text][\/vc_column_inner][\/vc_row_inner][\/vc_column][\/vc_row][vc_row][vc_column width=&#8221;1\/4&#8243;][vc_column_text]<\/p>\n<blockquote>\n<p style=\"text-align: left;\"><strong>Multilateral support<\/strong><\/p>\n<\/blockquote>\n<p>[\/vc_column_text][\/vc_column][vc_column width=&#8221;3\/4&#8243;][vc_single_image image=&#8221;12904&#8243; img_size=&#8221;large&#8221;][\/vc_column][\/vc_row][vc_row vc_row_background=&#8221;&#8221; css=&#8221;.vc_custom_1590766344410{background-color: #f4f4f4 !important;}&#8221;][vc_column][vc_column_text css=&#8221;.vc_custom_1592849862805{margin-top: 10px !important;}&#8221;]<\/p>\n<blockquote>\n<p><strong>Outstanding results<\/strong><\/p>\n<\/blockquote>\n<p>&#8211; Methodology for the development of Energy Balances in Terms of Useful Energy.<\/p>\n<p>&#8211; Roadmap for the development of Energy Balances in Terms of Useful Energy.<\/p>\n<p>&#8211; General analysis document on the activities to be carried out.<\/p>\n<p>&#8211; Technical proposal based on the analysis document for a country.<\/p>\n<p>&#8211; Interviewer Forms and Manuals for the industrial, residential and commercial sector.[\/vc_column_text][\/vc_column][\/vc_row][vc_row][vc_column width=&#8221;1\/2&#8243;][vc_separator border_width=&#8221;2&#8243;][vc_empty_space][vc_column_text css=&#8221;.vc_custom_1592849930024{background-color: #ffffff !important;}&#8221;]<\/p>\n<blockquote>\n<p><b>Final products<\/b><\/p>\n<\/blockquote>\n<ul>\n<li>Organizational and institutional structure that will allow the elaboration \/ updating of an Energy Balance in Useful Energy Terms.<\/li>\n<li>Updated energy profiles of the transport, industrial, commercial and services and \/ or residential sectors of the beneficiary countries.<\/li>\n<li>Sectoral energy information with sub-sectoral disaggregation, by source and uses, consumption habits, equipment, technology and energy efficiency.<\/li>\n<li>National energy balance in terms of useful energy.<\/li>\n<li>Workshops to present results.<\/li>\n<li>Training program for national groups of the Energy Balance in Useful Energy Terms.<\/li>\n<li>Project replicable to other countries in the region.<\/li>\n<\/ul>\n<p>[\/vc_column_text][\/vc_column][vc_column width=&#8221;1\/2&#8243;][vc_empty_space][\/vc_column][\/vc_row]<\/p>\n<\/div>","protected":false},"excerpt":{"rendered":"<p>[vc_row][vc_column][vc_row_inner][vc_column_inner width=&#8221;1\/2&#8243;][vc_column_text] Objective To strengthen the technical capacity of the institutions in charge of energy planning, in the management of information at the level of efficient use of energy for the preparation and monitoring of energy efficiency policies and plans.[\/vc_column_text][\/vc_column_inner][vc_column_inner width=&#8221;1\/2&#8243;][vc_column_text] Beneficiary countries Ecuador, Panam\u00e1 y Paraguay.[\/vc_column_text][\/vc_column_inner][\/vc_row_inner][\/vc_column][\/vc_row][vc_row][vc_column width=&#8221;1\/4&#8243;][vc_column_text] Multilateral support [\/vc_column_text][\/vc_column][vc_column width=&#8221;3\/4&#8243;][vc_single_image image=&#8221;12904&#8243; img_size=&#8221;large&#8221;][\/vc_column][\/vc_row][vc_row vc_row_background=&#8221;&#8221; [&hellip;]<\/p>\n","protected":false},"author":1,"featured_media":12901,"parent":0,"menu_order":0,"comment_status":"closed","ping_status":"closed","template":"","meta":{"_acf_changed":false,"footnotes":""},"class_list":["post-12548","page","type-page","status-publish","has-post-thumbnail","hentry"],"acf":[],"yoast_head":"<!-- This site is optimized with the Yoast SEO Premium plugin v23.0 (Yoast SEO v23.1) - https:\/\/yoast.com\/wordpress\/plugins\/seo\/ -->\n<title>Preparation of the Energy Balance in Terms of Useful Energy for the industrial, residential, transport and \/ or commercial sectors. - OLACDE<\/title>\n<meta name=\"robots\" content=\"noindex, follow, max-snippet:-1, max-image-preview:large, max-video-preview:-1\" \/>\n<meta property=\"og:locale\" content=\"en_US\" \/>\n<meta property=\"og:type\" content=\"article\" \/>\n<meta property=\"og:title\" content=\"Preparation of the Energy Balance in Terms of Useful Energy for the industrial, residential, transport and \/ or commercial sectors.\" \/>\n<meta property=\"og:description\" content=\"[vc_row][vc_column][vc_row_inner][vc_column_inner width=&#8221;1\/2&#8243;][vc_column_text] Objective To strengthen the technical capacity of the institutions in charge of energy planning, in the management of information at the level of efficient use of energy for the preparation and monitoring of energy efficiency policies and plans.[\/vc_column_text][\/vc_column_inner][vc_column_inner width=&#8221;1\/2&#8243;][vc_column_text] Beneficiary countries Ecuador, Panam\u00e1 y Paraguay.[\/vc_column_text][\/vc_column_inner][\/vc_row_inner][\/vc_column][\/vc_row][vc_row][vc_column width=&#8221;1\/4&#8243;][vc_column_text] Multilateral support [\/vc_column_text][\/vc_column][vc_column width=&#8221;3\/4&#8243;][vc_single_image image=&#8221;12904&#8243; img_size=&#8221;large&#8221;][\/vc_column][\/vc_row][vc_row vc_row_background=&#8221;&#8221; [&hellip;]\" \/>\n<meta property=\"og:url\" content=\"https:\/\/test.prueba-12.shop\/en\/preparation-of-the-energy-balance-in-terms-of-useful-energy-for-the-industrial-residential-transport-and-or-commercial-sectors\/\" \/>\n<meta property=\"og:site_name\" content=\"OLACDE\" \/>\n<meta property=\"article:publisher\" content=\"https:\/\/www.facebook.com\/OLADEORG\" \/>\n<meta property=\"article:modified_time\" content=\"2020-07-06T21:43:24+00:00\" \/>\n<meta property=\"og:image\" content=\"https:\/\/test.prueba-12.shop\/wp-content\/uploads\/2020\/07\/banner_sup.jpg\" \/>\n\t<meta property=\"og:image:width\" content=\"1024\" \/>\n\t<meta property=\"og:image:height\" content=\"432\" \/>\n\t<meta property=\"og:image:type\" content=\"image\/jpeg\" \/>\n<meta name=\"twitter:card\" content=\"summary_large_image\" \/>\n<meta name=\"twitter:site\" content=\"@OLADEORG\" \/>\n<meta name=\"twitter:label1\" content=\"Est. reading time\" \/>\n\t<meta name=\"twitter:data1\" content=\"2 minutes\" \/>\n<script type=\"application\/ld+json\" class=\"yoast-schema-graph\">{\"@context\":\"https:\/\/schema.org\",\"@graph\":[{\"@type\":\"WebPage\",\"@id\":\"https:\/\/test.prueba-12.shop\/en\/preparation-of-the-energy-balance-in-terms-of-useful-energy-for-the-industrial-residential-transport-and-or-commercial-sectors\/\",\"url\":\"https:\/\/test.prueba-12.shop\/en\/preparation-of-the-energy-balance-in-terms-of-useful-energy-for-the-industrial-residential-transport-and-or-commercial-sectors\/\",\"name\":\"Preparation of the Energy Balance in Terms of Useful Energy for the industrial, residential, transport and \/ or commercial sectors. - OLACDE\",\"isPartOf\":{\"@id\":\"https:\/\/test.prueba-12.shop\/en\/#website\"},\"primaryImageOfPage\":{\"@id\":\"https:\/\/test.prueba-12.shop\/en\/preparation-of-the-energy-balance-in-terms-of-useful-energy-for-the-industrial-residential-transport-and-or-commercial-sectors\/#primaryimage\"},\"image\":{\"@id\":\"https:\/\/test.prueba-12.shop\/en\/preparation-of-the-energy-balance-in-terms-of-useful-energy-for-the-industrial-residential-transport-and-or-commercial-sectors\/#primaryimage\"},\"thumbnailUrl\":\"https:\/\/test.prueba-12.shop\/wp-content\/uploads\/2020\/07\/banner_sup.jpg\",\"datePublished\":\"2020-06-22T18:19:01+00:00\",\"dateModified\":\"2020-07-06T21:43:24+00:00\",\"breadcrumb\":{\"@id\":\"https:\/\/test.prueba-12.shop\/en\/preparation-of-the-energy-balance-in-terms-of-useful-energy-for-the-industrial-residential-transport-and-or-commercial-sectors\/#breadcrumb\"},\"inLanguage\":\"en-US\",\"potentialAction\":[{\"@type\":\"ReadAction\",\"target\":[\"https:\/\/test.prueba-12.shop\/en\/preparation-of-the-energy-balance-in-terms-of-useful-energy-for-the-industrial-residential-transport-and-or-commercial-sectors\/\"]}]},{\"@type\":\"ImageObject\",\"inLanguage\":\"en-US\",\"@id\":\"https:\/\/test.prueba-12.shop\/en\/preparation-of-the-energy-balance-in-terms-of-useful-energy-for-the-industrial-residential-transport-and-or-commercial-sectors\/#primaryimage\",\"url\":\"https:\/\/test.prueba-12.shop\/wp-content\/uploads\/2020\/07\/banner_sup.jpg\",\"contentUrl\":\"https:\/\/test.prueba-12.shop\/wp-content\/uploads\/2020\/07\/banner_sup.jpg\",\"width\":1024,\"height\":432},{\"@type\":\"BreadcrumbList\",\"@id\":\"https:\/\/test.prueba-12.shop\/en\/preparation-of-the-energy-balance-in-terms-of-useful-energy-for-the-industrial-residential-transport-and-or-commercial-sectors\/#breadcrumb\",\"itemListElement\":[{\"@type\":\"ListItem\",\"position\":1,\"name\":\"Home\",\"item\":\"https:\/\/test.prueba-12.shop\/en\/\"},{\"@type\":\"ListItem\",\"position\":2,\"name\":\"Preparation of the Energy Balance in Terms of Useful Energy for the industrial, residential, transport and \/ or commercial sectors.\"}]},{\"@type\":\"WebSite\",\"@id\":\"https:\/\/test.prueba-12.shop\/en\/#website\",\"url\":\"https:\/\/test.prueba-12.shop\/en\/\",\"name\":\"OLADE\",\"description\":\"La Organizaci\u00f3n Latinoamericana y Caribe\u00f1a de Energ\u00eda\",\"publisher\":{\"@id\":\"https:\/\/test.prueba-12.shop\/en\/#organization\"},\"potentialAction\":[{\"@type\":\"SearchAction\",\"target\":{\"@type\":\"EntryPoint\",\"urlTemplate\":\"https:\/\/test.prueba-12.shop\/en\/?s={search_term_string}\"},\"query-input\":\"required name=search_term_string\"}],\"inLanguage\":\"en-US\"},{\"@type\":\"Organization\",\"@id\":\"https:\/\/test.prueba-12.shop\/en\/#organization\",\"name\":\"OLADE\",\"url\":\"https:\/\/test.prueba-12.shop\/en\/\",\"logo\":{\"@type\":\"ImageObject\",\"inLanguage\":\"en-US\",\"@id\":\"https:\/\/test.prueba-12.shop\/en\/#\/schema\/logo\/image\/\",\"url\":\"https:\/\/test.prueba-12.shop\/wp-content\/uploads\/2024\/03\/Logo-OLADE-WEB_Color.png\",\"contentUrl\":\"https:\/\/test.prueba-12.shop\/wp-content\/uploads\/2024\/03\/Logo-OLADE-WEB_Color.png\",\"width\":300,\"height\":132,\"caption\":\"OLADE\"},\"image\":{\"@id\":\"https:\/\/test.prueba-12.shop\/en\/#\/schema\/logo\/image\/\"},\"sameAs\":[\"https:\/\/www.facebook.com\/OLADEORG\",\"https:\/\/x.com\/OLADEORG\",\"https:\/\/www.youtube.com\/user\/oladeorg\",\"https:\/\/www.instagram.com\/oladealc\/\",\"https:\/\/www.linkedin.com\/company\/olade\/\"],\"description\":\"La Organizaci\u00f3n Latinoamericana de Energ\u00eda (OLADE) es un organismo de cooperaci\u00f3n, coordinaci\u00f3n y asesor\u00eda t\u00e9cnica, de car\u00e1cter p\u00fablico intergubernamental, constituido el 2 de noviembre de 1973 mediante la suscripci\u00f3n del Convenio de Lima, ratificado por 27 pa\u00edses de Am\u00e9rica Latina y El Caribe, con el objetivo fundamental de fomentar la integraci\u00f3n, conservaci\u00f3n, racional aprovechamiento, comercializaci\u00f3n y defensa de los recursos energ\u00e9ticos de la Regi\u00f3n.\",\"email\":\"info@test.prueba-12.shop\",\"telephone\":\"+59322598122\",\"legalName\":\"Organizaci\u00f3n Latinoamericana de Energ\u00eda\",\"foundingDate\":\"1973-11-02\",\"numberOfEmployees\":{\"@type\":\"QuantitativeValue\",\"minValue\":\"51\",\"maxValue\":\"200\"}}]}<\/script>\n<!-- \/ Yoast SEO Premium plugin. -->","yoast_head_json":{"title":"Preparation of the Energy Balance in Terms of Useful Energy for the industrial, residential, transport and \/ or commercial sectors. - OLACDE","robots":{"index":"noindex","follow":"follow","max-snippet":"max-snippet:-1","max-image-preview":"max-image-preview:large","max-video-preview":"max-video-preview:-1"},"og_locale":"en_US","og_type":"article","og_title":"Preparation of the Energy Balance in Terms of Useful Energy for the industrial, residential, transport and \/ or commercial sectors.","og_description":"[vc_row][vc_column][vc_row_inner][vc_column_inner width=&#8221;1\/2&#8243;][vc_column_text] Objective To strengthen the technical capacity of the institutions in charge of energy planning, in the management of information at the level of efficient use of energy for the preparation and monitoring of energy efficiency policies and plans.[\/vc_column_text][\/vc_column_inner][vc_column_inner width=&#8221;1\/2&#8243;][vc_column_text] Beneficiary countries Ecuador, Panam\u00e1 y Paraguay.[\/vc_column_text][\/vc_column_inner][\/vc_row_inner][\/vc_column][\/vc_row][vc_row][vc_column width=&#8221;1\/4&#8243;][vc_column_text] Multilateral support [\/vc_column_text][\/vc_column][vc_column width=&#8221;3\/4&#8243;][vc_single_image image=&#8221;12904&#8243; img_size=&#8221;large&#8221;][\/vc_column][\/vc_row][vc_row vc_row_background=&#8221;&#8221; [&hellip;]","og_url":"https:\/\/test.prueba-12.shop\/en\/preparation-of-the-energy-balance-in-terms-of-useful-energy-for-the-industrial-residential-transport-and-or-commercial-sectors\/","og_site_name":"OLACDE","article_publisher":"https:\/\/www.facebook.com\/OLADEORG","article_modified_time":"2020-07-06T21:43:24+00:00","og_image":[{"width":1024,"height":432,"url":"https:\/\/test.prueba-12.shop\/wp-content\/uploads\/2020\/07\/banner_sup.jpg","type":"image\/jpeg"}],"twitter_card":"summary_large_image","twitter_site":"@OLADEORG","twitter_misc":{"Est. reading time":"2 minutes"},"schema":{"@context":"https:\/\/schema.org","@graph":[{"@type":"WebPage","@id":"https:\/\/test.prueba-12.shop\/en\/preparation-of-the-energy-balance-in-terms-of-useful-energy-for-the-industrial-residential-transport-and-or-commercial-sectors\/","url":"https:\/\/test.prueba-12.shop\/en\/preparation-of-the-energy-balance-in-terms-of-useful-energy-for-the-industrial-residential-transport-and-or-commercial-sectors\/","name":"Preparation of the Energy Balance in Terms of Useful Energy for the industrial, residential, transport and \/ or commercial sectors. - OLACDE","isPartOf":{"@id":"https:\/\/test.prueba-12.shop\/en\/#website"},"primaryImageOfPage":{"@id":"https:\/\/test.prueba-12.shop\/en\/preparation-of-the-energy-balance-in-terms-of-useful-energy-for-the-industrial-residential-transport-and-or-commercial-sectors\/#primaryimage"},"image":{"@id":"https:\/\/test.prueba-12.shop\/en\/preparation-of-the-energy-balance-in-terms-of-useful-energy-for-the-industrial-residential-transport-and-or-commercial-sectors\/#primaryimage"},"thumbnailUrl":"https:\/\/test.prueba-12.shop\/wp-content\/uploads\/2020\/07\/banner_sup.jpg","datePublished":"2020-06-22T18:19:01+00:00","dateModified":"2020-07-06T21:43:24+00:00","breadcrumb":{"@id":"https:\/\/test.prueba-12.shop\/en\/preparation-of-the-energy-balance-in-terms-of-useful-energy-for-the-industrial-residential-transport-and-or-commercial-sectors\/#breadcrumb"},"inLanguage":"en-US","potentialAction":[{"@type":"ReadAction","target":["https:\/\/test.prueba-12.shop\/en\/preparation-of-the-energy-balance-in-terms-of-useful-energy-for-the-industrial-residential-transport-and-or-commercial-sectors\/"]}]},{"@type":"ImageObject","inLanguage":"en-US","@id":"https:\/\/test.prueba-12.shop\/en\/preparation-of-the-energy-balance-in-terms-of-useful-energy-for-the-industrial-residential-transport-and-or-commercial-sectors\/#primaryimage","url":"https:\/\/test.prueba-12.shop\/wp-content\/uploads\/2020\/07\/banner_sup.jpg","contentUrl":"https:\/\/test.prueba-12.shop\/wp-content\/uploads\/2020\/07\/banner_sup.jpg","width":1024,"height":432},{"@type":"BreadcrumbList","@id":"https:\/\/test.prueba-12.shop\/en\/preparation-of-the-energy-balance-in-terms-of-useful-energy-for-the-industrial-residential-transport-and-or-commercial-sectors\/#breadcrumb","itemListElement":[{"@type":"ListItem","position":1,"name":"Home","item":"https:\/\/test.prueba-12.shop\/en\/"},{"@type":"ListItem","position":2,"name":"Preparation of the Energy Balance in Terms of Useful Energy for the industrial, residential, transport and \/ or commercial sectors."}]},{"@type":"WebSite","@id":"https:\/\/test.prueba-12.shop\/en\/#website","url":"https:\/\/test.prueba-12.shop\/en\/","name":"OLADE","description":"La Organizaci\u00f3n Latinoamericana y Caribe\u00f1a de Energ\u00eda","publisher":{"@id":"https:\/\/test.prueba-12.shop\/en\/#organization"},"potentialAction":[{"@type":"SearchAction","target":{"@type":"EntryPoint","urlTemplate":"https:\/\/test.prueba-12.shop\/en\/?s={search_term_string}"},"query-input":"required name=search_term_string"}],"inLanguage":"en-US"},{"@type":"Organization","@id":"https:\/\/test.prueba-12.shop\/en\/#organization","name":"OLADE","url":"https:\/\/test.prueba-12.shop\/en\/","logo":{"@type":"ImageObject","inLanguage":"en-US","@id":"https:\/\/test.prueba-12.shop\/en\/#\/schema\/logo\/image\/","url":"https:\/\/test.prueba-12.shop\/wp-content\/uploads\/2024\/03\/Logo-OLADE-WEB_Color.png","contentUrl":"https:\/\/test.prueba-12.shop\/wp-content\/uploads\/2024\/03\/Logo-OLADE-WEB_Color.png","width":300,"height":132,"caption":"OLADE"},"image":{"@id":"https:\/\/test.prueba-12.shop\/en\/#\/schema\/logo\/image\/"},"sameAs":["https:\/\/www.facebook.com\/OLADEORG","https:\/\/x.com\/OLADEORG","https:\/\/www.youtube.com\/user\/oladeorg","https:\/\/www.instagram.com\/oladealc\/","https:\/\/www.linkedin.com\/company\/olade\/"],"description":"La Organizaci\u00f3n Latinoamericana de Energ\u00eda (OLADE) es un organismo de cooperaci\u00f3n, coordinaci\u00f3n y asesor\u00eda t\u00e9cnica, de car\u00e1cter p\u00fablico intergubernamental, constituido el 2 de noviembre de 1973 mediante la suscripci\u00f3n del Convenio de Lima, ratificado por 27 pa\u00edses de Am\u00e9rica Latina y El Caribe, con el objetivo fundamental de fomentar la integraci\u00f3n, conservaci\u00f3n, racional aprovechamiento, comercializaci\u00f3n y defensa de los recursos energ\u00e9ticos de la Regi\u00f3n.","email":"info@test.prueba-12.shop","telephone":"+59322598122","legalName":"Organizaci\u00f3n Latinoamericana de Energ\u00eda","foundingDate":"1973-11-02","numberOfEmployees":{"@type":"QuantitativeValue","minValue":"51","maxValue":"200"}}]}},"_links":{"self":[{"href":"https:\/\/test.prueba-12.shop\/en\/wp-json\/wp\/v2\/pages\/12548","targetHints":{"allow":["GET"]}}],"collection":[{"href":"https:\/\/test.prueba-12.shop\/en\/wp-json\/wp\/v2\/pages"}],"about":[{"href":"https:\/\/test.prueba-12.shop\/en\/wp-json\/wp\/v2\/types\/page"}],"author":[{"embeddable":true,"href":"https:\/\/test.prueba-12.shop\/en\/wp-json\/wp\/v2\/users\/1"}],"replies":[{"embeddable":true,"href":"https:\/\/test.prueba-12.shop\/en\/wp-json\/wp\/v2\/comments?post=12548"}],"version-history":[{"count":4,"href":"https:\/\/test.prueba-12.shop\/en\/wp-json\/wp\/v2\/pages\/12548\/revisions"}],"predecessor-version":[{"id":12907,"href":"https:\/\/test.prueba-12.shop\/en\/wp-json\/wp\/v2\/pages\/12548\/revisions\/12907"}],"wp:featuredmedia":[{"embeddable":true,"href":"https:\/\/test.prueba-12.shop\/en\/wp-json\/wp\/v2\/media\/12901"}],"wp:attachment":[{"href":"https:\/\/test.prueba-12.shop\/en\/wp-json\/wp\/v2\/media?parent=12548"}],"curies":[{"name":"wp","href":"https:\/\/api.w.org\/{rel}","templated":true}]}}