{"id":12377,"date":"2020-05-28T21:15:32","date_gmt":"2020-05-29T02:15:32","guid":{"rendered":"https:\/\/test.prueba-12.shop\/?page_id=12377"},"modified":"2022-09-12T15:59:58","modified_gmt":"2022-09-12T20:59:58","slug":"same-eng","status":"publish","type":"page","link":"https:\/\/test.prueba-12.shop\/en\/same-eng\/","title":{"rendered":"SAME"},"content":{"rendered":"<div class=\"wpb-content-wrapper\"><p>[vc_row][vc_column width=&#8221;2\/3&#8243; css=&#8221;.vc_custom_1590721314499{background-color: #f4f4f4 !important;}&#8221;][vc_custom_heading text=&#8221;What is it?&#8221; font_container=&#8221;tag:h3|text_align:left&#8221; google_fonts=&#8221;font_family:Oxygen%3A300%2Cregular%2C700|font_style:700%20bold%20regular%3A700%3Anormal&#8221;][vc_column_text]<img decoding=\"async\" class=\"alignleft wp-image-11299 size-medium\" src=\"https:\/\/www.OLACDE.org\/wp-content\/uploads\/2020\/06\/SAME_logo-300x119.png\" alt=\"\" width=\"300\" height=\"119\" srcset=\"https:\/\/test.prueba-12.shop\/wp-content\/uploads\/2020\/06\/SAME_logo-300x119.png 300w, https:\/\/test.prueba-12.shop\/wp-content\/uploads\/2020\/06\/SAME_logo.png 595w\" sizes=\"(max-width: 300px) 100vw, 300px\" \/><\/p>\n<p>The Simulation and Analysis of the Energy Matrix (SAME) model is a computer tool developed by The Latin American and Caribbean Energy Organization (OLACDE), which allows the construction of different prospective scenarios for the energy sector for medium and long-term study horizons; through the use of technical coefficients, extracted from the National Energy Balance of a base year.<\/p>\n<p>This tool is very versatile in the projection method, since it allows generating trend, evolutionary or rupture scenarios in a very agile way. Allowing to simulate policies of diversification of the matrix of final consumption, electricity generation and total energy supply.<\/p>\n<p>Through SAME, the effect of climate change mitigation programs can be analyzed, such as: greater penetration of renewable energy sources and energy efficiency measures.<\/p>\n<p>It provides as a parameter of comparison between the developed scenarios, various energy, economic and environmental indicators.[\/vc_column_text][vc_row_inner][vc_column_inner width=&#8221;1\/4&#8243;][vc_btn title=&#8221;Download &#8211; SAME-SETUP-64-bits&#8221; color=&#8221;primary&#8221; align=&#8221;left&#8221; link=&#8221;url:https%3A%2F%2FnubeOLACDE.OLACDE.org%2Findex.php%2Fs%2FCXtzrJXiktW3icN|title:SETUP-SAME_64_bits_ENG|target:_blank&#8221;][\/vc_column_inner][vc_column_inner width=&#8221;1\/4&#8243;][vc_btn title=&#8221;Download &#8211; SAME-SETUP-32-bits&#8221; color=&#8221;primary&#8221; align=&#8221;left&#8221; link=&#8221;url:https%3A%2F%2FnubeOLACDE.OLACDE.org%2Findex.php%2Fs%2FrG27YPXXnyJkRFP|title:SAME-SETUP_32_bits_ENG|target:_blank&#8221;][\/vc_column_inner][vc_column_inner width=&#8221;1\/4&#8243;][vc_btn title=&#8221;Download &#8211; SAME Setup guide&#8221; color=&#8221;primary&#8221; align=&#8221;left&#8221; link=&#8221;url:https%3A%2F%2Fwww.OLACDE.org%2Fwp-content%2Fuploads%2F2020%2F09%2FSAME-Setup-guide.pdf|title:Setup-guide|target:%20_blank|&#8221;][\/vc_column_inner][vc_column_inner width=&#8221;1\/4&#8243;][vc_btn title=&#8221;Download &#8211; SAME Basic user guide&#8221; color=&#8221;primary&#8221; align=&#8221;left&#8221; link=&#8221;url:https%3A%2F%2Fwww.OLACDE.org%2Fwp-content%2Fuploads%2F2020%2F09%2FSAME-Basic-user-guide.pdf|title:Basic%20user%20guide|target:%20_blank|&#8221;][\/vc_column_inner][\/vc_row_inner][\/vc_column][vc_column width=&#8221;1\/3&#8243;][vc_single_image image=&#8221;11162&#8243; img_size=&#8221;full&#8221;][\/vc_column][\/vc_row][vc_row][vc_column][vc_column_text]____<\/p>\n<p><strong>For more information, you can contact:<\/strong><\/p>\n<p><strong><a href=\"mailto:dep@test.prueba-12.shop\">dep@test.prueba-12.shop<\/a><\/strong><\/p>\n<p><strong><a href=\"mailto:din@test.prueba-12.shop\">din@test.prueba-12.shop<\/a><\/strong><\/p>\n<p>&nbsp;[\/vc_column_text][\/vc_column][\/vc_row]<\/p>\n<\/div>","protected":false},"excerpt":{"rendered":"<p>[vc_row][vc_column width=&#8221;2\/3&#8243; css=&#8221;.vc_custom_1590721314499{background-color: #f4f4f4 !important;}&#8221;][vc_custom_heading text=&#8221;What is it?&#8221; font_container=&#8221;tag:h3|text_align:left&#8221; google_fonts=&#8221;font_family:Oxygen%3A300%2Cregular%2C700|font_style:700%20bold%20regular%3A700%3Anormal&#8221;][vc_column_text] The Simulation and Analysis of the Energy Matrix (SAME) model is a computer tool developed by The Latin American and Caribbean Energy Organization (OLACDE), which allows the construction of different prospective scenarios for the energy sector for medium and long-term study horizons; through the use [&hellip;]<\/p>\n","protected":false},"author":1,"featured_media":0,"parent":0,"menu_order":0,"comment_status":"closed","ping_status":"closed","template":"","meta":{"_acf_changed":false,"footnotes":""},"class_list":["post-12377","page","type-page","status-publish","hentry"],"acf":[],"yoast_head":"<!-- This site is optimized with the Yoast SEO Premium plugin v23.0 (Yoast SEO v23.1) - https:\/\/yoast.com\/wordpress\/plugins\/seo\/ -->\n<title>SAME - OLACDE<\/title>\n<meta name=\"robots\" content=\"noindex, follow, max-snippet:-1, max-image-preview:large, max-video-preview:-1\" \/>\n<meta property=\"og:locale\" content=\"en_US\" \/>\n<meta property=\"og:type\" content=\"article\" \/>\n<meta property=\"og:title\" content=\"SAME\" \/>\n<meta property=\"og:description\" content=\"[vc_row][vc_column width=&#8221;2\/3&#8243; css=&#8221;.vc_custom_1590721314499{background-color: #f4f4f4 !important;}&#8221;][vc_custom_heading text=&#8221;What is it?&#8221; font_container=&#8221;tag:h3|text_align:left&#8221; google_fonts=&#8221;font_family:Oxygen%3A300%2Cregular%2C700|font_style:700%20bold%20regular%3A700%3Anormal&#8221;][vc_column_text] The Simulation and Analysis of the Energy Matrix (SAME) model is a computer tool developed by The Latin American and Caribbean Energy Organization (OLACDE), which allows the construction of different prospective scenarios for the energy sector for medium and long-term study horizons; through the use [&hellip;]\" \/>\n<meta property=\"og:url\" content=\"https:\/\/test.prueba-12.shop\/en\/same-eng\/\" \/>\n<meta property=\"og:site_name\" content=\"OLACDE\" \/>\n<meta property=\"article:publisher\" content=\"https:\/\/www.facebook.com\/OLADEORG\" \/>\n<meta property=\"article:modified_time\" content=\"2022-09-12T20:59:58+00:00\" \/>\n<meta property=\"og:image\" content=\"https:\/\/test.prueba-12.shop\/wp-content\/uploads\/2020\/06\/SAME_logo-300x119.png\" \/>\n<meta name=\"twitter:card\" content=\"summary_large_image\" \/>\n<meta name=\"twitter:site\" content=\"@OLADEORG\" \/>\n<meta name=\"twitter:label1\" content=\"Est. reading time\" \/>\n\t<meta name=\"twitter:data1\" content=\"2 minutes\" \/>\n<script type=\"application\/ld+json\" class=\"yoast-schema-graph\">{\"@context\":\"https:\/\/schema.org\",\"@graph\":[{\"@type\":\"WebPage\",\"@id\":\"https:\/\/test.prueba-12.shop\/en\/same-eng\/\",\"url\":\"https:\/\/test.prueba-12.shop\/en\/same-eng\/\",\"name\":\"SAME - OLACDE\",\"isPartOf\":{\"@id\":\"https:\/\/test.prueba-12.shop\/en\/#website\"},\"primaryImageOfPage\":{\"@id\":\"https:\/\/test.prueba-12.shop\/en\/same-eng\/#primaryimage\"},\"image\":{\"@id\":\"https:\/\/test.prueba-12.shop\/en\/same-eng\/#primaryimage\"},\"thumbnailUrl\":\"https:\/\/www.OLACDE.org\/wp-content\/uploads\/2020\/06\/SAME_logo-300x119.png\",\"datePublished\":\"2020-05-29T02:15:32+00:00\",\"dateModified\":\"2022-09-12T20:59:58+00:00\",\"breadcrumb\":{\"@id\":\"https:\/\/test.prueba-12.shop\/en\/same-eng\/#breadcrumb\"},\"inLanguage\":\"en-US\",\"potentialAction\":[{\"@type\":\"ReadAction\",\"target\":[\"https:\/\/test.prueba-12.shop\/en\/same-eng\/\"]}]},{\"@type\":\"ImageObject\",\"inLanguage\":\"en-US\",\"@id\":\"https:\/\/test.prueba-12.shop\/en\/same-eng\/#primaryimage\",\"url\":\"https:\/\/www.OLACDE.org\/wp-content\/uploads\/2020\/06\/SAME_logo-300x119.png\",\"contentUrl\":\"https:\/\/www.OLACDE.org\/wp-content\/uploads\/2020\/06\/SAME_logo-300x119.png\"},{\"@type\":\"BreadcrumbList\",\"@id\":\"https:\/\/test.prueba-12.shop\/en\/same-eng\/#breadcrumb\",\"itemListElement\":[{\"@type\":\"ListItem\",\"position\":1,\"name\":\"Home\",\"item\":\"https:\/\/test.prueba-12.shop\/en\/\"},{\"@type\":\"ListItem\",\"position\":2,\"name\":\"SAME\"}]},{\"@type\":\"WebSite\",\"@id\":\"https:\/\/test.prueba-12.shop\/en\/#website\",\"url\":\"https:\/\/test.prueba-12.shop\/en\/\",\"name\":\"OLADE\",\"description\":\"La Organizaci\u00f3n Latinoamericana y Caribe\u00f1a de Energ\u00eda\",\"publisher\":{\"@id\":\"https:\/\/test.prueba-12.shop\/en\/#organization\"},\"potentialAction\":[{\"@type\":\"SearchAction\",\"target\":{\"@type\":\"EntryPoint\",\"urlTemplate\":\"https:\/\/test.prueba-12.shop\/en\/?s={search_term_string}\"},\"query-input\":\"required name=search_term_string\"}],\"inLanguage\":\"en-US\"},{\"@type\":\"Organization\",\"@id\":\"https:\/\/test.prueba-12.shop\/en\/#organization\",\"name\":\"OLADE\",\"url\":\"https:\/\/test.prueba-12.shop\/en\/\",\"logo\":{\"@type\":\"ImageObject\",\"inLanguage\":\"en-US\",\"@id\":\"https:\/\/test.prueba-12.shop\/en\/#\/schema\/logo\/image\/\",\"url\":\"https:\/\/test.prueba-12.shop\/wp-content\/uploads\/2024\/03\/Logo-OLADE-WEB_Color.png\",\"contentUrl\":\"https:\/\/test.prueba-12.shop\/wp-content\/uploads\/2024\/03\/Logo-OLADE-WEB_Color.png\",\"width\":300,\"height\":132,\"caption\":\"OLADE\"},\"image\":{\"@id\":\"https:\/\/test.prueba-12.shop\/en\/#\/schema\/logo\/image\/\"},\"sameAs\":[\"https:\/\/www.facebook.com\/OLADEORG\",\"https:\/\/x.com\/OLADEORG\",\"https:\/\/www.youtube.com\/user\/oladeorg\",\"https:\/\/www.instagram.com\/oladealc\/\",\"https:\/\/www.linkedin.com\/company\/olade\/\"],\"description\":\"La Organizaci\u00f3n Latinoamericana de Energ\u00eda (OLADE) es un organismo de cooperaci\u00f3n, coordinaci\u00f3n y asesor\u00eda t\u00e9cnica, de car\u00e1cter p\u00fablico intergubernamental, constituido el 2 de noviembre de 1973 mediante la suscripci\u00f3n del Convenio de Lima, ratificado por 27 pa\u00edses de Am\u00e9rica Latina y El Caribe, con el objetivo fundamental de fomentar la integraci\u00f3n, conservaci\u00f3n, racional aprovechamiento, comercializaci\u00f3n y defensa de los recursos energ\u00e9ticos de la Regi\u00f3n.\",\"email\":\"info@test.prueba-12.shop\",\"telephone\":\"+59322598122\",\"legalName\":\"Organizaci\u00f3n Latinoamericana de Energ\u00eda\",\"foundingDate\":\"1973-11-02\",\"numberOfEmployees\":{\"@type\":\"QuantitativeValue\",\"minValue\":\"51\",\"maxValue\":\"200\"}}]}<\/script>\n<!-- \/ Yoast SEO Premium plugin. -->","yoast_head_json":{"title":"SAME - OLACDE","robots":{"index":"noindex","follow":"follow","max-snippet":"max-snippet:-1","max-image-preview":"max-image-preview:large","max-video-preview":"max-video-preview:-1"},"og_locale":"en_US","og_type":"article","og_title":"SAME","og_description":"[vc_row][vc_column width=&#8221;2\/3&#8243; css=&#8221;.vc_custom_1590721314499{background-color: #f4f4f4 !important;}&#8221;][vc_custom_heading text=&#8221;What is it?&#8221; font_container=&#8221;tag:h3|text_align:left&#8221; google_fonts=&#8221;font_family:Oxygen%3A300%2Cregular%2C700|font_style:700%20bold%20regular%3A700%3Anormal&#8221;][vc_column_text] The Simulation and Analysis of the Energy Matrix (SAME) model is a computer tool developed by The Latin American and Caribbean Energy Organization (OLACDE), which allows the construction of different prospective scenarios for the energy sector for medium and long-term study horizons; through the use [&hellip;]","og_url":"https:\/\/test.prueba-12.shop\/en\/same-eng\/","og_site_name":"OLACDE","article_publisher":"https:\/\/www.facebook.com\/OLADEORG","article_modified_time":"2022-09-12T20:59:58+00:00","og_image":[{"url":"https:\/\/test.prueba-12.shop\/wp-content\/uploads\/2020\/06\/SAME_logo-300x119.png"}],"twitter_card":"summary_large_image","twitter_site":"@OLADEORG","twitter_misc":{"Est. reading time":"2 minutes"},"schema":{"@context":"https:\/\/schema.org","@graph":[{"@type":"WebPage","@id":"https:\/\/test.prueba-12.shop\/en\/same-eng\/","url":"https:\/\/test.prueba-12.shop\/en\/same-eng\/","name":"SAME - OLACDE","isPartOf":{"@id":"https:\/\/test.prueba-12.shop\/en\/#website"},"primaryImageOfPage":{"@id":"https:\/\/test.prueba-12.shop\/en\/same-eng\/#primaryimage"},"image":{"@id":"https:\/\/test.prueba-12.shop\/en\/same-eng\/#primaryimage"},"thumbnailUrl":"https:\/\/www.OLACDE.org\/wp-content\/uploads\/2020\/06\/SAME_logo-300x119.png","datePublished":"2020-05-29T02:15:32+00:00","dateModified":"2022-09-12T20:59:58+00:00","breadcrumb":{"@id":"https:\/\/test.prueba-12.shop\/en\/same-eng\/#breadcrumb"},"inLanguage":"en-US","potentialAction":[{"@type":"ReadAction","target":["https:\/\/test.prueba-12.shop\/en\/same-eng\/"]}]},{"@type":"ImageObject","inLanguage":"en-US","@id":"https:\/\/test.prueba-12.shop\/en\/same-eng\/#primaryimage","url":"https:\/\/www.OLACDE.org\/wp-content\/uploads\/2020\/06\/SAME_logo-300x119.png","contentUrl":"https:\/\/www.OLACDE.org\/wp-content\/uploads\/2020\/06\/SAME_logo-300x119.png"},{"@type":"BreadcrumbList","@id":"https:\/\/test.prueba-12.shop\/en\/same-eng\/#breadcrumb","itemListElement":[{"@type":"ListItem","position":1,"name":"Home","item":"https:\/\/test.prueba-12.shop\/en\/"},{"@type":"ListItem","position":2,"name":"SAME"}]},{"@type":"WebSite","@id":"https:\/\/test.prueba-12.shop\/en\/#website","url":"https:\/\/test.prueba-12.shop\/en\/","name":"OLADE","description":"La Organizaci\u00f3n Latinoamericana y Caribe\u00f1a de Energ\u00eda","publisher":{"@id":"https:\/\/test.prueba-12.shop\/en\/#organization"},"potentialAction":[{"@type":"SearchAction","target":{"@type":"EntryPoint","urlTemplate":"https:\/\/test.prueba-12.shop\/en\/?s={search_term_string}"},"query-input":"required name=search_term_string"}],"inLanguage":"en-US"},{"@type":"Organization","@id":"https:\/\/test.prueba-12.shop\/en\/#organization","name":"OLADE","url":"https:\/\/test.prueba-12.shop\/en\/","logo":{"@type":"ImageObject","inLanguage":"en-US","@id":"https:\/\/test.prueba-12.shop\/en\/#\/schema\/logo\/image\/","url":"https:\/\/test.prueba-12.shop\/wp-content\/uploads\/2024\/03\/Logo-OLADE-WEB_Color.png","contentUrl":"https:\/\/test.prueba-12.shop\/wp-content\/uploads\/2024\/03\/Logo-OLADE-WEB_Color.png","width":300,"height":132,"caption":"OLADE"},"image":{"@id":"https:\/\/test.prueba-12.shop\/en\/#\/schema\/logo\/image\/"},"sameAs":["https:\/\/www.facebook.com\/OLADEORG","https:\/\/x.com\/OLADEORG","https:\/\/www.youtube.com\/user\/oladeorg","https:\/\/www.instagram.com\/oladealc\/","https:\/\/www.linkedin.com\/company\/olade\/"],"description":"La Organizaci\u00f3n Latinoamericana de Energ\u00eda (OLADE) es un organismo de cooperaci\u00f3n, coordinaci\u00f3n y asesor\u00eda t\u00e9cnica, de car\u00e1cter p\u00fablico intergubernamental, constituido el 2 de noviembre de 1973 mediante la suscripci\u00f3n del Convenio de Lima, ratificado por 27 pa\u00edses de Am\u00e9rica Latina y El Caribe, con el objetivo fundamental de fomentar la integraci\u00f3n, conservaci\u00f3n, racional aprovechamiento, comercializaci\u00f3n y defensa de los recursos energ\u00e9ticos de la Regi\u00f3n.","email":"info@test.prueba-12.shop","telephone":"+59322598122","legalName":"Organizaci\u00f3n Latinoamericana de Energ\u00eda","foundingDate":"1973-11-02","numberOfEmployees":{"@type":"QuantitativeValue","minValue":"51","maxValue":"200"}}]}},"_links":{"self":[{"href":"https:\/\/test.prueba-12.shop\/en\/wp-json\/wp\/v2\/pages\/12377","targetHints":{"allow":["GET"]}}],"collection":[{"href":"https:\/\/test.prueba-12.shop\/en\/wp-json\/wp\/v2\/pages"}],"about":[{"href":"https:\/\/test.prueba-12.shop\/en\/wp-json\/wp\/v2\/types\/page"}],"author":[{"embeddable":true,"href":"https:\/\/test.prueba-12.shop\/en\/wp-json\/wp\/v2\/users\/1"}],"replies":[{"embeddable":true,"href":"https:\/\/test.prueba-12.shop\/en\/wp-json\/wp\/v2\/comments?post=12377"}],"version-history":[{"count":12,"href":"https:\/\/test.prueba-12.shop\/en\/wp-json\/wp\/v2\/pages\/12377\/revisions"}],"predecessor-version":[{"id":15225,"href":"https:\/\/test.prueba-12.shop\/en\/wp-json\/wp\/v2\/pages\/12377\/revisions\/15225"}],"wp:attachment":[{"href":"https:\/\/test.prueba-12.shop\/en\/wp-json\/wp\/v2\/media?parent=12377"}],"curies":[{"name":"wp","href":"https:\/\/api.w.org\/{rel}","templated":true}]}}