{"id":12373,"date":"2020-06-18T08:38:41","date_gmt":"2020-06-18T13:38:41","guid":{"rendered":"https:\/\/test.prueba-12.shop\/?page_id=12373"},"modified":"2020-06-18T08:38:41","modified_gmt":"2020-06-18T13:38:41","slug":"siesur-studies-stage-1","status":"publish","type":"page","link":"https:\/\/test.prueba-12.shop\/en\/siesur-studies-stage-1\/","title":{"rendered":"SIESUR studies stage 1"},"content":{"rendered":"<div class=\"wpb-content-wrapper\"><p>[vc_row][vc_column][vc_row_inner][vc_column_inner width=&#8221;1\/2&#8243;][vc_column_text]<\/p>\n<blockquote><p><b>Objective<\/b><\/p><\/blockquote>\n<p>Carry out technical studies to intensify electricity exchanges between the countries of the Southern Cone, making use of the existing interconnection infrastructure.[\/vc_column_text][\/vc_column_inner][vc_column_inner width=&#8221;1\/2&#8243;][vc_column_text]<\/p>\n<blockquote><p><strong>Beneficiary countries<\/strong><\/p><\/blockquote>\n<p>Argentina, Brazil, Chile, Paraguay and Uruguay.[\/vc_column_text][\/vc_column_inner][\/vc_row_inner][\/vc_column][\/vc_row][vc_row][vc_column width=&#8221;1\/4&#8243;][vc_column_text]<\/p>\n<blockquote>\n<p style=\"text-align: left;\"><strong>Multilateral support<\/strong><\/p>\n<\/blockquote>\n<p>[\/vc_column_text][\/vc_column][vc_column width=&#8221;3\/4&#8243;][vc_single_image image=&#8221;11248&#8243; img_size=&#8221;full&#8221;][\/vc_column][\/vc_row][vc_row vc_row_background=&#8221;&#8221; css=&#8221;.vc_custom_1590766344410{background-color: #f4f4f4 !important;}&#8221;][vc_column][vc_column_text css=&#8221;.vc_custom_1592487462660{margin-top: 10px !important;}&#8221;]<\/p>\n<blockquote><p><strong>Outstanding results<\/strong><\/p><\/blockquote>\n<ul>\n<li>Identify and evaluate the international electrical interconnections of the countries that make up SIESUR, carrying out an updated study on technically profitable complementarities, based on the recent and significant development of renewable energies in some countries of the subregion.<\/li>\n<li>Evaluate the opportunities to intensify in the short and medium term the binational electricity exchanges and among all SIESUR countries, with a quantification of the economic and environmental benefits.<\/li>\n<li>Analyze the legal, institutional and regulatory framework of the countries to identify barriers and harmonization spaces and the possibility of transit of commercialized energy between two countries, through a third party.<\/li>\n<li>Identify alternatives for currency risk coverage, as a result of the energy transactions carried out between the countries.<\/li>\n<li>Design and execute activities aimed at disseminating the results among the sectors involved in the process.<\/li>\n<\/ul>\n<p>[\/vc_column_text][\/vc_column][\/vc_row][vc_row][vc_column width=&#8221;1\/2&#8243;][vc_empty_space][vc_column_text css=&#8221;.vc_custom_1592487513081{background-color: #ffffff !important;}&#8221;]<\/p>\n<blockquote><p><b>Final products<\/b><\/p><\/blockquote>\n<ul>\n<li>Report of international electrical interconnections of the countries that make up SIESUR.<\/li>\n<li>Report on opportunities to intensify electricity exchanges in the short and medium term.<\/li>\n<li>Report on the legal, institutional and regulatory framework of the countries.<\/li>\n<li>Report of the study of alternatives for currency risk coverage, as a result of energy transactions carried out between countries.<\/li>\n<\/ul>\n<p>[\/vc_column_text][\/vc_column][vc_column width=&#8221;1\/2&#8243;][\/vc_column][\/vc_row]<\/p>\n<\/div>","protected":false},"excerpt":{"rendered":"<p>[vc_row][vc_column][vc_row_inner][vc_column_inner width=&#8221;1\/2&#8243;][vc_column_text] Objective Carry out technical studies to intensify electricity exchanges between the countries of the Southern Cone, making use of the existing interconnection infrastructure.[\/vc_column_text][\/vc_column_inner][vc_column_inner width=&#8221;1\/2&#8243;][vc_column_text] Beneficiary countries Argentina, Brazil, Chile, Paraguay and Uruguay.[\/vc_column_text][\/vc_column_inner][\/vc_row_inner][\/vc_column][\/vc_row][vc_row][vc_column width=&#8221;1\/4&#8243;][vc_column_text] Multilateral support [\/vc_column_text][\/vc_column][vc_column width=&#8221;3\/4&#8243;][vc_single_image image=&#8221;11248&#8243; img_size=&#8221;full&#8221;][\/vc_column][\/vc_row][vc_row vc_row_background=&#8221;&#8221; css=&#8221;.vc_custom_1590766344410{background-color: #f4f4f4 !important;}&#8221;][vc_column][vc_column_text css=&#8221;.vc_custom_1592487462660{margin-top: 10px !important;}&#8221;] Outstanding results Identify and evaluate the international [&hellip;]<\/p>\n","protected":false},"author":1,"featured_media":11244,"parent":0,"menu_order":0,"comment_status":"closed","ping_status":"closed","template":"","meta":{"_acf_changed":false,"footnotes":""},"class_list":["post-12373","page","type-page","status-publish","has-post-thumbnail","hentry"],"acf":[],"yoast_head":"<!-- This site is optimized with the Yoast SEO Premium plugin v23.0 (Yoast SEO v23.1) - https:\/\/yoast.com\/wordpress\/plugins\/seo\/ -->\n<title>SIESUR studies stage 1 - OLACDE<\/title>\n<meta name=\"robots\" content=\"noindex, follow, max-snippet:-1, max-image-preview:large, max-video-preview:-1\" \/>\n<meta property=\"og:locale\" content=\"en_US\" \/>\n<meta property=\"og:type\" content=\"article\" \/>\n<meta property=\"og:title\" content=\"SIESUR studies stage 1\" \/>\n<meta property=\"og:description\" content=\"[vc_row][vc_column][vc_row_inner][vc_column_inner width=&#8221;1\/2&#8243;][vc_column_text] Objective Carry out technical studies to intensify electricity exchanges between the countries of the Southern Cone, making use of the existing interconnection infrastructure.[\/vc_column_text][\/vc_column_inner][vc_column_inner width=&#8221;1\/2&#8243;][vc_column_text] Beneficiary countries Argentina, Brazil, Chile, Paraguay and Uruguay.[\/vc_column_text][\/vc_column_inner][\/vc_row_inner][\/vc_column][\/vc_row][vc_row][vc_column width=&#8221;1\/4&#8243;][vc_column_text] Multilateral support [\/vc_column_text][\/vc_column][vc_column width=&#8221;3\/4&#8243;][vc_single_image image=&#8221;11248&#8243; img_size=&#8221;full&#8221;][\/vc_column][\/vc_row][vc_row vc_row_background=&#8221;&#8221; css=&#8221;.vc_custom_1590766344410{background-color: #f4f4f4 !important;}&#8221;][vc_column][vc_column_text css=&#8221;.vc_custom_1592487462660{margin-top: 10px !important;}&#8221;] Outstanding results Identify and evaluate the international [&hellip;]\" \/>\n<meta property=\"og:url\" content=\"https:\/\/test.prueba-12.shop\/en\/siesur-studies-stage-1\/\" \/>\n<meta property=\"og:site_name\" content=\"OLACDE\" \/>\n<meta property=\"article:publisher\" content=\"https:\/\/www.facebook.com\/OLADEORG\" \/>\n<meta property=\"og:image\" content=\"https:\/\/test.prueba-12.shop\/wp-content\/uploads\/2020\/06\/banner_sup-1.jpg\" \/>\n\t<meta property=\"og:image:width\" content=\"1920\" \/>\n\t<meta property=\"og:image:height\" content=\"500\" \/>\n\t<meta property=\"og:image:type\" content=\"image\/jpeg\" \/>\n<meta name=\"twitter:card\" content=\"summary_large_image\" \/>\n<meta name=\"twitter:site\" content=\"@OLADEORG\" \/>\n<meta name=\"twitter:label1\" content=\"Est. reading time\" \/>\n\t<meta name=\"twitter:data1\" content=\"2 minutes\" \/>\n<script type=\"application\/ld+json\" class=\"yoast-schema-graph\">{\"@context\":\"https:\/\/schema.org\",\"@graph\":[{\"@type\":\"WebPage\",\"@id\":\"https:\/\/test.prueba-12.shop\/en\/siesur-studies-stage-1\/\",\"url\":\"https:\/\/test.prueba-12.shop\/en\/siesur-studies-stage-1\/\",\"name\":\"SIESUR studies stage 1 - OLACDE\",\"isPartOf\":{\"@id\":\"https:\/\/test.prueba-12.shop\/en\/#website\"},\"primaryImageOfPage\":{\"@id\":\"https:\/\/test.prueba-12.shop\/en\/siesur-studies-stage-1\/#primaryimage\"},\"image\":{\"@id\":\"https:\/\/test.prueba-12.shop\/en\/siesur-studies-stage-1\/#primaryimage\"},\"thumbnailUrl\":\"https:\/\/test.prueba-12.shop\/wp-content\/uploads\/2020\/06\/banner_sup-1.jpg\",\"datePublished\":\"2020-06-18T13:38:41+00:00\",\"dateModified\":\"2020-06-18T13:38:41+00:00\",\"breadcrumb\":{\"@id\":\"https:\/\/test.prueba-12.shop\/en\/siesur-studies-stage-1\/#breadcrumb\"},\"inLanguage\":\"en-US\",\"potentialAction\":[{\"@type\":\"ReadAction\",\"target\":[\"https:\/\/test.prueba-12.shop\/en\/siesur-studies-stage-1\/\"]}]},{\"@type\":\"ImageObject\",\"inLanguage\":\"en-US\",\"@id\":\"https:\/\/test.prueba-12.shop\/en\/siesur-studies-stage-1\/#primaryimage\",\"url\":\"https:\/\/test.prueba-12.shop\/wp-content\/uploads\/2020\/06\/banner_sup-1.jpg\",\"contentUrl\":\"https:\/\/test.prueba-12.shop\/wp-content\/uploads\/2020\/06\/banner_sup-1.jpg\",\"width\":1920,\"height\":500},{\"@type\":\"BreadcrumbList\",\"@id\":\"https:\/\/test.prueba-12.shop\/en\/siesur-studies-stage-1\/#breadcrumb\",\"itemListElement\":[{\"@type\":\"ListItem\",\"position\":1,\"name\":\"Home\",\"item\":\"https:\/\/test.prueba-12.shop\/en\/\"},{\"@type\":\"ListItem\",\"position\":2,\"name\":\"SIESUR studies stage 1\"}]},{\"@type\":\"WebSite\",\"@id\":\"https:\/\/test.prueba-12.shop\/en\/#website\",\"url\":\"https:\/\/test.prueba-12.shop\/en\/\",\"name\":\"OLADE\",\"description\":\"La Organizaci\u00f3n Latinoamericana y Caribe\u00f1a de Energ\u00eda\",\"publisher\":{\"@id\":\"https:\/\/test.prueba-12.shop\/en\/#organization\"},\"potentialAction\":[{\"@type\":\"SearchAction\",\"target\":{\"@type\":\"EntryPoint\",\"urlTemplate\":\"https:\/\/test.prueba-12.shop\/en\/?s={search_term_string}\"},\"query-input\":\"required name=search_term_string\"}],\"inLanguage\":\"en-US\"},{\"@type\":\"Organization\",\"@id\":\"https:\/\/test.prueba-12.shop\/en\/#organization\",\"name\":\"OLADE\",\"url\":\"https:\/\/test.prueba-12.shop\/en\/\",\"logo\":{\"@type\":\"ImageObject\",\"inLanguage\":\"en-US\",\"@id\":\"https:\/\/test.prueba-12.shop\/en\/#\/schema\/logo\/image\/\",\"url\":\"https:\/\/test.prueba-12.shop\/wp-content\/uploads\/2024\/03\/Logo-OLADE-WEB_Color.png\",\"contentUrl\":\"https:\/\/test.prueba-12.shop\/wp-content\/uploads\/2024\/03\/Logo-OLADE-WEB_Color.png\",\"width\":300,\"height\":132,\"caption\":\"OLADE\"},\"image\":{\"@id\":\"https:\/\/test.prueba-12.shop\/en\/#\/schema\/logo\/image\/\"},\"sameAs\":[\"https:\/\/www.facebook.com\/OLADEORG\",\"https:\/\/x.com\/OLADEORG\",\"https:\/\/www.youtube.com\/user\/oladeorg\",\"https:\/\/www.instagram.com\/oladealc\/\",\"https:\/\/www.linkedin.com\/company\/olade\/\"],\"description\":\"La Organizaci\u00f3n Latinoamericana de Energ\u00eda (OLADE) es un organismo de cooperaci\u00f3n, coordinaci\u00f3n y asesor\u00eda t\u00e9cnica, de car\u00e1cter p\u00fablico intergubernamental, constituido el 2 de noviembre de 1973 mediante la suscripci\u00f3n del Convenio de Lima, ratificado por 27 pa\u00edses de Am\u00e9rica Latina y El Caribe, con el objetivo fundamental de fomentar la integraci\u00f3n, conservaci\u00f3n, racional aprovechamiento, comercializaci\u00f3n y defensa de los recursos energ\u00e9ticos de la Regi\u00f3n.\",\"email\":\"info@test.prueba-12.shop\",\"telephone\":\"+59322598122\",\"legalName\":\"Organizaci\u00f3n Latinoamericana de Energ\u00eda\",\"foundingDate\":\"1973-11-02\",\"numberOfEmployees\":{\"@type\":\"QuantitativeValue\",\"minValue\":\"51\",\"maxValue\":\"200\"}}]}<\/script>\n<!-- \/ Yoast SEO Premium plugin. -->","yoast_head_json":{"title":"SIESUR studies stage 1 - OLACDE","robots":{"index":"noindex","follow":"follow","max-snippet":"max-snippet:-1","max-image-preview":"max-image-preview:large","max-video-preview":"max-video-preview:-1"},"og_locale":"en_US","og_type":"article","og_title":"SIESUR studies stage 1","og_description":"[vc_row][vc_column][vc_row_inner][vc_column_inner width=&#8221;1\/2&#8243;][vc_column_text] Objective Carry out technical studies to intensify electricity exchanges between the countries of the Southern Cone, making use of the existing interconnection infrastructure.[\/vc_column_text][\/vc_column_inner][vc_column_inner width=&#8221;1\/2&#8243;][vc_column_text] Beneficiary countries Argentina, Brazil, Chile, Paraguay and Uruguay.[\/vc_column_text][\/vc_column_inner][\/vc_row_inner][\/vc_column][\/vc_row][vc_row][vc_column width=&#8221;1\/4&#8243;][vc_column_text] Multilateral support [\/vc_column_text][\/vc_column][vc_column width=&#8221;3\/4&#8243;][vc_single_image image=&#8221;11248&#8243; img_size=&#8221;full&#8221;][\/vc_column][\/vc_row][vc_row vc_row_background=&#8221;&#8221; css=&#8221;.vc_custom_1590766344410{background-color: #f4f4f4 !important;}&#8221;][vc_column][vc_column_text css=&#8221;.vc_custom_1592487462660{margin-top: 10px !important;}&#8221;] Outstanding results Identify and evaluate the international [&hellip;]","og_url":"https:\/\/test.prueba-12.shop\/en\/siesur-studies-stage-1\/","og_site_name":"OLACDE","article_publisher":"https:\/\/www.facebook.com\/OLADEORG","og_image":[{"width":1920,"height":500,"url":"https:\/\/test.prueba-12.shop\/wp-content\/uploads\/2020\/06\/banner_sup-1.jpg","type":"image\/jpeg"}],"twitter_card":"summary_large_image","twitter_site":"@OLADEORG","twitter_misc":{"Est. reading time":"2 minutes"},"schema":{"@context":"https:\/\/schema.org","@graph":[{"@type":"WebPage","@id":"https:\/\/test.prueba-12.shop\/en\/siesur-studies-stage-1\/","url":"https:\/\/test.prueba-12.shop\/en\/siesur-studies-stage-1\/","name":"SIESUR studies stage 1 - OLACDE","isPartOf":{"@id":"https:\/\/test.prueba-12.shop\/en\/#website"},"primaryImageOfPage":{"@id":"https:\/\/test.prueba-12.shop\/en\/siesur-studies-stage-1\/#primaryimage"},"image":{"@id":"https:\/\/test.prueba-12.shop\/en\/siesur-studies-stage-1\/#primaryimage"},"thumbnailUrl":"https:\/\/test.prueba-12.shop\/wp-content\/uploads\/2020\/06\/banner_sup-1.jpg","datePublished":"2020-06-18T13:38:41+00:00","dateModified":"2020-06-18T13:38:41+00:00","breadcrumb":{"@id":"https:\/\/test.prueba-12.shop\/en\/siesur-studies-stage-1\/#breadcrumb"},"inLanguage":"en-US","potentialAction":[{"@type":"ReadAction","target":["https:\/\/test.prueba-12.shop\/en\/siesur-studies-stage-1\/"]}]},{"@type":"ImageObject","inLanguage":"en-US","@id":"https:\/\/test.prueba-12.shop\/en\/siesur-studies-stage-1\/#primaryimage","url":"https:\/\/test.prueba-12.shop\/wp-content\/uploads\/2020\/06\/banner_sup-1.jpg","contentUrl":"https:\/\/test.prueba-12.shop\/wp-content\/uploads\/2020\/06\/banner_sup-1.jpg","width":1920,"height":500},{"@type":"BreadcrumbList","@id":"https:\/\/test.prueba-12.shop\/en\/siesur-studies-stage-1\/#breadcrumb","itemListElement":[{"@type":"ListItem","position":1,"name":"Home","item":"https:\/\/test.prueba-12.shop\/en\/"},{"@type":"ListItem","position":2,"name":"SIESUR studies stage 1"}]},{"@type":"WebSite","@id":"https:\/\/test.prueba-12.shop\/en\/#website","url":"https:\/\/test.prueba-12.shop\/en\/","name":"OLADE","description":"La Organizaci\u00f3n Latinoamericana y Caribe\u00f1a de Energ\u00eda","publisher":{"@id":"https:\/\/test.prueba-12.shop\/en\/#organization"},"potentialAction":[{"@type":"SearchAction","target":{"@type":"EntryPoint","urlTemplate":"https:\/\/test.prueba-12.shop\/en\/?s={search_term_string}"},"query-input":"required name=search_term_string"}],"inLanguage":"en-US"},{"@type":"Organization","@id":"https:\/\/test.prueba-12.shop\/en\/#organization","name":"OLADE","url":"https:\/\/test.prueba-12.shop\/en\/","logo":{"@type":"ImageObject","inLanguage":"en-US","@id":"https:\/\/test.prueba-12.shop\/en\/#\/schema\/logo\/image\/","url":"https:\/\/test.prueba-12.shop\/wp-content\/uploads\/2024\/03\/Logo-OLADE-WEB_Color.png","contentUrl":"https:\/\/test.prueba-12.shop\/wp-content\/uploads\/2024\/03\/Logo-OLADE-WEB_Color.png","width":300,"height":132,"caption":"OLADE"},"image":{"@id":"https:\/\/test.prueba-12.shop\/en\/#\/schema\/logo\/image\/"},"sameAs":["https:\/\/www.facebook.com\/OLADEORG","https:\/\/x.com\/OLADEORG","https:\/\/www.youtube.com\/user\/oladeorg","https:\/\/www.instagram.com\/oladealc\/","https:\/\/www.linkedin.com\/company\/olade\/"],"description":"La Organizaci\u00f3n Latinoamericana de Energ\u00eda (OLADE) es un organismo de cooperaci\u00f3n, coordinaci\u00f3n y asesor\u00eda t\u00e9cnica, de car\u00e1cter p\u00fablico intergubernamental, constituido el 2 de noviembre de 1973 mediante la suscripci\u00f3n del Convenio de Lima, ratificado por 27 pa\u00edses de Am\u00e9rica Latina y El Caribe, con el objetivo fundamental de fomentar la integraci\u00f3n, conservaci\u00f3n, racional aprovechamiento, comercializaci\u00f3n y defensa de los recursos energ\u00e9ticos de la Regi\u00f3n.","email":"info@test.prueba-12.shop","telephone":"+59322598122","legalName":"Organizaci\u00f3n Latinoamericana de Energ\u00eda","foundingDate":"1973-11-02","numberOfEmployees":{"@type":"QuantitativeValue","minValue":"51","maxValue":"200"}}]}},"_links":{"self":[{"href":"https:\/\/test.prueba-12.shop\/en\/wp-json\/wp\/v2\/pages\/12373","targetHints":{"allow":["GET"]}}],"collection":[{"href":"https:\/\/test.prueba-12.shop\/en\/wp-json\/wp\/v2\/pages"}],"about":[{"href":"https:\/\/test.prueba-12.shop\/en\/wp-json\/wp\/v2\/types\/page"}],"author":[{"embeddable":true,"href":"https:\/\/test.prueba-12.shop\/en\/wp-json\/wp\/v2\/users\/1"}],"replies":[{"embeddable":true,"href":"https:\/\/test.prueba-12.shop\/en\/wp-json\/wp\/v2\/comments?post=12373"}],"version-history":[{"count":1,"href":"https:\/\/test.prueba-12.shop\/en\/wp-json\/wp\/v2\/pages\/12373\/revisions"}],"predecessor-version":[{"id":12374,"href":"https:\/\/test.prueba-12.shop\/en\/wp-json\/wp\/v2\/pages\/12373\/revisions\/12374"}],"wp:featuredmedia":[{"embeddable":true,"href":"https:\/\/test.prueba-12.shop\/en\/wp-json\/wp\/v2\/media\/11244"}],"wp:attachment":[{"href":"https:\/\/test.prueba-12.shop\/en\/wp-json\/wp\/v2\/media?parent=12373"}],"curies":[{"name":"wp","href":"https:\/\/api.w.org\/{rel}","templated":true}]}}