{"id":12370,"date":"2020-06-01T01:12:51","date_gmt":"2020-06-01T06:12:51","guid":{"rendered":"https:\/\/test.prueba-12.shop\/?page_id=12370"},"modified":"2025-06-13T11:55:40","modified_gmt":"2025-06-13T16:55:40","slug":"national-energy-information-systems-siecountry","status":"publish","type":"page","link":"https:\/\/test.prueba-12.shop\/en\/national-energy-information-systems-siecountry\/","title":{"rendered":"National Energy Information Systems sieCountry"},"content":{"rendered":"<div class=\"wpb-content-wrapper\"><p>[vc_row][vc_column][vc_row_inner][vc_column_inner width=&#8221;1\/2&#8243;][vc_column_text]<\/p>\n<blockquote><p><b>Objective<\/b><\/p><\/blockquote>\n<p>To strengthen the capacities of management, administration, storage, processing and dissemination of statistical, prospective, legal and documentary information on the energy sector in OLACDE Member countries through the implementation of National Energy Information Systems.[\/vc_column_text][\/vc_column_inner][vc_column_inner width=&#8221;1\/2&#8243;][vc_column_text]<\/p>\n<blockquote><p><strong>Beneficiary countries<\/strong><\/p><\/blockquote>\n<p>Belize, Guyana, Grenada, Suriname, Jamaica, Panama, Paraguay, Ecuador, Honduras, Barbados, Dominican Republic, Brazil[\/vc_column_text][\/vc_column_inner][\/vc_row_inner][\/vc_column][\/vc_row][vc_row][vc_column width=&#8221;1\/4&#8243;][vc_column_text]<\/p>\n<blockquote>\n<p style=\"text-align: left;\"><strong>Multilateral support<\/strong><\/p>\n<\/blockquote>\n<p>[\/vc_column_text][\/vc_column][vc_column width=&#8221;3\/4&#8243;][vc_single_image image=&#8221;11240&#8243; img_size=&#8221;full&#8221;][\/vc_column][\/vc_row][vc_row vc_row_background=&#8221;&#8221; css=&#8221;.vc_custom_1590766344410{background-color: #f4f4f4 !important;}&#8221;][vc_column][vc_column_text css=&#8221;.vc_custom_1592487048184{margin-top: 10px !important;}&#8221;]<\/p>\n<blockquote><p><strong>Outstanding results<\/strong><\/p><\/blockquote>\n<p><strong>&#8211;<\/strong> The National Energy Information System<\/p>\n<p>&#8211; sieCountry, integrates, processes, and disseminates statistical, prospective, socioeconomic, legal, and documentary information on the energy sector of the OLACDE Member Countries, based on standardized methodologies and concepts that allow the consolidation of the information at the national level.<\/p>\n<p>&#8211; The human resources of the beneficiary countries will strengthen their capacities for the administration, storage and processing of statistical information, both in technical fields and in other aspects that influence the energy sector, automating current systems with modern tools and enhancing the information management and energy planning models available in the country.<\/p>\n<p>&#8211; In the process of implementing the system, the countries will harmonize the methodology for preparing energy balances, according to the International Recommendations on Energy Statistics (IRES) of the United Nations, with the objective that the country&#8217;s energy information manages concepts internationally standardized, promoting comparability at the regional and global levels.<\/p>\n<p>-Automatic obtention of the National Energy Balance based on the country&#8217;s own methodology. As well as Greenhouse Gas emissions.<\/p>\n<p>-Formulation of indicators and their automatic calculation by combining economic, social, energy and environmental information, enhancing the analysis of the sector and providing better elements for planning.<\/p>\n<p>-Registration of historical series for the most important variables of the energy sector, from which trend behaviors can be established, the causes of changes in the composition of the energy matrix can be identified, as well as the perspective of the future behavior of the sector.<\/p>\n<p>-Massive data entry for annual or monthly historical series for the different themes conceptualized in the system through Excel spreadsheets or online forms, through the selection of multidimensional criteria and the loading of data through the internet.<\/p>\n<p>-Consult data classified by subject through the definition of various search criteria, the results of which can be presented through tables, graphs and infographics and exported to different formats: Excel and pdf.<\/p>\n<p>&#8211; Once the implementation of the National Information Systems is completed, each country will be able to continue using the tools provided by OLACDE to support decision-making and the development of energy planning in their country.<\/p>\n<p>&#8211; OLACDE provides accommodation to Information Systems for countries that have implemented their system and do not have their own technological infrastructure.[\/vc_column_text][\/vc_column][\/vc_row][vc_row][vc_column width=&#8221;1\/2&#8243;][vc_empty_space][vc_column_text css=&#8221;.vc_custom_1749833736762{background-color: #ffffff !important;}&#8221;]<\/p>\n<blockquote><p><b>Final products<\/b><\/p><\/blockquote>\n<ul>\n<li>Jamaica Energy Information System<\/li>\n<li>Belize Energy Information System <a href=\"https:\/\/siebelize.OLACDE.org\/\">https:\/\/siebelize.OLACDE.org\/<\/a><\/li>\n<li>Guyana Energy Information System <a href=\"https:\/\/sieguyana.OLACDE.org\/\">https:\/\/sieguyana.OLACDE.org\/<\/a><\/li>\n<li>Grenada Energy Information System <a href=\"https:\/\/siegrenada.OLACDE.org\/\">https:\/\/siegrenada.OLACDE.org\/<\/a><\/li>\n<li>Suriname Energy Information System <a href=\"https:\/\/siesuriname.OLACDE.org\/\">https:\/\/siesuriname.OLACDE.org\/<\/a><\/li>\n<li>Barbados Energy Information System <a href=\"https:\/\/siebarbados.OLACDE.org\/\">https:\/\/siebarbados.OLACDE.org\/<\/a><\/li>\n<li>Energy Information System of the Dominican Republic <a href=\"https:\/\/sien.cne.gob.do\/\">https:\/\/sien.cne.gob.do\/<\/a><\/li>\n<li>Brazilian Energy Information System <a href=\"https:\/\/www.mme.gov.br\/SIEBRASIL\/\">https:\/\/www.mme.gov.br\/SIEBRASIL\/<\/a><\/li>\n<li>Honduras Energy Information System<\/li>\n<li>Ecuador&#8217;s Energy Information System<\/li>\n<li>Paraguay Energy Information System<\/li>\n<li>Panama Energy Information System<\/li>\n<li>Personnel trained in the collection and processing of energy information, as well as in the management of the Information System.<\/li>\n<li>Technical and user manuals.<\/li>\n<li>Standardized data collection forms.<\/li>\n<\/ul>\n<p>[\/vc_column_text][\/vc_column][vc_column width=&#8221;1\/2&#8243;][\/vc_column][\/vc_row]<\/p>\n<\/div>","protected":false},"excerpt":{"rendered":"<p>[vc_row][vc_column][vc_row_inner][vc_column_inner width=&#8221;1\/2&#8243;][vc_column_text] Objective To strengthen the capacities of management, administration, storage, processing and dissemination of statistical, prospective, legal and documentary information on the energy sector in OLACDE Member countries through the implementation of National Energy Information Systems.[\/vc_column_text][\/vc_column_inner][vc_column_inner width=&#8221;1\/2&#8243;][vc_column_text] Beneficiary countries Belize, Guyana, Grenada, Suriname, Jamaica, Panama, Paraguay, Ecuador, Honduras, Barbados, Dominican Republic, Brazil[\/vc_column_text][\/vc_column_inner][\/vc_row_inner][\/vc_column][\/vc_row][vc_row][vc_column width=&#8221;1\/4&#8243;][vc_column_text] Multilateral [&hellip;]<\/p>\n","protected":false},"author":1,"featured_media":11237,"parent":0,"menu_order":0,"comment_status":"closed","ping_status":"closed","template":"","meta":{"_acf_changed":false,"footnotes":""},"class_list":["post-12370","page","type-page","status-publish","has-post-thumbnail","hentry"],"acf":[],"yoast_head":"<!-- This site is optimized with the Yoast SEO Premium plugin v23.0 (Yoast SEO v23.1) - https:\/\/yoast.com\/wordpress\/plugins\/seo\/ -->\n<title>National Energy Information Systems sieCountry - OLACDE<\/title>\n<meta name=\"robots\" content=\"noindex, follow, max-snippet:-1, max-image-preview:large, max-video-preview:-1\" \/>\n<meta property=\"og:locale\" content=\"en_US\" \/>\n<meta property=\"og:type\" content=\"article\" \/>\n<meta property=\"og:title\" content=\"National Energy Information Systems sieCountry\" \/>\n<meta property=\"og:description\" content=\"[vc_row][vc_column][vc_row_inner][vc_column_inner width=&#8221;1\/2&#8243;][vc_column_text] Objective To strengthen the capacities of management, administration, storage, processing and dissemination of statistical, prospective, legal and documentary information on the energy sector in OLACDE Member countries through the implementation of National Energy Information Systems.[\/vc_column_text][\/vc_column_inner][vc_column_inner width=&#8221;1\/2&#8243;][vc_column_text] Beneficiary countries Belize, Guyana, Grenada, Suriname, Jamaica, Panama, Paraguay, Ecuador, Honduras, Barbados, Dominican Republic, Brazil[\/vc_column_text][\/vc_column_inner][\/vc_row_inner][\/vc_column][\/vc_row][vc_row][vc_column width=&#8221;1\/4&#8243;][vc_column_text] Multilateral [&hellip;]\" \/>\n<meta property=\"og:url\" content=\"https:\/\/test.prueba-12.shop\/en\/national-energy-information-systems-siecountry\/\" \/>\n<meta property=\"og:site_name\" content=\"OLACDE\" \/>\n<meta property=\"article:publisher\" content=\"https:\/\/www.facebook.com\/OLADEORG\" \/>\n<meta property=\"article:modified_time\" content=\"2025-06-13T16:55:40+00:00\" \/>\n<meta property=\"og:image\" content=\"https:\/\/test.prueba-12.shop\/wp-content\/uploads\/2020\/06\/banner_sup.jpg\" \/>\n\t<meta property=\"og:image:width\" content=\"1920\" \/>\n\t<meta property=\"og:image:height\" content=\"500\" \/>\n\t<meta property=\"og:image:type\" content=\"image\/jpeg\" \/>\n<meta name=\"twitter:card\" content=\"summary_large_image\" \/>\n<meta name=\"twitter:site\" content=\"@OLADEORG\" \/>\n<meta name=\"twitter:label1\" content=\"Est. reading time\" \/>\n\t<meta name=\"twitter:data1\" content=\"3 minutes\" \/>\n<script type=\"application\/ld+json\" class=\"yoast-schema-graph\">{\"@context\":\"https:\/\/schema.org\",\"@graph\":[{\"@type\":\"WebPage\",\"@id\":\"https:\/\/test.prueba-12.shop\/en\/national-energy-information-systems-siecountry\/\",\"url\":\"https:\/\/test.prueba-12.shop\/en\/national-energy-information-systems-siecountry\/\",\"name\":\"National Energy Information Systems sieCountry - OLACDE\",\"isPartOf\":{\"@id\":\"https:\/\/test.prueba-12.shop\/en\/#website\"},\"primaryImageOfPage\":{\"@id\":\"https:\/\/test.prueba-12.shop\/en\/national-energy-information-systems-siecountry\/#primaryimage\"},\"image\":{\"@id\":\"https:\/\/test.prueba-12.shop\/en\/national-energy-information-systems-siecountry\/#primaryimage\"},\"thumbnailUrl\":\"https:\/\/test.prueba-12.shop\/wp-content\/uploads\/2020\/06\/banner_sup.jpg\",\"datePublished\":\"2020-06-01T06:12:51+00:00\",\"dateModified\":\"2025-06-13T16:55:40+00:00\",\"breadcrumb\":{\"@id\":\"https:\/\/test.prueba-12.shop\/en\/national-energy-information-systems-siecountry\/#breadcrumb\"},\"inLanguage\":\"en-US\",\"potentialAction\":[{\"@type\":\"ReadAction\",\"target\":[\"https:\/\/test.prueba-12.shop\/en\/national-energy-information-systems-siecountry\/\"]}]},{\"@type\":\"ImageObject\",\"inLanguage\":\"en-US\",\"@id\":\"https:\/\/test.prueba-12.shop\/en\/national-energy-information-systems-siecountry\/#primaryimage\",\"url\":\"https:\/\/test.prueba-12.shop\/wp-content\/uploads\/2020\/06\/banner_sup.jpg\",\"contentUrl\":\"https:\/\/test.prueba-12.shop\/wp-content\/uploads\/2020\/06\/banner_sup.jpg\",\"width\":1920,\"height\":500},{\"@type\":\"BreadcrumbList\",\"@id\":\"https:\/\/test.prueba-12.shop\/en\/national-energy-information-systems-siecountry\/#breadcrumb\",\"itemListElement\":[{\"@type\":\"ListItem\",\"position\":1,\"name\":\"Home\",\"item\":\"https:\/\/test.prueba-12.shop\/en\/\"},{\"@type\":\"ListItem\",\"position\":2,\"name\":\"National Energy Information Systems sieCountry\"}]},{\"@type\":\"WebSite\",\"@id\":\"https:\/\/test.prueba-12.shop\/en\/#website\",\"url\":\"https:\/\/test.prueba-12.shop\/en\/\",\"name\":\"OLADE\",\"description\":\"La Organizaci\u00f3n Latinoamericana y Caribe\u00f1a de Energ\u00eda\",\"publisher\":{\"@id\":\"https:\/\/test.prueba-12.shop\/en\/#organization\"},\"potentialAction\":[{\"@type\":\"SearchAction\",\"target\":{\"@type\":\"EntryPoint\",\"urlTemplate\":\"https:\/\/test.prueba-12.shop\/en\/?s={search_term_string}\"},\"query-input\":\"required name=search_term_string\"}],\"inLanguage\":\"en-US\"},{\"@type\":\"Organization\",\"@id\":\"https:\/\/test.prueba-12.shop\/en\/#organization\",\"name\":\"OLADE\",\"url\":\"https:\/\/test.prueba-12.shop\/en\/\",\"logo\":{\"@type\":\"ImageObject\",\"inLanguage\":\"en-US\",\"@id\":\"https:\/\/test.prueba-12.shop\/en\/#\/schema\/logo\/image\/\",\"url\":\"https:\/\/test.prueba-12.shop\/wp-content\/uploads\/2024\/03\/Logo-OLADE-WEB_Color.png\",\"contentUrl\":\"https:\/\/test.prueba-12.shop\/wp-content\/uploads\/2024\/03\/Logo-OLADE-WEB_Color.png\",\"width\":300,\"height\":132,\"caption\":\"OLADE\"},\"image\":{\"@id\":\"https:\/\/test.prueba-12.shop\/en\/#\/schema\/logo\/image\/\"},\"sameAs\":[\"https:\/\/www.facebook.com\/OLADEORG\",\"https:\/\/x.com\/OLADEORG\",\"https:\/\/www.youtube.com\/user\/oladeorg\",\"https:\/\/www.instagram.com\/oladealc\/\",\"https:\/\/www.linkedin.com\/company\/olade\/\"],\"description\":\"La Organizaci\u00f3n Latinoamericana de Energ\u00eda (OLADE) es un organismo de cooperaci\u00f3n, coordinaci\u00f3n y asesor\u00eda t\u00e9cnica, de car\u00e1cter p\u00fablico intergubernamental, constituido el 2 de noviembre de 1973 mediante la suscripci\u00f3n del Convenio de Lima, ratificado por 27 pa\u00edses de Am\u00e9rica Latina y El Caribe, con el objetivo fundamental de fomentar la integraci\u00f3n, conservaci\u00f3n, racional aprovechamiento, comercializaci\u00f3n y defensa de los recursos energ\u00e9ticos de la Regi\u00f3n.\",\"email\":\"info@test.prueba-12.shop\",\"telephone\":\"+59322598122\",\"legalName\":\"Organizaci\u00f3n Latinoamericana de Energ\u00eda\",\"foundingDate\":\"1973-11-02\",\"numberOfEmployees\":{\"@type\":\"QuantitativeValue\",\"minValue\":\"51\",\"maxValue\":\"200\"}}]}<\/script>\n<!-- \/ Yoast SEO Premium plugin. -->","yoast_head_json":{"title":"National Energy Information Systems sieCountry - OLACDE","robots":{"index":"noindex","follow":"follow","max-snippet":"max-snippet:-1","max-image-preview":"max-image-preview:large","max-video-preview":"max-video-preview:-1"},"og_locale":"en_US","og_type":"article","og_title":"National Energy Information Systems sieCountry","og_description":"[vc_row][vc_column][vc_row_inner][vc_column_inner width=&#8221;1\/2&#8243;][vc_column_text] Objective To strengthen the capacities of management, administration, storage, processing and dissemination of statistical, prospective, legal and documentary information on the energy sector in OLACDE Member countries through the implementation of National Energy Information Systems.[\/vc_column_text][\/vc_column_inner][vc_column_inner width=&#8221;1\/2&#8243;][vc_column_text] Beneficiary countries Belize, Guyana, Grenada, Suriname, Jamaica, Panama, Paraguay, Ecuador, Honduras, Barbados, Dominican Republic, Brazil[\/vc_column_text][\/vc_column_inner][\/vc_row_inner][\/vc_column][\/vc_row][vc_row][vc_column width=&#8221;1\/4&#8243;][vc_column_text] Multilateral [&hellip;]","og_url":"https:\/\/test.prueba-12.shop\/en\/national-energy-information-systems-siecountry\/","og_site_name":"OLACDE","article_publisher":"https:\/\/www.facebook.com\/OLADEORG","article_modified_time":"2025-06-13T16:55:40+00:00","og_image":[{"width":1920,"height":500,"url":"https:\/\/test.prueba-12.shop\/wp-content\/uploads\/2020\/06\/banner_sup.jpg","type":"image\/jpeg"}],"twitter_card":"summary_large_image","twitter_site":"@OLADEORG","twitter_misc":{"Est. reading time":"3 minutes"},"schema":{"@context":"https:\/\/schema.org","@graph":[{"@type":"WebPage","@id":"https:\/\/test.prueba-12.shop\/en\/national-energy-information-systems-siecountry\/","url":"https:\/\/test.prueba-12.shop\/en\/national-energy-information-systems-siecountry\/","name":"National Energy Information Systems sieCountry - OLACDE","isPartOf":{"@id":"https:\/\/test.prueba-12.shop\/en\/#website"},"primaryImageOfPage":{"@id":"https:\/\/test.prueba-12.shop\/en\/national-energy-information-systems-siecountry\/#primaryimage"},"image":{"@id":"https:\/\/test.prueba-12.shop\/en\/national-energy-information-systems-siecountry\/#primaryimage"},"thumbnailUrl":"https:\/\/test.prueba-12.shop\/wp-content\/uploads\/2020\/06\/banner_sup.jpg","datePublished":"2020-06-01T06:12:51+00:00","dateModified":"2025-06-13T16:55:40+00:00","breadcrumb":{"@id":"https:\/\/test.prueba-12.shop\/en\/national-energy-information-systems-siecountry\/#breadcrumb"},"inLanguage":"en-US","potentialAction":[{"@type":"ReadAction","target":["https:\/\/test.prueba-12.shop\/en\/national-energy-information-systems-siecountry\/"]}]},{"@type":"ImageObject","inLanguage":"en-US","@id":"https:\/\/test.prueba-12.shop\/en\/national-energy-information-systems-siecountry\/#primaryimage","url":"https:\/\/test.prueba-12.shop\/wp-content\/uploads\/2020\/06\/banner_sup.jpg","contentUrl":"https:\/\/test.prueba-12.shop\/wp-content\/uploads\/2020\/06\/banner_sup.jpg","width":1920,"height":500},{"@type":"BreadcrumbList","@id":"https:\/\/test.prueba-12.shop\/en\/national-energy-information-systems-siecountry\/#breadcrumb","itemListElement":[{"@type":"ListItem","position":1,"name":"Home","item":"https:\/\/test.prueba-12.shop\/en\/"},{"@type":"ListItem","position":2,"name":"National Energy Information Systems sieCountry"}]},{"@type":"WebSite","@id":"https:\/\/test.prueba-12.shop\/en\/#website","url":"https:\/\/test.prueba-12.shop\/en\/","name":"OLADE","description":"La Organizaci\u00f3n Latinoamericana y Caribe\u00f1a de Energ\u00eda","publisher":{"@id":"https:\/\/test.prueba-12.shop\/en\/#organization"},"potentialAction":[{"@type":"SearchAction","target":{"@type":"EntryPoint","urlTemplate":"https:\/\/test.prueba-12.shop\/en\/?s={search_term_string}"},"query-input":"required name=search_term_string"}],"inLanguage":"en-US"},{"@type":"Organization","@id":"https:\/\/test.prueba-12.shop\/en\/#organization","name":"OLADE","url":"https:\/\/test.prueba-12.shop\/en\/","logo":{"@type":"ImageObject","inLanguage":"en-US","@id":"https:\/\/test.prueba-12.shop\/en\/#\/schema\/logo\/image\/","url":"https:\/\/test.prueba-12.shop\/wp-content\/uploads\/2024\/03\/Logo-OLADE-WEB_Color.png","contentUrl":"https:\/\/test.prueba-12.shop\/wp-content\/uploads\/2024\/03\/Logo-OLADE-WEB_Color.png","width":300,"height":132,"caption":"OLADE"},"image":{"@id":"https:\/\/test.prueba-12.shop\/en\/#\/schema\/logo\/image\/"},"sameAs":["https:\/\/www.facebook.com\/OLADEORG","https:\/\/x.com\/OLADEORG","https:\/\/www.youtube.com\/user\/oladeorg","https:\/\/www.instagram.com\/oladealc\/","https:\/\/www.linkedin.com\/company\/olade\/"],"description":"La Organizaci\u00f3n Latinoamericana de Energ\u00eda (OLADE) es un organismo de cooperaci\u00f3n, coordinaci\u00f3n y asesor\u00eda t\u00e9cnica, de car\u00e1cter p\u00fablico intergubernamental, constituido el 2 de noviembre de 1973 mediante la suscripci\u00f3n del Convenio de Lima, ratificado por 27 pa\u00edses de Am\u00e9rica Latina y El Caribe, con el objetivo fundamental de fomentar la integraci\u00f3n, conservaci\u00f3n, racional aprovechamiento, comercializaci\u00f3n y defensa de los recursos energ\u00e9ticos de la Regi\u00f3n.","email":"info@test.prueba-12.shop","telephone":"+59322598122","legalName":"Organizaci\u00f3n Latinoamericana de Energ\u00eda","foundingDate":"1973-11-02","numberOfEmployees":{"@type":"QuantitativeValue","minValue":"51","maxValue":"200"}}]}},"_links":{"self":[{"href":"https:\/\/test.prueba-12.shop\/en\/wp-json\/wp\/v2\/pages\/12370","targetHints":{"allow":["GET"]}}],"collection":[{"href":"https:\/\/test.prueba-12.shop\/en\/wp-json\/wp\/v2\/pages"}],"about":[{"href":"https:\/\/test.prueba-12.shop\/en\/wp-json\/wp\/v2\/types\/page"}],"author":[{"embeddable":true,"href":"https:\/\/test.prueba-12.shop\/en\/wp-json\/wp\/v2\/users\/1"}],"replies":[{"embeddable":true,"href":"https:\/\/test.prueba-12.shop\/en\/wp-json\/wp\/v2\/comments?post=12370"}],"version-history":[{"count":7,"href":"https:\/\/test.prueba-12.shop\/en\/wp-json\/wp\/v2\/pages\/12370\/revisions"}],"predecessor-version":[{"id":29285,"href":"https:\/\/test.prueba-12.shop\/en\/wp-json\/wp\/v2\/pages\/12370\/revisions\/29285"}],"wp:featuredmedia":[{"embeddable":true,"href":"https:\/\/test.prueba-12.shop\/en\/wp-json\/wp\/v2\/media\/11237"}],"wp:attachment":[{"href":"https:\/\/test.prueba-12.shop\/en\/wp-json\/wp\/v2\/media?parent=12370"}],"curies":[{"name":"wp","href":"https:\/\/api.w.org\/{rel}","templated":true}]}}