{"id":12366,"date":"2020-06-18T08:19:33","date_gmt":"2020-06-18T13:19:33","guid":{"rendered":"https:\/\/test.prueba-12.shop\/?page_id=12366"},"modified":"2020-06-18T08:19:33","modified_gmt":"2020-06-18T13:19:33","slug":"program-to-strengthen-the-management-and-dissemination-of-energy-information-for-sustainable-development-in-latin-america-and-the-caribbean","status":"publish","type":"page","link":"https:\/\/test.prueba-12.shop\/en\/program-to-strengthen-the-management-and-dissemination-of-energy-information-for-sustainable-development-in-latin-america-and-the-caribbean\/","title":{"rendered":"Program to Strengthen the Management and Dissemination of Energy Information for Sustainable Development in Latin America and the Caribbean"},"content":{"rendered":"<div class=\"wpb-content-wrapper\"><p>[vc_row][vc_column][vc_row_inner][vc_column_inner width=&#8221;1\/2&#8243;][vc_column_text]<\/p>\n<blockquote><p><b>Objective<\/b><\/p><\/blockquote>\n<p>To strengthen the capacity of OLACDE and the countries of Latin America and the Caribbean in the management, dissemination and delivery of energy information in a reliable and complete manner for its timely dissemination. This project seeks to specifically reach existing supply and demand statistics, prices and rates, reserves, renewable resources, environmental impact, and indicators. As well as sustainable energy development in the dimensions of gender equality and energy, energy and climate change, energy efficiency, access to energy and participation of renewable energies.[\/vc_column_text][\/vc_column_inner][vc_column_inner width=&#8221;1\/2&#8243;][vc_column_text]<\/p>\n<blockquote><p><strong>Beneficiary countries<\/strong><\/p><\/blockquote>\n<p>Belize, Bolivia, Colombia, Costa Rica, Ecuador, Honduras, Paraguay, Panama, the Dominican Republic and Uruguay.[\/vc_column_text][\/vc_column_inner][\/vc_row_inner][\/vc_column][\/vc_row][vc_row][vc_column width=&#8221;1\/4&#8243;][vc_column_text]<\/p>\n<blockquote>\n<p style=\"text-align: left;\"><strong>Multilateral support<\/strong><\/p>\n<\/blockquote>\n<p>[\/vc_column_text][\/vc_column][vc_column width=&#8221;3\/4&#8243;][vc_single_image image=&#8221;11212&#8243; img_size=&#8221;full&#8221;][\/vc_column][\/vc_row][vc_row vc_row_background=&#8221;&#8221; css=&#8221;.vc_custom_1590766344410{background-color: #f4f4f4 !important;}&#8221;][vc_column][vc_column_text css=&#8221;.vc_custom_1592486270066{margin-top: 10px !important;}&#8221;]<\/p>\n<blockquote><p><strong>Outstanding results<\/strong><\/p><\/blockquote>\n<p><strong>&#8211;<\/strong> Methodology for harmonizing energy balance concepts with the International Recommendations on Energy Statistics (IRES).<\/p>\n<p>&#8211; Methodology for harmonizing concepts of greenhouse gas (GHG) emissions balances with IPCC 2006.<\/p>\n<p>&#8211; Methodology for harmonizing energy price concepts with IRES and the International Energy Agency (IEA).<\/p>\n<p>&#8211; Methodology for harmonizing concepts of hydrocarbon balances with JODI.<\/p>\n<p>&#8211; Methodologies for managing statistics on: reserves and potentials, electricity generation, transmission and distribution infrastructure, production infrastructure, transport, storage and transformation of oil, natural gas and derivatives, characterization of electricity demand and electricity markets.<\/p>\n<p>&#8211; Tool for automated preparation of energy balance reports with OLACDE and IRES methodology and GHG emissions reports.<\/p>\n<p>&#8211; Tool for automated elaboration of hydrocarbon balance reports with JODI methodology, considering the annual balance tool.<\/p>\n<p>&#8211; Report of energy prices based on the new methodology.<\/p>\n<p>&#8211; Descriptive sheets for the methodologies developed.<\/p>\n<p>&#8211; Prototype of the new regional information system considering the new methodologies.<\/p>\n<p>&#8211; Prototypes of information systems for countries in the region considering the new methodologies<\/p>\n<p>&#8211; Several countries in the region aware of the new methodologies.<\/p>\n<p>&#8211; Updating of OLACDE&#8217;s ICT infrastructure and development of cloud services.[\/vc_column_text][\/vc_column][\/vc_row][vc_row][vc_column width=&#8221;1\/2&#8243;][vc_empty_space][vc_column_text css=&#8221;.vc_custom_1592486362727{background-color: #ffffff !important;}&#8221;]<\/p>\n<blockquote><p><b>Final products<\/b><\/p><\/blockquote>\n<ul>\n<li>OLACDE and the countries of the region trained on the new methodologies.<\/li>\n<li>Tool for automated preparation of energy balance reports with OLACDE and IRES methodology and GHG emissions reports.<\/li>\n<li>Tool for automated elaboration of hydrocarbon balance reports with JODI methodology, considering the annual balance tool.<\/li>\n<li>New regional information system.<\/li>\n<li>Information systems for countries in the region. They are operational: Ecuador, Honduras, Panama and Paraguay.<\/li>\n<\/ul>\n<p>[\/vc_column_text][\/vc_column][vc_column width=&#8221;1\/2&#8243;][\/vc_column][\/vc_row]<\/p>\n<\/div>","protected":false},"excerpt":{"rendered":"<p>[vc_row][vc_column][vc_row_inner][vc_column_inner width=&#8221;1\/2&#8243;][vc_column_text] Objective To strengthen the capacity of OLACDE and the countries of Latin America and the Caribbean in the management, dissemination and delivery of energy information in a reliable and complete manner for its timely dissemination. This project seeks to specifically reach existing supply and demand statistics, prices and rates, reserves, renewable resources, environmental [&hellip;]<\/p>\n","protected":false},"author":1,"featured_media":11216,"parent":0,"menu_order":0,"comment_status":"closed","ping_status":"closed","template":"","meta":{"_acf_changed":false,"footnotes":""},"class_list":["post-12366","page","type-page","status-publish","has-post-thumbnail","hentry"],"acf":[],"yoast_head":"<!-- This site is optimized with the Yoast SEO Premium plugin v23.0 (Yoast SEO v23.1) - https:\/\/yoast.com\/wordpress\/plugins\/seo\/ -->\n<title>Program to Strengthen the Management and Dissemination of Energy Information for Sustainable Development in Latin America and the Caribbean - OLACDE<\/title>\n<meta name=\"robots\" content=\"noindex, follow, max-snippet:-1, max-image-preview:large, max-video-preview:-1\" \/>\n<meta property=\"og:locale\" content=\"en_US\" \/>\n<meta property=\"og:type\" content=\"article\" \/>\n<meta property=\"og:title\" content=\"Program to Strengthen the Management and Dissemination of Energy Information for Sustainable Development in Latin America and the Caribbean\" \/>\n<meta property=\"og:description\" content=\"[vc_row][vc_column][vc_row_inner][vc_column_inner width=&#8221;1\/2&#8243;][vc_column_text] Objective To strengthen the capacity of OLACDE and the countries of Latin America and the Caribbean in the management, dissemination and delivery of energy information in a reliable and complete manner for its timely dissemination. This project seeks to specifically reach existing supply and demand statistics, prices and rates, reserves, renewable resources, environmental [&hellip;]\" \/>\n<meta property=\"og:url\" content=\"https:\/\/test.prueba-12.shop\/en\/program-to-strengthen-the-management-and-dissemination-of-energy-information-for-sustainable-development-in-latin-america-and-the-caribbean\/\" \/>\n<meta property=\"og:site_name\" content=\"OLACDE\" \/>\n<meta property=\"article:publisher\" content=\"https:\/\/www.facebook.com\/OLADEORG\" \/>\n<meta property=\"og:image\" content=\"https:\/\/test.prueba-12.shop\/wp-content\/uploads\/2020\/06\/Programa-para-el-Fortalecimiento-de-la-Gesti\u00f3n-y-Difusi\u00f3n.jpg\" \/>\n\t<meta property=\"og:image:width\" content=\"1920\" \/>\n\t<meta property=\"og:image:height\" content=\"500\" \/>\n\t<meta property=\"og:image:type\" content=\"image\/jpeg\" \/>\n<meta name=\"twitter:card\" content=\"summary_large_image\" \/>\n<meta name=\"twitter:site\" content=\"@OLADEORG\" \/>\n<meta name=\"twitter:label1\" content=\"Est. reading time\" \/>\n\t<meta name=\"twitter:data1\" content=\"2 minutes\" \/>\n<script type=\"application\/ld+json\" class=\"yoast-schema-graph\">{\"@context\":\"https:\/\/schema.org\",\"@graph\":[{\"@type\":\"WebPage\",\"@id\":\"https:\/\/test.prueba-12.shop\/en\/program-to-strengthen-the-management-and-dissemination-of-energy-information-for-sustainable-development-in-latin-america-and-the-caribbean\/\",\"url\":\"https:\/\/test.prueba-12.shop\/en\/program-to-strengthen-the-management-and-dissemination-of-energy-information-for-sustainable-development-in-latin-america-and-the-caribbean\/\",\"name\":\"Program to Strengthen the Management and Dissemination of Energy Information for Sustainable Development in Latin America and the Caribbean - OLACDE\",\"isPartOf\":{\"@id\":\"https:\/\/test.prueba-12.shop\/en\/#website\"},\"primaryImageOfPage\":{\"@id\":\"https:\/\/test.prueba-12.shop\/en\/program-to-strengthen-the-management-and-dissemination-of-energy-information-for-sustainable-development-in-latin-america-and-the-caribbean\/#primaryimage\"},\"image\":{\"@id\":\"https:\/\/test.prueba-12.shop\/en\/program-to-strengthen-the-management-and-dissemination-of-energy-information-for-sustainable-development-in-latin-america-and-the-caribbean\/#primaryimage\"},\"thumbnailUrl\":\"https:\/\/test.prueba-12.shop\/wp-content\/uploads\/2020\/06\/Programa-para-el-Fortalecimiento-de-la-Gesti\u00f3n-y-Difusi\u00f3n.jpg\",\"datePublished\":\"2020-06-18T13:19:33+00:00\",\"dateModified\":\"2020-06-18T13:19:33+00:00\",\"breadcrumb\":{\"@id\":\"https:\/\/test.prueba-12.shop\/en\/program-to-strengthen-the-management-and-dissemination-of-energy-information-for-sustainable-development-in-latin-america-and-the-caribbean\/#breadcrumb\"},\"inLanguage\":\"en-US\",\"potentialAction\":[{\"@type\":\"ReadAction\",\"target\":[\"https:\/\/test.prueba-12.shop\/en\/program-to-strengthen-the-management-and-dissemination-of-energy-information-for-sustainable-development-in-latin-america-and-the-caribbean\/\"]}]},{\"@type\":\"ImageObject\",\"inLanguage\":\"en-US\",\"@id\":\"https:\/\/test.prueba-12.shop\/en\/program-to-strengthen-the-management-and-dissemination-of-energy-information-for-sustainable-development-in-latin-america-and-the-caribbean\/#primaryimage\",\"url\":\"https:\/\/test.prueba-12.shop\/wp-content\/uploads\/2020\/06\/Programa-para-el-Fortalecimiento-de-la-Gesti\u00f3n-y-Difusi\u00f3n.jpg\",\"contentUrl\":\"https:\/\/test.prueba-12.shop\/wp-content\/uploads\/2020\/06\/Programa-para-el-Fortalecimiento-de-la-Gesti\u00f3n-y-Difusi\u00f3n.jpg\",\"width\":1920,\"height\":500},{\"@type\":\"BreadcrumbList\",\"@id\":\"https:\/\/test.prueba-12.shop\/en\/program-to-strengthen-the-management-and-dissemination-of-energy-information-for-sustainable-development-in-latin-america-and-the-caribbean\/#breadcrumb\",\"itemListElement\":[{\"@type\":\"ListItem\",\"position\":1,\"name\":\"Home\",\"item\":\"https:\/\/test.prueba-12.shop\/en\/\"},{\"@type\":\"ListItem\",\"position\":2,\"name\":\"Program to Strengthen the Management and Dissemination of Energy Information for Sustainable Development in Latin America and the Caribbean\"}]},{\"@type\":\"WebSite\",\"@id\":\"https:\/\/test.prueba-12.shop\/en\/#website\",\"url\":\"https:\/\/test.prueba-12.shop\/en\/\",\"name\":\"OLADE\",\"description\":\"La Organizaci\u00f3n Latinoamericana y Caribe\u00f1a de Energ\u00eda\",\"publisher\":{\"@id\":\"https:\/\/test.prueba-12.shop\/en\/#organization\"},\"potentialAction\":[{\"@type\":\"SearchAction\",\"target\":{\"@type\":\"EntryPoint\",\"urlTemplate\":\"https:\/\/test.prueba-12.shop\/en\/?s={search_term_string}\"},\"query-input\":\"required name=search_term_string\"}],\"inLanguage\":\"en-US\"},{\"@type\":\"Organization\",\"@id\":\"https:\/\/test.prueba-12.shop\/en\/#organization\",\"name\":\"OLADE\",\"url\":\"https:\/\/test.prueba-12.shop\/en\/\",\"logo\":{\"@type\":\"ImageObject\",\"inLanguage\":\"en-US\",\"@id\":\"https:\/\/test.prueba-12.shop\/en\/#\/schema\/logo\/image\/\",\"url\":\"https:\/\/test.prueba-12.shop\/wp-content\/uploads\/2024\/03\/Logo-OLADE-WEB_Color.png\",\"contentUrl\":\"https:\/\/test.prueba-12.shop\/wp-content\/uploads\/2024\/03\/Logo-OLADE-WEB_Color.png\",\"width\":300,\"height\":132,\"caption\":\"OLADE\"},\"image\":{\"@id\":\"https:\/\/test.prueba-12.shop\/en\/#\/schema\/logo\/image\/\"},\"sameAs\":[\"https:\/\/www.facebook.com\/OLADEORG\",\"https:\/\/x.com\/OLADEORG\",\"https:\/\/www.youtube.com\/user\/oladeorg\",\"https:\/\/www.instagram.com\/oladealc\/\",\"https:\/\/www.linkedin.com\/company\/olade\/\"],\"description\":\"La Organizaci\u00f3n Latinoamericana de Energ\u00eda (OLADE) es un organismo de cooperaci\u00f3n, coordinaci\u00f3n y asesor\u00eda t\u00e9cnica, de car\u00e1cter p\u00fablico intergubernamental, constituido el 2 de noviembre de 1973 mediante la suscripci\u00f3n del Convenio de Lima, ratificado por 27 pa\u00edses de Am\u00e9rica Latina y El Caribe, con el objetivo fundamental de fomentar la integraci\u00f3n, conservaci\u00f3n, racional aprovechamiento, comercializaci\u00f3n y defensa de los recursos energ\u00e9ticos de la Regi\u00f3n.\",\"email\":\"info@test.prueba-12.shop\",\"telephone\":\"+59322598122\",\"legalName\":\"Organizaci\u00f3n Latinoamericana de Energ\u00eda\",\"foundingDate\":\"1973-11-02\",\"numberOfEmployees\":{\"@type\":\"QuantitativeValue\",\"minValue\":\"51\",\"maxValue\":\"200\"}}]}<\/script>\n<!-- \/ Yoast SEO Premium plugin. -->","yoast_head_json":{"title":"Program to Strengthen the Management and Dissemination of Energy Information for Sustainable Development in Latin America and the Caribbean - OLACDE","robots":{"index":"noindex","follow":"follow","max-snippet":"max-snippet:-1","max-image-preview":"max-image-preview:large","max-video-preview":"max-video-preview:-1"},"og_locale":"en_US","og_type":"article","og_title":"Program to Strengthen the Management and Dissemination of Energy Information for Sustainable Development in Latin America and the Caribbean","og_description":"[vc_row][vc_column][vc_row_inner][vc_column_inner width=&#8221;1\/2&#8243;][vc_column_text] Objective To strengthen the capacity of OLACDE and the countries of Latin America and the Caribbean in the management, dissemination and delivery of energy information in a reliable and complete manner for its timely dissemination. This project seeks to specifically reach existing supply and demand statistics, prices and rates, reserves, renewable resources, environmental [&hellip;]","og_url":"https:\/\/test.prueba-12.shop\/en\/program-to-strengthen-the-management-and-dissemination-of-energy-information-for-sustainable-development-in-latin-america-and-the-caribbean\/","og_site_name":"OLACDE","article_publisher":"https:\/\/www.facebook.com\/OLADEORG","og_image":[{"width":1920,"height":500,"url":"https:\/\/test.prueba-12.shop\/wp-content\/uploads\/2020\/06\/Programa-para-el-Fortalecimiento-de-la-Gesti\u00f3n-y-Difusi\u00f3n.jpg","type":"image\/jpeg"}],"twitter_card":"summary_large_image","twitter_site":"@OLADEORG","twitter_misc":{"Est. reading time":"2 minutes"},"schema":{"@context":"https:\/\/schema.org","@graph":[{"@type":"WebPage","@id":"https:\/\/test.prueba-12.shop\/en\/program-to-strengthen-the-management-and-dissemination-of-energy-information-for-sustainable-development-in-latin-america-and-the-caribbean\/","url":"https:\/\/test.prueba-12.shop\/en\/program-to-strengthen-the-management-and-dissemination-of-energy-information-for-sustainable-development-in-latin-america-and-the-caribbean\/","name":"Program to Strengthen the Management and Dissemination of Energy Information for Sustainable Development in Latin America and the Caribbean - OLACDE","isPartOf":{"@id":"https:\/\/test.prueba-12.shop\/en\/#website"},"primaryImageOfPage":{"@id":"https:\/\/test.prueba-12.shop\/en\/program-to-strengthen-the-management-and-dissemination-of-energy-information-for-sustainable-development-in-latin-america-and-the-caribbean\/#primaryimage"},"image":{"@id":"https:\/\/test.prueba-12.shop\/en\/program-to-strengthen-the-management-and-dissemination-of-energy-information-for-sustainable-development-in-latin-america-and-the-caribbean\/#primaryimage"},"thumbnailUrl":"https:\/\/test.prueba-12.shop\/wp-content\/uploads\/2020\/06\/Programa-para-el-Fortalecimiento-de-la-Gesti\u00f3n-y-Difusi\u00f3n.jpg","datePublished":"2020-06-18T13:19:33+00:00","dateModified":"2020-06-18T13:19:33+00:00","breadcrumb":{"@id":"https:\/\/test.prueba-12.shop\/en\/program-to-strengthen-the-management-and-dissemination-of-energy-information-for-sustainable-development-in-latin-america-and-the-caribbean\/#breadcrumb"},"inLanguage":"en-US","potentialAction":[{"@type":"ReadAction","target":["https:\/\/test.prueba-12.shop\/en\/program-to-strengthen-the-management-and-dissemination-of-energy-information-for-sustainable-development-in-latin-america-and-the-caribbean\/"]}]},{"@type":"ImageObject","inLanguage":"en-US","@id":"https:\/\/test.prueba-12.shop\/en\/program-to-strengthen-the-management-and-dissemination-of-energy-information-for-sustainable-development-in-latin-america-and-the-caribbean\/#primaryimage","url":"https:\/\/test.prueba-12.shop\/wp-content\/uploads\/2020\/06\/Programa-para-el-Fortalecimiento-de-la-Gesti\u00f3n-y-Difusi\u00f3n.jpg","contentUrl":"https:\/\/test.prueba-12.shop\/wp-content\/uploads\/2020\/06\/Programa-para-el-Fortalecimiento-de-la-Gesti\u00f3n-y-Difusi\u00f3n.jpg","width":1920,"height":500},{"@type":"BreadcrumbList","@id":"https:\/\/test.prueba-12.shop\/en\/program-to-strengthen-the-management-and-dissemination-of-energy-information-for-sustainable-development-in-latin-america-and-the-caribbean\/#breadcrumb","itemListElement":[{"@type":"ListItem","position":1,"name":"Home","item":"https:\/\/test.prueba-12.shop\/en\/"},{"@type":"ListItem","position":2,"name":"Program to Strengthen the Management and Dissemination of Energy Information for Sustainable Development in Latin America and the Caribbean"}]},{"@type":"WebSite","@id":"https:\/\/test.prueba-12.shop\/en\/#website","url":"https:\/\/test.prueba-12.shop\/en\/","name":"OLADE","description":"La Organizaci\u00f3n Latinoamericana y Caribe\u00f1a de Energ\u00eda","publisher":{"@id":"https:\/\/test.prueba-12.shop\/en\/#organization"},"potentialAction":[{"@type":"SearchAction","target":{"@type":"EntryPoint","urlTemplate":"https:\/\/test.prueba-12.shop\/en\/?s={search_term_string}"},"query-input":"required name=search_term_string"}],"inLanguage":"en-US"},{"@type":"Organization","@id":"https:\/\/test.prueba-12.shop\/en\/#organization","name":"OLADE","url":"https:\/\/test.prueba-12.shop\/en\/","logo":{"@type":"ImageObject","inLanguage":"en-US","@id":"https:\/\/test.prueba-12.shop\/en\/#\/schema\/logo\/image\/","url":"https:\/\/test.prueba-12.shop\/wp-content\/uploads\/2024\/03\/Logo-OLADE-WEB_Color.png","contentUrl":"https:\/\/test.prueba-12.shop\/wp-content\/uploads\/2024\/03\/Logo-OLADE-WEB_Color.png","width":300,"height":132,"caption":"OLADE"},"image":{"@id":"https:\/\/test.prueba-12.shop\/en\/#\/schema\/logo\/image\/"},"sameAs":["https:\/\/www.facebook.com\/OLADEORG","https:\/\/x.com\/OLADEORG","https:\/\/www.youtube.com\/user\/oladeorg","https:\/\/www.instagram.com\/oladealc\/","https:\/\/www.linkedin.com\/company\/olade\/"],"description":"La Organizaci\u00f3n Latinoamericana de Energ\u00eda (OLADE) es un organismo de cooperaci\u00f3n, coordinaci\u00f3n y asesor\u00eda t\u00e9cnica, de car\u00e1cter p\u00fablico intergubernamental, constituido el 2 de noviembre de 1973 mediante la suscripci\u00f3n del Convenio de Lima, ratificado por 27 pa\u00edses de Am\u00e9rica Latina y El Caribe, con el objetivo fundamental de fomentar la integraci\u00f3n, conservaci\u00f3n, racional aprovechamiento, comercializaci\u00f3n y defensa de los recursos energ\u00e9ticos de la Regi\u00f3n.","email":"info@test.prueba-12.shop","telephone":"+59322598122","legalName":"Organizaci\u00f3n Latinoamericana de Energ\u00eda","foundingDate":"1973-11-02","numberOfEmployees":{"@type":"QuantitativeValue","minValue":"51","maxValue":"200"}}]}},"_links":{"self":[{"href":"https:\/\/test.prueba-12.shop\/en\/wp-json\/wp\/v2\/pages\/12366","targetHints":{"allow":["GET"]}}],"collection":[{"href":"https:\/\/test.prueba-12.shop\/en\/wp-json\/wp\/v2\/pages"}],"about":[{"href":"https:\/\/test.prueba-12.shop\/en\/wp-json\/wp\/v2\/types\/page"}],"author":[{"embeddable":true,"href":"https:\/\/test.prueba-12.shop\/en\/wp-json\/wp\/v2\/users\/1"}],"replies":[{"embeddable":true,"href":"https:\/\/test.prueba-12.shop\/en\/wp-json\/wp\/v2\/comments?post=12366"}],"version-history":[{"count":1,"href":"https:\/\/test.prueba-12.shop\/en\/wp-json\/wp\/v2\/pages\/12366\/revisions"}],"predecessor-version":[{"id":12367,"href":"https:\/\/test.prueba-12.shop\/en\/wp-json\/wp\/v2\/pages\/12366\/revisions\/12367"}],"wp:featuredmedia":[{"embeddable":true,"href":"https:\/\/test.prueba-12.shop\/en\/wp-json\/wp\/v2\/media\/11216"}],"wp:attachment":[{"href":"https:\/\/test.prueba-12.shop\/en\/wp-json\/wp\/v2\/media?parent=12366"}],"curies":[{"name":"wp","href":"https:\/\/api.w.org\/{rel}","templated":true}]}}