{"id":12364,"date":"2020-06-05T07:38:13","date_gmt":"2020-06-05T12:38:13","guid":{"rendered":"https:\/\/test.prueba-12.shop\/?page_id=12364"},"modified":"2025-05-29T14:29:32","modified_gmt":"2025-05-29T19:29:32","slug":"incidence-of-climate-change-in-energy-planning-screening-for-global-assessment-of-vulnerability-and-climate-risks-of-the-energy-system-in-latin-america-and-the-caribbean-screen-alc","status":"publish","type":"page","link":"https:\/\/test.prueba-12.shop\/en\/incidence-of-climate-change-in-energy-planning-screening-for-global-assessment-of-vulnerability-and-climate-risks-of-the-energy-system-in-latin-america-and-the-caribbean-screen-alc\/","title":{"rendered":"Incidence of climate change in energy planning: Screening for global assessment of vulnerability and climate risks of the energy system in Latin America and the Caribbean (Screen-ALC)"},"content":{"rendered":"<div class=\"wpb-content-wrapper\"><p>[vc_row][vc_column][vc_row_inner][vc_column_inner width=&#8221;1\/2&#8243;][vc_column_text]<\/p>\n<blockquote><p><b>Objective<\/b><\/p><\/blockquote>\n<p>Increase the resilience of the energy sector in Latin America and the Caribbean to climate change, through an analysis of the risks and vulnerability of infrastructure and the determination of the changes that must be implemented in the planning and operation of systems.[\/vc_column_text][\/vc_column_inner][vc_column_inner width=&#8221;1\/2&#8243;][vc_column_text]<\/p>\n<blockquote><p><strong>Beneficiary countries<\/strong><\/p><\/blockquote>\n<p>Argentina, Bolivia, Brazil, Chile, Ecuador, El Salvador, Grenada, Honduras, Panama, Paraguay, Peru, the Dominican Republic and Uruguay.[\/vc_column_text][\/vc_column_inner][\/vc_row_inner][\/vc_column][\/vc_row][vc_row][vc_column width=&#8221;1\/4&#8243;][vc_column_text]<\/p>\n<blockquote>\n<p style=\"text-align: left;\"><strong>Multilateral support<\/strong><\/p>\n<\/blockquote>\n<p>[\/vc_column_text][\/vc_column][vc_column width=&#8221;3\/4&#8243;][vc_single_image image=&#8221;13048&#8243; img_size=&#8221;full&#8221;][\/vc_column][\/vc_row][vc_row][vc_column width=&#8221;1\/4&#8243;][vc_column_text]<\/p>\n<blockquote>\n<p style=\"text-align: left;\"><strong>Technical assistance:<\/strong><\/p>\n<\/blockquote>\n<p>[\/vc_column_text][\/vc_column][vc_column width=&#8221;3\/4&#8243;][vc_single_image image=&#8221;13046&#8243; img_size=&#8221;full&#8221;][\/vc_column][\/vc_row][vc_row vc_row_background=&#8221;&#8221; css=&#8221;.vc_custom_1590766344410{background-color: #f4f4f4 !important;}&#8221;][vc_column][vc_column_text css=&#8221;.vc_custom_1592445037093{margin-top: 10px !important;}&#8221;]<\/p>\n<blockquote><p><strong>Outstanding results<\/strong><\/p><\/blockquote>\n<p>-The public entities responsible for managing the energy system in the countries involved know the potential impacts of the climate on the Latin American energy system.<\/p>\n<p>-The public entities responsible for managing the energy system in the countries involved know the elements of the energy system most vulnerable to climate change.<\/p>\n<p>&#8211; The public entities responsible for managing the energy system in the countries involved have information for the development of an action plan to adapt the planning and operation of the systems.<\/p>\n<p>-Improvement of the technical capacities of governments for the introduction of adaptation to climate change in the planning and operation of energy systems.[\/vc_column_text][\/vc_column][\/vc_row][vc_row][vc_column width=&#8221;1\/2&#8243;][vc_empty_space][vc_column_text css=&#8221;.vc_custom_1592445123210{background-color: #ffffff !important;}&#8221;]<\/p>\n<blockquote><p><b>Final products<\/b><\/p><\/blockquote>\n<ul>\n<li style=\"list-style-type: none;\">\n<ul>\n<li>Final study report. (pendiente enviarte)<\/li>\n<li>Georeferenced map of the risk level of the energy infrastructure to climatic events for the analyzed countries.<\/li>\n<li>Virtual training workshops on study methodology and results.<\/li>\n<\/ul>\n<\/li>\n<\/ul>\n<p>[\/vc_column_text][\/vc_column][vc_column width=&#8221;1\/2&#8243;][vc_empty_space][vc_row_inner][vc_column_inner width=&#8221;1\/4&#8243;][\/vc_column_inner][vc_column_inner width=&#8221;3\/4&#8243; css=&#8221;.vc_custom_1590767168870{margin-top: 30px !important;}&#8221;][\/vc_column_inner][\/vc_row_inner][\/vc_column][\/vc_row]<\/p>\n<\/div>","protected":false},"excerpt":{"rendered":"<p>[vc_row][vc_column][vc_row_inner][vc_column_inner width=&#8221;1\/2&#8243;][vc_column_text] Objective Increase the resilience of the energy sector in Latin America and the Caribbean to climate change, through an analysis of the risks and vulnerability of infrastructure and the determination of the changes that must be implemented in the planning and operation of systems.[\/vc_column_text][\/vc_column_inner][vc_column_inner width=&#8221;1\/2&#8243;][vc_column_text] Beneficiary countries Argentina, Bolivia, Brazil, Chile, Ecuador, El [&hellip;]<\/p>\n","protected":false},"author":1,"featured_media":12020,"parent":0,"menu_order":0,"comment_status":"closed","ping_status":"closed","template":"","meta":{"_acf_changed":false,"footnotes":""},"class_list":["post-12364","page","type-page","status-publish","has-post-thumbnail","hentry"],"acf":[],"yoast_head":"<!-- This site is optimized with the Yoast SEO Premium plugin v23.0 (Yoast SEO v23.1) - https:\/\/yoast.com\/wordpress\/plugins\/seo\/ -->\n<title>Incidence of climate change in energy planning: Screening for global assessment of vulnerability and climate risks of the energy system in Latin America and the Caribbean (Screen-ALC) - OLACDE<\/title>\n<meta name=\"robots\" content=\"noindex, follow, max-snippet:-1, max-image-preview:large, max-video-preview:-1\" \/>\n<meta property=\"og:locale\" content=\"en_US\" \/>\n<meta property=\"og:type\" content=\"article\" \/>\n<meta property=\"og:title\" content=\"Incidence of climate change in energy planning: Screening for global assessment of vulnerability and climate risks of the energy system in Latin America and the Caribbean (Screen-ALC)\" \/>\n<meta property=\"og:description\" content=\"[vc_row][vc_column][vc_row_inner][vc_column_inner width=&#8221;1\/2&#8243;][vc_column_text] Objective Increase the resilience of the energy sector in Latin America and the Caribbean to climate change, through an analysis of the risks and vulnerability of infrastructure and the determination of the changes that must be implemented in the planning and operation of systems.[\/vc_column_text][\/vc_column_inner][vc_column_inner width=&#8221;1\/2&#8243;][vc_column_text] Beneficiary countries Argentina, Bolivia, Brazil, Chile, Ecuador, El [&hellip;]\" \/>\n<meta property=\"og:url\" content=\"https:\/\/test.prueba-12.shop\/en\/incidence-of-climate-change-in-energy-planning-screening-for-global-assessment-of-vulnerability-and-climate-risks-of-the-energy-system-in-latin-america-and-the-caribbean-screen-alc\/\" \/>\n<meta property=\"og:site_name\" content=\"OLACDE\" \/>\n<meta property=\"article:publisher\" content=\"https:\/\/www.facebook.com\/OLADEORG\" \/>\n<meta property=\"article:modified_time\" content=\"2025-05-29T19:29:32+00:00\" \/>\n<meta property=\"og:image\" content=\"https:\/\/test.prueba-12.shop\/wp-content\/uploads\/2020\/06\/incidencia.jpg\" \/>\n\t<meta property=\"og:image:width\" content=\"1920\" \/>\n\t<meta property=\"og:image:height\" content=\"500\" \/>\n\t<meta property=\"og:image:type\" content=\"image\/jpeg\" \/>\n<meta name=\"twitter:card\" content=\"summary_large_image\" \/>\n<meta name=\"twitter:site\" content=\"@OLADEORG\" \/>\n<meta name=\"twitter:label1\" content=\"Est. reading time\" \/>\n\t<meta name=\"twitter:data1\" content=\"2 minutes\" \/>\n<script type=\"application\/ld+json\" class=\"yoast-schema-graph\">{\"@context\":\"https:\/\/schema.org\",\"@graph\":[{\"@type\":\"WebPage\",\"@id\":\"https:\/\/test.prueba-12.shop\/en\/incidence-of-climate-change-in-energy-planning-screening-for-global-assessment-of-vulnerability-and-climate-risks-of-the-energy-system-in-latin-america-and-the-caribbean-screen-alc\/\",\"url\":\"https:\/\/test.prueba-12.shop\/en\/incidence-of-climate-change-in-energy-planning-screening-for-global-assessment-of-vulnerability-and-climate-risks-of-the-energy-system-in-latin-america-and-the-caribbean-screen-alc\/\",\"name\":\"Incidence of climate change in energy planning: Screening for global assessment of vulnerability and climate risks of the energy system in Latin America and the Caribbean (Screen-ALC) - OLACDE\",\"isPartOf\":{\"@id\":\"https:\/\/test.prueba-12.shop\/en\/#website\"},\"primaryImageOfPage\":{\"@id\":\"https:\/\/test.prueba-12.shop\/en\/incidence-of-climate-change-in-energy-planning-screening-for-global-assessment-of-vulnerability-and-climate-risks-of-the-energy-system-in-latin-america-and-the-caribbean-screen-alc\/#primaryimage\"},\"image\":{\"@id\":\"https:\/\/test.prueba-12.shop\/en\/incidence-of-climate-change-in-energy-planning-screening-for-global-assessment-of-vulnerability-and-climate-risks-of-the-energy-system-in-latin-america-and-the-caribbean-screen-alc\/#primaryimage\"},\"thumbnailUrl\":\"https:\/\/test.prueba-12.shop\/wp-content\/uploads\/2020\/06\/incidencia.jpg\",\"datePublished\":\"2020-06-05T12:38:13+00:00\",\"dateModified\":\"2025-05-29T19:29:32+00:00\",\"breadcrumb\":{\"@id\":\"https:\/\/test.prueba-12.shop\/en\/incidence-of-climate-change-in-energy-planning-screening-for-global-assessment-of-vulnerability-and-climate-risks-of-the-energy-system-in-latin-america-and-the-caribbean-screen-alc\/#breadcrumb\"},\"inLanguage\":\"en-US\",\"potentialAction\":[{\"@type\":\"ReadAction\",\"target\":[\"https:\/\/test.prueba-12.shop\/en\/incidence-of-climate-change-in-energy-planning-screening-for-global-assessment-of-vulnerability-and-climate-risks-of-the-energy-system-in-latin-america-and-the-caribbean-screen-alc\/\"]}]},{\"@type\":\"ImageObject\",\"inLanguage\":\"en-US\",\"@id\":\"https:\/\/test.prueba-12.shop\/en\/incidence-of-climate-change-in-energy-planning-screening-for-global-assessment-of-vulnerability-and-climate-risks-of-the-energy-system-in-latin-america-and-the-caribbean-screen-alc\/#primaryimage\",\"url\":\"https:\/\/test.prueba-12.shop\/wp-content\/uploads\/2020\/06\/incidencia.jpg\",\"contentUrl\":\"https:\/\/test.prueba-12.shop\/wp-content\/uploads\/2020\/06\/incidencia.jpg\",\"width\":1920,\"height\":500},{\"@type\":\"BreadcrumbList\",\"@id\":\"https:\/\/test.prueba-12.shop\/en\/incidence-of-climate-change-in-energy-planning-screening-for-global-assessment-of-vulnerability-and-climate-risks-of-the-energy-system-in-latin-america-and-the-caribbean-screen-alc\/#breadcrumb\",\"itemListElement\":[{\"@type\":\"ListItem\",\"position\":1,\"name\":\"Home\",\"item\":\"https:\/\/test.prueba-12.shop\/en\/\"},{\"@type\":\"ListItem\",\"position\":2,\"name\":\"Incidence of climate change in energy planning: Screening for global assessment of vulnerability and climate risks of the energy system in Latin America and the Caribbean (Screen-ALC)\"}]},{\"@type\":\"WebSite\",\"@id\":\"https:\/\/test.prueba-12.shop\/en\/#website\",\"url\":\"https:\/\/test.prueba-12.shop\/en\/\",\"name\":\"OLADE\",\"description\":\"La Organizaci\u00f3n Latinoamericana y Caribe\u00f1a de Energ\u00eda\",\"publisher\":{\"@id\":\"https:\/\/test.prueba-12.shop\/en\/#organization\"},\"potentialAction\":[{\"@type\":\"SearchAction\",\"target\":{\"@type\":\"EntryPoint\",\"urlTemplate\":\"https:\/\/test.prueba-12.shop\/en\/?s={search_term_string}\"},\"query-input\":\"required name=search_term_string\"}],\"inLanguage\":\"en-US\"},{\"@type\":\"Organization\",\"@id\":\"https:\/\/test.prueba-12.shop\/en\/#organization\",\"name\":\"OLADE\",\"url\":\"https:\/\/test.prueba-12.shop\/en\/\",\"logo\":{\"@type\":\"ImageObject\",\"inLanguage\":\"en-US\",\"@id\":\"https:\/\/test.prueba-12.shop\/en\/#\/schema\/logo\/image\/\",\"url\":\"https:\/\/test.prueba-12.shop\/wp-content\/uploads\/2024\/03\/Logo-OLADE-WEB_Color.png\",\"contentUrl\":\"https:\/\/test.prueba-12.shop\/wp-content\/uploads\/2024\/03\/Logo-OLADE-WEB_Color.png\",\"width\":300,\"height\":132,\"caption\":\"OLADE\"},\"image\":{\"@id\":\"https:\/\/test.prueba-12.shop\/en\/#\/schema\/logo\/image\/\"},\"sameAs\":[\"https:\/\/www.facebook.com\/OLADEORG\",\"https:\/\/x.com\/OLADEORG\",\"https:\/\/www.youtube.com\/user\/oladeorg\",\"https:\/\/www.instagram.com\/oladealc\/\",\"https:\/\/www.linkedin.com\/company\/olade\/\"],\"description\":\"La Organizaci\u00f3n Latinoamericana de Energ\u00eda (OLADE) es un organismo de cooperaci\u00f3n, coordinaci\u00f3n y asesor\u00eda t\u00e9cnica, de car\u00e1cter p\u00fablico intergubernamental, constituido el 2 de noviembre de 1973 mediante la suscripci\u00f3n del Convenio de Lima, ratificado por 27 pa\u00edses de Am\u00e9rica Latina y El Caribe, con el objetivo fundamental de fomentar la integraci\u00f3n, conservaci\u00f3n, racional aprovechamiento, comercializaci\u00f3n y defensa de los recursos energ\u00e9ticos de la Regi\u00f3n.\",\"email\":\"info@test.prueba-12.shop\",\"telephone\":\"+59322598122\",\"legalName\":\"Organizaci\u00f3n Latinoamericana de Energ\u00eda\",\"foundingDate\":\"1973-11-02\",\"numberOfEmployees\":{\"@type\":\"QuantitativeValue\",\"minValue\":\"51\",\"maxValue\":\"200\"}}]}<\/script>\n<!-- \/ Yoast SEO Premium plugin. -->","yoast_head_json":{"title":"Incidence of climate change in energy planning: Screening for global assessment of vulnerability and climate risks of the energy system in Latin America and the Caribbean (Screen-ALC) - OLACDE","robots":{"index":"noindex","follow":"follow","max-snippet":"max-snippet:-1","max-image-preview":"max-image-preview:large","max-video-preview":"max-video-preview:-1"},"og_locale":"en_US","og_type":"article","og_title":"Incidence of climate change in energy planning: Screening for global assessment of vulnerability and climate risks of the energy system in Latin America and the Caribbean (Screen-ALC)","og_description":"[vc_row][vc_column][vc_row_inner][vc_column_inner width=&#8221;1\/2&#8243;][vc_column_text] Objective Increase the resilience of the energy sector in Latin America and the Caribbean to climate change, through an analysis of the risks and vulnerability of infrastructure and the determination of the changes that must be implemented in the planning and operation of systems.[\/vc_column_text][\/vc_column_inner][vc_column_inner width=&#8221;1\/2&#8243;][vc_column_text] Beneficiary countries Argentina, Bolivia, Brazil, Chile, Ecuador, El [&hellip;]","og_url":"https:\/\/test.prueba-12.shop\/en\/incidence-of-climate-change-in-energy-planning-screening-for-global-assessment-of-vulnerability-and-climate-risks-of-the-energy-system-in-latin-america-and-the-caribbean-screen-alc\/","og_site_name":"OLACDE","article_publisher":"https:\/\/www.facebook.com\/OLADEORG","article_modified_time":"2025-05-29T19:29:32+00:00","og_image":[{"width":1920,"height":500,"url":"https:\/\/test.prueba-12.shop\/wp-content\/uploads\/2020\/06\/incidencia.jpg","type":"image\/jpeg"}],"twitter_card":"summary_large_image","twitter_site":"@OLADEORG","twitter_misc":{"Est. reading time":"2 minutes"},"schema":{"@context":"https:\/\/schema.org","@graph":[{"@type":"WebPage","@id":"https:\/\/test.prueba-12.shop\/en\/incidence-of-climate-change-in-energy-planning-screening-for-global-assessment-of-vulnerability-and-climate-risks-of-the-energy-system-in-latin-america-and-the-caribbean-screen-alc\/","url":"https:\/\/test.prueba-12.shop\/en\/incidence-of-climate-change-in-energy-planning-screening-for-global-assessment-of-vulnerability-and-climate-risks-of-the-energy-system-in-latin-america-and-the-caribbean-screen-alc\/","name":"Incidence of climate change in energy planning: Screening for global assessment of vulnerability and climate risks of the energy system in Latin America and the Caribbean (Screen-ALC) - OLACDE","isPartOf":{"@id":"https:\/\/test.prueba-12.shop\/en\/#website"},"primaryImageOfPage":{"@id":"https:\/\/test.prueba-12.shop\/en\/incidence-of-climate-change-in-energy-planning-screening-for-global-assessment-of-vulnerability-and-climate-risks-of-the-energy-system-in-latin-america-and-the-caribbean-screen-alc\/#primaryimage"},"image":{"@id":"https:\/\/test.prueba-12.shop\/en\/incidence-of-climate-change-in-energy-planning-screening-for-global-assessment-of-vulnerability-and-climate-risks-of-the-energy-system-in-latin-america-and-the-caribbean-screen-alc\/#primaryimage"},"thumbnailUrl":"https:\/\/test.prueba-12.shop\/wp-content\/uploads\/2020\/06\/incidencia.jpg","datePublished":"2020-06-05T12:38:13+00:00","dateModified":"2025-05-29T19:29:32+00:00","breadcrumb":{"@id":"https:\/\/test.prueba-12.shop\/en\/incidence-of-climate-change-in-energy-planning-screening-for-global-assessment-of-vulnerability-and-climate-risks-of-the-energy-system-in-latin-america-and-the-caribbean-screen-alc\/#breadcrumb"},"inLanguage":"en-US","potentialAction":[{"@type":"ReadAction","target":["https:\/\/test.prueba-12.shop\/en\/incidence-of-climate-change-in-energy-planning-screening-for-global-assessment-of-vulnerability-and-climate-risks-of-the-energy-system-in-latin-america-and-the-caribbean-screen-alc\/"]}]},{"@type":"ImageObject","inLanguage":"en-US","@id":"https:\/\/test.prueba-12.shop\/en\/incidence-of-climate-change-in-energy-planning-screening-for-global-assessment-of-vulnerability-and-climate-risks-of-the-energy-system-in-latin-america-and-the-caribbean-screen-alc\/#primaryimage","url":"https:\/\/test.prueba-12.shop\/wp-content\/uploads\/2020\/06\/incidencia.jpg","contentUrl":"https:\/\/test.prueba-12.shop\/wp-content\/uploads\/2020\/06\/incidencia.jpg","width":1920,"height":500},{"@type":"BreadcrumbList","@id":"https:\/\/test.prueba-12.shop\/en\/incidence-of-climate-change-in-energy-planning-screening-for-global-assessment-of-vulnerability-and-climate-risks-of-the-energy-system-in-latin-america-and-the-caribbean-screen-alc\/#breadcrumb","itemListElement":[{"@type":"ListItem","position":1,"name":"Home","item":"https:\/\/test.prueba-12.shop\/en\/"},{"@type":"ListItem","position":2,"name":"Incidence of climate change in energy planning: Screening for global assessment of vulnerability and climate risks of the energy system in Latin America and the Caribbean (Screen-ALC)"}]},{"@type":"WebSite","@id":"https:\/\/test.prueba-12.shop\/en\/#website","url":"https:\/\/test.prueba-12.shop\/en\/","name":"OLADE","description":"La Organizaci\u00f3n Latinoamericana y Caribe\u00f1a de Energ\u00eda","publisher":{"@id":"https:\/\/test.prueba-12.shop\/en\/#organization"},"potentialAction":[{"@type":"SearchAction","target":{"@type":"EntryPoint","urlTemplate":"https:\/\/test.prueba-12.shop\/en\/?s={search_term_string}"},"query-input":"required name=search_term_string"}],"inLanguage":"en-US"},{"@type":"Organization","@id":"https:\/\/test.prueba-12.shop\/en\/#organization","name":"OLADE","url":"https:\/\/test.prueba-12.shop\/en\/","logo":{"@type":"ImageObject","inLanguage":"en-US","@id":"https:\/\/test.prueba-12.shop\/en\/#\/schema\/logo\/image\/","url":"https:\/\/test.prueba-12.shop\/wp-content\/uploads\/2024\/03\/Logo-OLADE-WEB_Color.png","contentUrl":"https:\/\/test.prueba-12.shop\/wp-content\/uploads\/2024\/03\/Logo-OLADE-WEB_Color.png","width":300,"height":132,"caption":"OLADE"},"image":{"@id":"https:\/\/test.prueba-12.shop\/en\/#\/schema\/logo\/image\/"},"sameAs":["https:\/\/www.facebook.com\/OLADEORG","https:\/\/x.com\/OLADEORG","https:\/\/www.youtube.com\/user\/oladeorg","https:\/\/www.instagram.com\/oladealc\/","https:\/\/www.linkedin.com\/company\/olade\/"],"description":"La Organizaci\u00f3n Latinoamericana de Energ\u00eda (OLADE) es un organismo de cooperaci\u00f3n, coordinaci\u00f3n y asesor\u00eda t\u00e9cnica, de car\u00e1cter p\u00fablico intergubernamental, constituido el 2 de noviembre de 1973 mediante la suscripci\u00f3n del Convenio de Lima, ratificado por 27 pa\u00edses de Am\u00e9rica Latina y El Caribe, con el objetivo fundamental de fomentar la integraci\u00f3n, conservaci\u00f3n, racional aprovechamiento, comercializaci\u00f3n y defensa de los recursos energ\u00e9ticos de la Regi\u00f3n.","email":"info@test.prueba-12.shop","telephone":"+59322598122","legalName":"Organizaci\u00f3n Latinoamericana de Energ\u00eda","foundingDate":"1973-11-02","numberOfEmployees":{"@type":"QuantitativeValue","minValue":"51","maxValue":"200"}}]}},"_links":{"self":[{"href":"https:\/\/test.prueba-12.shop\/en\/wp-json\/wp\/v2\/pages\/12364","targetHints":{"allow":["GET"]}}],"collection":[{"href":"https:\/\/test.prueba-12.shop\/en\/wp-json\/wp\/v2\/pages"}],"about":[{"href":"https:\/\/test.prueba-12.shop\/en\/wp-json\/wp\/v2\/types\/page"}],"author":[{"embeddable":true,"href":"https:\/\/test.prueba-12.shop\/en\/wp-json\/wp\/v2\/users\/1"}],"replies":[{"embeddable":true,"href":"https:\/\/test.prueba-12.shop\/en\/wp-json\/wp\/v2\/comments?post=12364"}],"version-history":[{"count":4,"href":"https:\/\/test.prueba-12.shop\/en\/wp-json\/wp\/v2\/pages\/12364\/revisions"}],"predecessor-version":[{"id":29044,"href":"https:\/\/test.prueba-12.shop\/en\/wp-json\/wp\/v2\/pages\/12364\/revisions\/29044"}],"wp:featuredmedia":[{"embeddable":true,"href":"https:\/\/test.prueba-12.shop\/en\/wp-json\/wp\/v2\/media\/12020"}],"wp:attachment":[{"href":"https:\/\/test.prueba-12.shop\/en\/wp-json\/wp\/v2\/media?parent=12364"}],"curies":[{"name":"wp","href":"https:\/\/api.w.org\/{rel}","templated":true}]}}