{"id":12353,"date":"2020-05-15T14:23:25","date_gmt":"2020-05-15T19:23:25","guid":{"rendered":"https:\/\/test.prueba-12.shop\/?page_id=12353"},"modified":"2025-05-29T14:23:42","modified_gmt":"2025-05-29T19:23:42","slug":"vulnerability-to-climate-change-and-adaptation-measures-of-the-hydroelectric-systems-of-the-andean-countries","status":"publish","type":"page","link":"https:\/\/test.prueba-12.shop\/en\/vulnerability-to-climate-change-and-adaptation-measures-of-the-hydroelectric-systems-of-the-andean-countries\/","title":{"rendered":"Vulnerability to climate change and adaptation measures of the hydroelectric systems of the Andean countries."},"content":{"rendered":"<div class=\"wpb-content-wrapper\"><p>[vc_row][vc_column][vc_row_inner][vc_column_inner width=&#8221;1\/2&#8243;][vc_column_text]<\/p>\n<blockquote><p><b>Objective<\/b><\/p><\/blockquote>\n<p>To evaluate the repercussions of climate change on hydroelectric generation in the countries of the Andean subregion (Bolivia, Colombia, Ecuador, Peru and Venezuela) and the suitability of implementing some measures to adapt to this phenomenon.[\/vc_column_text][\/vc_column_inner][vc_column_inner width=&#8221;1\/2&#8243;][vc_column_text]<\/p>\n<blockquote><p><strong>Beneficiary countries<\/strong><\/p><\/blockquote>\n<p>Bolivia, Colombia, Ecuador, Per\u00fa y Venezuela.[\/vc_column_text][\/vc_column_inner][\/vc_row_inner][\/vc_column][\/vc_row][vc_row][vc_column width=&#8221;1\/4&#8243;][vc_column_text]<\/p>\n<blockquote>\n<p style=\"text-align: left;\"><strong>Multilateral support<\/strong><\/p>\n<\/blockquote>\n<p>[\/vc_column_text][vc_column_text]<\/p>\n<blockquote>\n<p style=\"text-align: left;\"><strong>Asistencia T\u00e9cnica<\/strong><\/p>\n<\/blockquote>\n<p>[\/vc_column_text][\/vc_column][vc_column width=&#8221;3\/4&#8243;][vc_single_image image=&#8221;13143&#8243; img_size=&#8221;full&#8221;][vc_single_image image=&#8221;13148&#8243; img_size=&#8221;full&#8221;][\/vc_column][\/vc_row][vc_row vc_row_background=&#8221;&#8221; css=&#8221;.vc_custom_1590766344410{background-color: #f4f4f4 !important;}&#8221;][vc_column width=&#8221;1\/2&#8243;][vc_column_text css=&#8221;.vc_custom_1592442223733{margin-top: 10px !important;}&#8221;]<\/p>\n<blockquote><p><strong>Outstanding results<\/strong><\/p><\/blockquote>\n<p>&#8211; In large areas of the Andean region, an increase in average precipitation is expected, which will alter hydroelectric production.<\/p>\n<p>&#8211; In the easternmost part of the region, there would be reductions in rainfall, and therefore in hydroelectric potential.<\/p>\n<p>&#8211; In some areas of the region (Eg: basin studied in Peru) climate change exacerbates seasonality, with higher rainfall in the wet season and less in the dry season, causing longer periods of drought.[\/vc_column_text][\/vc_column][vc_column width=&#8221;1\/2&#8243;][vc_video link=&#8221;https:\/\/vimeo.com\/373172621?ref=tw-share&#8221; css=&#8221;.vc_custom_1590766122852{margin-top: 20px !important;}&#8221;][\/vc_column][\/vc_row][vc_row vc_row_background=&#8221;&#8221; css=&#8221;.vc_custom_1590766387622{background-color: #f4f4f4 !important;}&#8221;][vc_column][vc_column_text]- The intensity and frequency of extreme events such as floods and droughts will be increased. It also foresees a greater impact of climate change on plants that do not have seasonal storage capacity.<\/p>\n<p>&#8211; Generalized increase in temperature throughout the region, although more moderate in coastal areas.<\/p>\n<p>&#8211; Climatic variations in precipitation and temperature are more intense in the RCP 8.5 scenario than in RCP 4.5.<\/p>\n<p>&#8211; Generally speaking, there is a greater long-term opportunity for hydroelectricity in the region.<\/p>\n<p>&#8211; CC can also affect the rate of silt clogging in reservoirs and the wear of elements such as turbines.<\/p>\n<p>&#8211; The greater hydroelectric potential due to the CC and the hydrological complementarity between the different basins, could facilitate the export of renewable energy from surplus regions in wet periods.<\/p>\n<p>&#8211; Simulated adaptation measures in the pilot basins (reforestations, terraces, agroforestry, etc.) show a reduced effect on electricity generation, but significant for the control of basin erosion.[\/vc_column_text][\/vc_column][\/vc_row][vc_row][vc_column width=&#8221;1\/2&#8243;][vc_empty_space][vc_column_text css=&#8221;.vc_custom_1592442330578{background-color: #ffffff !important;}&#8221;]<\/p>\n<blockquote><p><b>Final products<\/b><\/p><\/blockquote>\n<ul>\n<li>Technical Note: <a href=\"http:\/\/biblioteca.OLACDE.org\/opac-tmpl\/Documentos\/old0432.pdf\">http:\/\/biblioteca.OLACDE.org\/opac-tmpl\/Documentos\/old0432.pdf\u00a0<\/a><\/li>\n<li>&#8211; Training workshop on replicable methodology, held in Bogot\u00e1 and Caracas. A total of 18 trained energy sector specialists from the 5 countries involved: Bolivia, Colombia, Ecuador, Peru and Venezuela.<\/li>\n<\/ul>\n<p>[\/vc_column_text][\/vc_column][vc_column width=&#8221;1\/2&#8243;][vc_empty_space][vc_row_inner][vc_column_inner width=&#8221;1\/4&#8243;][vc_column_text css=&#8221;.vc_custom_1592442346966{margin-top: 30px !important;}&#8221;]<\/p>\n<ul>\n<li>Leaflet<\/li>\n<\/ul>\n<p>[\/vc_column_text][\/vc_column_inner][vc_column_inner width=&#8221;3\/4&#8243; css=&#8221;.vc_custom_1590767168870{margin-top: 30px !important;}&#8221;][vc_btn title=&#8221;Download PDF&#8221; style=&#8221;outline&#8221; color=&#8221;green&#8221; size=&#8221;xs&#8221; css=&#8221;&#8221; link=&#8221;url:http%3A%2F%2Fwww.OLACDE.org%2Fwp-content%2Fuploads%2F2020%2F05%2Ftriptico.jpg|target:_blank&#8221;][\/vc_column_inner][\/vc_row_inner][vc_single_image image=&#8221;11178&#8243; img_size=&#8221;full&#8221;][\/vc_column][\/vc_row]<\/p>\n<\/div>","protected":false},"excerpt":{"rendered":"<p>[vc_row][vc_column][vc_row_inner][vc_column_inner width=&#8221;1\/2&#8243;][vc_column_text] Objective To evaluate the repercussions of climate change on hydroelectric generation in the countries of the Andean subregion (Bolivia, Colombia, Ecuador, Peru and Venezuela) and the suitability of implementing some measures to adapt to this phenomenon.[\/vc_column_text][\/vc_column_inner][vc_column_inner width=&#8221;1\/2&#8243;][vc_column_text] Beneficiary countries Bolivia, Colombia, Ecuador, Per\u00fa y Venezuela.[\/vc_column_text][\/vc_column_inner][\/vc_row_inner][\/vc_column][\/vc_row][vc_row][vc_column width=&#8221;1\/4&#8243;][vc_column_text] Multilateral support [\/vc_column_text][vc_column_text] Asistencia T\u00e9cnica [\/vc_column_text][\/vc_column][vc_column width=&#8221;3\/4&#8243;][vc_single_image [&hellip;]<\/p>\n","protected":false},"author":1,"featured_media":16390,"parent":0,"menu_order":0,"comment_status":"closed","ping_status":"closed","template":"","meta":{"_acf_changed":false,"footnotes":""},"class_list":["post-12353","page","type-page","status-publish","has-post-thumbnail","hentry"],"acf":[],"yoast_head":"<!-- This site is optimized with the Yoast SEO Premium plugin v23.0 (Yoast SEO v23.1) - https:\/\/yoast.com\/wordpress\/plugins\/seo\/ -->\n<title>Vulnerability to climate change and adaptation measures of the hydroelectric systems of the Andean countries. - OLACDE<\/title>\n<meta name=\"robots\" content=\"noindex, follow, max-snippet:-1, max-image-preview:large, max-video-preview:-1\" \/>\n<meta property=\"og:locale\" content=\"en_US\" \/>\n<meta property=\"og:type\" content=\"article\" \/>\n<meta property=\"og:title\" content=\"Vulnerability to climate change and adaptation measures of the hydroelectric systems of the Andean countries.\" \/>\n<meta property=\"og:description\" content=\"[vc_row][vc_column][vc_row_inner][vc_column_inner width=&#8221;1\/2&#8243;][vc_column_text] Objective To evaluate the repercussions of climate change on hydroelectric generation in the countries of the Andean subregion (Bolivia, Colombia, Ecuador, Peru and Venezuela) and the suitability of implementing some measures to adapt to this phenomenon.[\/vc_column_text][\/vc_column_inner][vc_column_inner width=&#8221;1\/2&#8243;][vc_column_text] Beneficiary countries Bolivia, Colombia, Ecuador, Per\u00fa y Venezuela.[\/vc_column_text][\/vc_column_inner][\/vc_row_inner][\/vc_column][\/vc_row][vc_row][vc_column width=&#8221;1\/4&#8243;][vc_column_text] Multilateral support [\/vc_column_text][vc_column_text] Asistencia T\u00e9cnica [\/vc_column_text][\/vc_column][vc_column width=&#8221;3\/4&#8243;][vc_single_image [&hellip;]\" \/>\n<meta property=\"og:url\" content=\"https:\/\/test.prueba-12.shop\/en\/vulnerability-to-climate-change-and-adaptation-measures-of-the-hydroelectric-systems-of-the-andean-countries\/\" \/>\n<meta property=\"og:site_name\" content=\"OLACDE\" \/>\n<meta property=\"article:publisher\" content=\"https:\/\/www.facebook.com\/OLADEORG\" \/>\n<meta property=\"article:modified_time\" content=\"2025-05-29T19:23:42+00:00\" \/>\n<meta property=\"og:image\" content=\"https:\/\/test.prueba-12.shop\/wp-content\/uploads\/2020\/05\/logo__Olade_PNG-1.png\" \/>\n\t<meta property=\"og:image:width\" content=\"315\" \/>\n\t<meta property=\"og:image:height\" content=\"400\" \/>\n\t<meta property=\"og:image:type\" content=\"image\/png\" \/>\n<meta name=\"twitter:card\" content=\"summary_large_image\" \/>\n<meta name=\"twitter:site\" content=\"@OLADEORG\" \/>\n<meta name=\"twitter:label1\" content=\"Est. reading time\" \/>\n\t<meta name=\"twitter:data1\" content=\"2 minutes\" \/>\n<script type=\"application\/ld+json\" class=\"yoast-schema-graph\">{\"@context\":\"https:\/\/schema.org\",\"@graph\":[{\"@type\":\"WebPage\",\"@id\":\"https:\/\/test.prueba-12.shop\/en\/vulnerability-to-climate-change-and-adaptation-measures-of-the-hydroelectric-systems-of-the-andean-countries\/\",\"url\":\"https:\/\/test.prueba-12.shop\/en\/vulnerability-to-climate-change-and-adaptation-measures-of-the-hydroelectric-systems-of-the-andean-countries\/\",\"name\":\"Vulnerability to climate change and adaptation measures of the hydroelectric systems of the Andean countries. - OLACDE\",\"isPartOf\":{\"@id\":\"https:\/\/test.prueba-12.shop\/en\/#website\"},\"primaryImageOfPage\":{\"@id\":\"https:\/\/test.prueba-12.shop\/en\/vulnerability-to-climate-change-and-adaptation-measures-of-the-hydroelectric-systems-of-the-andean-countries\/#primaryimage\"},\"image\":{\"@id\":\"https:\/\/test.prueba-12.shop\/en\/vulnerability-to-climate-change-and-adaptation-measures-of-the-hydroelectric-systems-of-the-andean-countries\/#primaryimage\"},\"thumbnailUrl\":\"https:\/\/test.prueba-12.shop\/wp-content\/uploads\/2020\/05\/logo__Olade_PNG-1.png\",\"datePublished\":\"2020-05-15T19:23:25+00:00\",\"dateModified\":\"2025-05-29T19:23:42+00:00\",\"breadcrumb\":{\"@id\":\"https:\/\/test.prueba-12.shop\/en\/vulnerability-to-climate-change-and-adaptation-measures-of-the-hydroelectric-systems-of-the-andean-countries\/#breadcrumb\"},\"inLanguage\":\"en-US\",\"potentialAction\":[{\"@type\":\"ReadAction\",\"target\":[\"https:\/\/test.prueba-12.shop\/en\/vulnerability-to-climate-change-and-adaptation-measures-of-the-hydroelectric-systems-of-the-andean-countries\/\"]}]},{\"@type\":\"ImageObject\",\"inLanguage\":\"en-US\",\"@id\":\"https:\/\/test.prueba-12.shop\/en\/vulnerability-to-climate-change-and-adaptation-measures-of-the-hydroelectric-systems-of-the-andean-countries\/#primaryimage\",\"url\":\"https:\/\/test.prueba-12.shop\/wp-content\/uploads\/2020\/05\/logo__Olade_PNG-1.png\",\"contentUrl\":\"https:\/\/test.prueba-12.shop\/wp-content\/uploads\/2020\/05\/logo__Olade_PNG-1.png\",\"width\":315,\"height\":400},{\"@type\":\"BreadcrumbList\",\"@id\":\"https:\/\/test.prueba-12.shop\/en\/vulnerability-to-climate-change-and-adaptation-measures-of-the-hydroelectric-systems-of-the-andean-countries\/#breadcrumb\",\"itemListElement\":[{\"@type\":\"ListItem\",\"position\":1,\"name\":\"Home\",\"item\":\"https:\/\/test.prueba-12.shop\/en\/\"},{\"@type\":\"ListItem\",\"position\":2,\"name\":\"Vulnerability to climate change and adaptation measures of the hydroelectric systems of the Andean countries.\"}]},{\"@type\":\"WebSite\",\"@id\":\"https:\/\/test.prueba-12.shop\/en\/#website\",\"url\":\"https:\/\/test.prueba-12.shop\/en\/\",\"name\":\"OLADE\",\"description\":\"La Organizaci\u00f3n Latinoamericana y Caribe\u00f1a de Energ\u00eda\",\"publisher\":{\"@id\":\"https:\/\/test.prueba-12.shop\/en\/#organization\"},\"potentialAction\":[{\"@type\":\"SearchAction\",\"target\":{\"@type\":\"EntryPoint\",\"urlTemplate\":\"https:\/\/test.prueba-12.shop\/en\/?s={search_term_string}\"},\"query-input\":\"required name=search_term_string\"}],\"inLanguage\":\"en-US\"},{\"@type\":\"Organization\",\"@id\":\"https:\/\/test.prueba-12.shop\/en\/#organization\",\"name\":\"OLADE\",\"url\":\"https:\/\/test.prueba-12.shop\/en\/\",\"logo\":{\"@type\":\"ImageObject\",\"inLanguage\":\"en-US\",\"@id\":\"https:\/\/test.prueba-12.shop\/en\/#\/schema\/logo\/image\/\",\"url\":\"https:\/\/test.prueba-12.shop\/wp-content\/uploads\/2024\/03\/Logo-OLADE-WEB_Color.png\",\"contentUrl\":\"https:\/\/test.prueba-12.shop\/wp-content\/uploads\/2024\/03\/Logo-OLADE-WEB_Color.png\",\"width\":300,\"height\":132,\"caption\":\"OLADE\"},\"image\":{\"@id\":\"https:\/\/test.prueba-12.shop\/en\/#\/schema\/logo\/image\/\"},\"sameAs\":[\"https:\/\/www.facebook.com\/OLADEORG\",\"https:\/\/x.com\/OLADEORG\",\"https:\/\/www.youtube.com\/user\/oladeorg\",\"https:\/\/www.instagram.com\/oladealc\/\",\"https:\/\/www.linkedin.com\/company\/olade\/\"],\"description\":\"La Organizaci\u00f3n Latinoamericana de Energ\u00eda (OLADE) es un organismo de cooperaci\u00f3n, coordinaci\u00f3n y asesor\u00eda t\u00e9cnica, de car\u00e1cter p\u00fablico intergubernamental, constituido el 2 de noviembre de 1973 mediante la suscripci\u00f3n del Convenio de Lima, ratificado por 27 pa\u00edses de Am\u00e9rica Latina y El Caribe, con el objetivo fundamental de fomentar la integraci\u00f3n, conservaci\u00f3n, racional aprovechamiento, comercializaci\u00f3n y defensa de los recursos energ\u00e9ticos de la Regi\u00f3n.\",\"email\":\"info@test.prueba-12.shop\",\"telephone\":\"+59322598122\",\"legalName\":\"Organizaci\u00f3n Latinoamericana de Energ\u00eda\",\"foundingDate\":\"1973-11-02\",\"numberOfEmployees\":{\"@type\":\"QuantitativeValue\",\"minValue\":\"51\",\"maxValue\":\"200\"}}]}<\/script>\n<!-- \/ Yoast SEO Premium plugin. -->","yoast_head_json":{"title":"Vulnerability to climate change and adaptation measures of the hydroelectric systems of the Andean countries. - OLACDE","robots":{"index":"noindex","follow":"follow","max-snippet":"max-snippet:-1","max-image-preview":"max-image-preview:large","max-video-preview":"max-video-preview:-1"},"og_locale":"en_US","og_type":"article","og_title":"Vulnerability to climate change and adaptation measures of the hydroelectric systems of the Andean countries.","og_description":"[vc_row][vc_column][vc_row_inner][vc_column_inner width=&#8221;1\/2&#8243;][vc_column_text] Objective To evaluate the repercussions of climate change on hydroelectric generation in the countries of the Andean subregion (Bolivia, Colombia, Ecuador, Peru and Venezuela) and the suitability of implementing some measures to adapt to this phenomenon.[\/vc_column_text][\/vc_column_inner][vc_column_inner width=&#8221;1\/2&#8243;][vc_column_text] Beneficiary countries Bolivia, Colombia, Ecuador, Per\u00fa y Venezuela.[\/vc_column_text][\/vc_column_inner][\/vc_row_inner][\/vc_column][\/vc_row][vc_row][vc_column width=&#8221;1\/4&#8243;][vc_column_text] Multilateral support [\/vc_column_text][vc_column_text] Asistencia T\u00e9cnica [\/vc_column_text][\/vc_column][vc_column width=&#8221;3\/4&#8243;][vc_single_image [&hellip;]","og_url":"https:\/\/test.prueba-12.shop\/en\/vulnerability-to-climate-change-and-adaptation-measures-of-the-hydroelectric-systems-of-the-andean-countries\/","og_site_name":"OLACDE","article_publisher":"https:\/\/www.facebook.com\/OLADEORG","article_modified_time":"2025-05-29T19:23:42+00:00","og_image":[{"width":315,"height":400,"url":"https:\/\/test.prueba-12.shop\/wp-content\/uploads\/2020\/05\/logo__Olade_PNG-1.png","type":"image\/png"}],"twitter_card":"summary_large_image","twitter_site":"@OLADEORG","twitter_misc":{"Est. reading time":"2 minutes"},"schema":{"@context":"https:\/\/schema.org","@graph":[{"@type":"WebPage","@id":"https:\/\/test.prueba-12.shop\/en\/vulnerability-to-climate-change-and-adaptation-measures-of-the-hydroelectric-systems-of-the-andean-countries\/","url":"https:\/\/test.prueba-12.shop\/en\/vulnerability-to-climate-change-and-adaptation-measures-of-the-hydroelectric-systems-of-the-andean-countries\/","name":"Vulnerability to climate change and adaptation measures of the hydroelectric systems of the Andean countries. - OLACDE","isPartOf":{"@id":"https:\/\/test.prueba-12.shop\/en\/#website"},"primaryImageOfPage":{"@id":"https:\/\/test.prueba-12.shop\/en\/vulnerability-to-climate-change-and-adaptation-measures-of-the-hydroelectric-systems-of-the-andean-countries\/#primaryimage"},"image":{"@id":"https:\/\/test.prueba-12.shop\/en\/vulnerability-to-climate-change-and-adaptation-measures-of-the-hydroelectric-systems-of-the-andean-countries\/#primaryimage"},"thumbnailUrl":"https:\/\/test.prueba-12.shop\/wp-content\/uploads\/2020\/05\/logo__Olade_PNG-1.png","datePublished":"2020-05-15T19:23:25+00:00","dateModified":"2025-05-29T19:23:42+00:00","breadcrumb":{"@id":"https:\/\/test.prueba-12.shop\/en\/vulnerability-to-climate-change-and-adaptation-measures-of-the-hydroelectric-systems-of-the-andean-countries\/#breadcrumb"},"inLanguage":"en-US","potentialAction":[{"@type":"ReadAction","target":["https:\/\/test.prueba-12.shop\/en\/vulnerability-to-climate-change-and-adaptation-measures-of-the-hydroelectric-systems-of-the-andean-countries\/"]}]},{"@type":"ImageObject","inLanguage":"en-US","@id":"https:\/\/test.prueba-12.shop\/en\/vulnerability-to-climate-change-and-adaptation-measures-of-the-hydroelectric-systems-of-the-andean-countries\/#primaryimage","url":"https:\/\/test.prueba-12.shop\/wp-content\/uploads\/2020\/05\/logo__Olade_PNG-1.png","contentUrl":"https:\/\/test.prueba-12.shop\/wp-content\/uploads\/2020\/05\/logo__Olade_PNG-1.png","width":315,"height":400},{"@type":"BreadcrumbList","@id":"https:\/\/test.prueba-12.shop\/en\/vulnerability-to-climate-change-and-adaptation-measures-of-the-hydroelectric-systems-of-the-andean-countries\/#breadcrumb","itemListElement":[{"@type":"ListItem","position":1,"name":"Home","item":"https:\/\/test.prueba-12.shop\/en\/"},{"@type":"ListItem","position":2,"name":"Vulnerability to climate change and adaptation measures of the hydroelectric systems of the Andean countries."}]},{"@type":"WebSite","@id":"https:\/\/test.prueba-12.shop\/en\/#website","url":"https:\/\/test.prueba-12.shop\/en\/","name":"OLADE","description":"La Organizaci\u00f3n Latinoamericana y Caribe\u00f1a de Energ\u00eda","publisher":{"@id":"https:\/\/test.prueba-12.shop\/en\/#organization"},"potentialAction":[{"@type":"SearchAction","target":{"@type":"EntryPoint","urlTemplate":"https:\/\/test.prueba-12.shop\/en\/?s={search_term_string}"},"query-input":"required name=search_term_string"}],"inLanguage":"en-US"},{"@type":"Organization","@id":"https:\/\/test.prueba-12.shop\/en\/#organization","name":"OLADE","url":"https:\/\/test.prueba-12.shop\/en\/","logo":{"@type":"ImageObject","inLanguage":"en-US","@id":"https:\/\/test.prueba-12.shop\/en\/#\/schema\/logo\/image\/","url":"https:\/\/test.prueba-12.shop\/wp-content\/uploads\/2024\/03\/Logo-OLADE-WEB_Color.png","contentUrl":"https:\/\/test.prueba-12.shop\/wp-content\/uploads\/2024\/03\/Logo-OLADE-WEB_Color.png","width":300,"height":132,"caption":"OLADE"},"image":{"@id":"https:\/\/test.prueba-12.shop\/en\/#\/schema\/logo\/image\/"},"sameAs":["https:\/\/www.facebook.com\/OLADEORG","https:\/\/x.com\/OLADEORG","https:\/\/www.youtube.com\/user\/oladeorg","https:\/\/www.instagram.com\/oladealc\/","https:\/\/www.linkedin.com\/company\/olade\/"],"description":"La Organizaci\u00f3n Latinoamericana de Energ\u00eda (OLADE) es un organismo de cooperaci\u00f3n, coordinaci\u00f3n y asesor\u00eda t\u00e9cnica, de car\u00e1cter p\u00fablico intergubernamental, constituido el 2 de noviembre de 1973 mediante la suscripci\u00f3n del Convenio de Lima, ratificado por 27 pa\u00edses de Am\u00e9rica Latina y El Caribe, con el objetivo fundamental de fomentar la integraci\u00f3n, conservaci\u00f3n, racional aprovechamiento, comercializaci\u00f3n y defensa de los recursos energ\u00e9ticos de la Regi\u00f3n.","email":"info@test.prueba-12.shop","telephone":"+59322598122","legalName":"Organizaci\u00f3n Latinoamericana de Energ\u00eda","foundingDate":"1973-11-02","numberOfEmployees":{"@type":"QuantitativeValue","minValue":"51","maxValue":"200"}}]}},"_links":{"self":[{"href":"https:\/\/test.prueba-12.shop\/en\/wp-json\/wp\/v2\/pages\/12353","targetHints":{"allow":["GET"]}}],"collection":[{"href":"https:\/\/test.prueba-12.shop\/en\/wp-json\/wp\/v2\/pages"}],"about":[{"href":"https:\/\/test.prueba-12.shop\/en\/wp-json\/wp\/v2\/types\/page"}],"author":[{"embeddable":true,"href":"https:\/\/test.prueba-12.shop\/en\/wp-json\/wp\/v2\/users\/1"}],"replies":[{"embeddable":true,"href":"https:\/\/test.prueba-12.shop\/en\/wp-json\/wp\/v2\/comments?post=12353"}],"version-history":[{"count":7,"href":"https:\/\/test.prueba-12.shop\/en\/wp-json\/wp\/v2\/pages\/12353\/revisions"}],"predecessor-version":[{"id":29042,"href":"https:\/\/test.prueba-12.shop\/en\/wp-json\/wp\/v2\/pages\/12353\/revisions\/29042"}],"wp:featuredmedia":[{"embeddable":true,"href":"https:\/\/test.prueba-12.shop\/en\/wp-json\/wp\/v2\/media\/16390"}],"wp:attachment":[{"href":"https:\/\/test.prueba-12.shop\/en\/wp-json\/wp\/v2\/media?parent=12353"}],"curies":[{"name":"wp","href":"https:\/\/api.w.org\/{rel}","templated":true}]}}